{"id":207779,"date":"2025-07-31T16:49:20","date_gmt":"2025-07-31T14:49:20","guid":{"rendered":"https:\/\/shop.growdesign.dk\/item\/hjulsaet-i-trae-castor-plate-in-wood-5\/"},"modified":"2026-04-17T20:54:53","modified_gmt":"2026-04-17T18:54:53","slug":"hjulsaet-i-trae-castor-plate-in-wood-5","status":"publish","type":"product","link":"http:\/\/shop.growdesign.dk\/da\/item\/hjulsaet-i-trae-castor-plate-in-wood-5\/","title":{"rendered":"Hjuls\u00e6t I Tr\u00e6\/Castor Plate In Wood"},"content":{"rendered":"<p>hjuls\u00e6t i h\u00e5rdtr\u00e6<\/p>\n","protected":false},"excerpt":{"rendered":"<p>hjuls\u00e6t i h\u00e5rdtr\u00e6<\/p>\n","protected":false},"featured_media":423277,"template":"","meta":{"_acf_changed":false},"product_brand":[],"product_cat":[807],"product_tag":[],"class_list":{"0":"post-207779","1":"product","2":"type-product","3":"status-publish","4":"has-post-thumbnail","6":"product_cat-hjulsaet-og-foedder","8":"first","9":"instock","10":"taxable","11":"shipping-taxable","12":"product-type-simple"},"acf":{"medarbejder":[34312],"shipping_info":"","delivery_info":"11","backorder_qty":"","backorder_date":null},"_links":{"self":[{"href":"http:\/\/shop.growdesign.dk\/da\/wp-json\/wp\/v2\/product\/207779","targetHints":{"allow":["GET"]}}],"collection":[{"href":"http:\/\/shop.growdesign.dk\/da\/wp-json\/wp\/v2\/product"}],"about":[{"href":"http:\/\/shop.growdesign.dk\/da\/wp-json\/wp\/v2\/types\/product"}],"version-history":[{"count":1,"href":"http:\/\/shop.growdesign.dk\/da\/wp-json\/wp\/v2\/product\/207779\/revisions"}],"predecessor-version":[{"id":216197,"href":"http:\/\/shop.growdesign.dk\/da\/wp-json\/wp\/v2\/product\/207779\/revisions\/216197"}],"acf:post":[{"embeddable":true,"href":"http:\/\/shop.growdesign.dk\/da\/wp-json\/wp\/v2\/medarbejder\/34312"}],"wp:featuredmedia":[{"embeddable":true,"href":"http:\/\/shop.growdesign.dk\/da\/wp-json\/wp\/v2\/media\/423277"}],"wp:attachment":[{"href":"http:\/\/shop.growdesign.dk\/da\/wp-json\/wp\/v2\/media?parent=207779"}],"wp:term":[{"taxonomy":"product_brand","embeddable":true,"href":"http:\/\/shop.growdesign.dk\/da\/wp-json\/wp\/v2\/product_brand?post=207779"},{"taxonomy":"product_cat","embeddable":true,"href":"http:\/\/shop.growdesign.dk\/da\/wp-json\/wp\/v2\/product_cat?post=207779"},{"taxonomy":"product_tag","embeddable":true,"href":"http:\/\/shop.growdesign.dk\/da\/wp-json\/wp\/v2\/product_tag?post=207779"}],"curies":[{"name":"wp","href":"https:\/\/api.w.org\/{rel}","templated":true}]}}