{"id":39953,"date":"2025-05-20T20:40:25","date_gmt":"2025-05-20T18:40:25","guid":{"rendered":"https:\/\/shop.growdesign.dk\/item\/fraser-fiberstone-pot-6\/"},"modified":"2026-03-03T11:15:15","modified_gmt":"2026-03-03T10:15:15","slug":"fraser-fiberstone-pot-6","status":"publish","type":"product","link":"http:\/\/shop.growdesign.dk\/da\/item\/fraser-fiberstone-pot-6\/","title":{"rendered":"Fraser Fiberstone Pot"},"content":{"rendered":"<p>Fraser Fiberstone &#8211; Use indoor remember plastic insert &#8211; use outdoor remember to dril a hole &#8211; no frost guarantee &#8211; Size \u00d825H38<br \/>\nFraser Fiberstone &#8211; Husk at bruge plastindsats ved brug inde &#8211; Husk at bor hul i bunden ved brug udend\u00f8rs &#8211; der er ingen frost garanti &#8211; Str. \u00d825H38 <\/p>\n","protected":false},"excerpt":{"rendered":"<p>Fraser Fiberstone &#8211; Use indoor remember plastic insert &#8211; use outdoor remember to dril a hole &#8211; no frost guarantee &#8211; Size \u00d825H38 Fraser Fiberstone &#8211; Husk at bruge plastindsats ved brug inde &#8211; Husk at bor hul i bunden ved brug udend\u00f8rs &#8211; der er ingen frost garanti &#8211; Str. \u00d825H38<\/p>\n","protected":false},"featured_media":429954,"template":"","meta":{"_acf_changed":false},"product_brand":[],"product_cat":[1094],"product_tag":[],"class_list":{"0":"post-39953","1":"product","2":"type-product","3":"status-publish","4":"has-post-thumbnail","6":"product_cat-alle-krukker","7":"pa_farve-graa","8":"pa_form-konisk","9":"pa_materiale-fiberstone","10":"pa_overflade-mat","11":"pa_placering-indendoers","13":"first","14":"outofstock","15":"taxable","16":"shipping-taxable","17":"product-type-simple"},"acf":{"medarbejder":[11163],"shipping_info":"","delivery_info":"1","backorder_qty":"","backorder_date":null},"_links":{"self":[{"href":"http:\/\/shop.growdesign.dk\/da\/wp-json\/wp\/v2\/product\/39953","targetHints":{"allow":["GET"]}}],"collection":[{"href":"http:\/\/shop.growdesign.dk\/da\/wp-json\/wp\/v2\/product"}],"about":[{"href":"http:\/\/shop.growdesign.dk\/da\/wp-json\/wp\/v2\/types\/product"}],"version-history":[{"count":1,"href":"http:\/\/shop.growdesign.dk\/da\/wp-json\/wp\/v2\/product\/39953\/revisions"}],"predecessor-version":[{"id":47769,"href":"http:\/\/shop.growdesign.dk\/da\/wp-json\/wp\/v2\/product\/39953\/revisions\/47769"}],"acf:post":[{"embeddable":true,"href":"http:\/\/shop.growdesign.dk\/da\/wp-json\/wp\/v2\/medarbejder\/11163"}],"wp:featuredmedia":[{"embeddable":true,"href":"http:\/\/shop.growdesign.dk\/da\/wp-json\/wp\/v2\/media\/429954"}],"wp:attachment":[{"href":"http:\/\/shop.growdesign.dk\/da\/wp-json\/wp\/v2\/media?parent=39953"}],"wp:term":[{"taxonomy":"product_brand","embeddable":true,"href":"http:\/\/shop.growdesign.dk\/da\/wp-json\/wp\/v2\/product_brand?post=39953"},{"taxonomy":"product_cat","embeddable":true,"href":"http:\/\/shop.growdesign.dk\/da\/wp-json\/wp\/v2\/product_cat?post=39953"},{"taxonomy":"product_tag","embeddable":true,"href":"http:\/\/shop.growdesign.dk\/da\/wp-json\/wp\/v2\/product_tag?post=39953"}],"curies":[{"name":"wp","href":"https:\/\/api.w.org\/{rel}","templated":true}]}}