{"id":11511,"date":"2025-02-07T07:53:42","date_gmt":"2025-02-07T06:53:42","guid":{"rendered":"https:\/\/new.silkeplanter.dk\/?page_id=11511"},"modified":"2025-07-01T08:49:04","modified_gmt":"2025-07-01T06:49:04","slug":"handelsbetingelser","status":"publish","type":"page","link":"https:\/\/shop.growdesign.dk\/da\/handelsbetingelser\/","title":{"rendered":"Handelsbetingelser"},"content":{"rendered":"\t\t<div data-elementor-type=\"wp-page\" data-elementor-id=\"11511\" class=\"elementor elementor-11511\" data-elementor-post-type=\"page\">\n\t\t\t\t<div class=\"elementor-element elementor-element-4f3332b4 e-flex e-con-boxed e-con e-parent\" data-id=\"4f3332b4\" data-element_type=\"container\" data-e-type=\"container\" data-settings=\"{&quot;background_background&quot;:&quot;classic&quot;}\">\n\t\t\t\t\t<div class=\"e-con-inner\">\n\t\t\t\t<div class=\"elementor-element elementor-element-8bee9b elementor-widget__width-inherit elementor-widget elementor-widget-heading\" data-id=\"8bee9b\" data-element_type=\"widget\" data-e-type=\"widget\" data-widget_type=\"heading.default\">\n\t\t\t\t\t<h1 class=\"elementor-heading-title elementor-size-default\">Standard forretningsbetingelser\n<\/h1>\t\t\t\t<\/div>\n\t\t\t\t<div class=\"elementor-element elementor-element-29db9fe7 elementor-widget__width-inherit elementor-widget elementor-widget-heading\" data-id=\"29db9fe7\" data-element_type=\"widget\" data-e-type=\"widget\" data-widget_type=\"heading.default\">\n\t\t\t\t\t<h2 class=\"elementor-heading-title elementor-size-default\">1. Generelt<\/h2>\t\t\t\t<\/div>\n\t\t\t\t<div class=\"elementor-element elementor-element-2135130f elementor-widget__width-inherit elementor-widget elementor-widget-text-editor\" data-id=\"2135130f\" data-element_type=\"widget\" data-e-type=\"widget\" data-widget_type=\"text-editor.default\">\n\t\t\t\t\t\t\t\t\t<p>N\u00e6rv\u00e6rende forretningsbetingelser og vilk\u00e5r g\u00e6lder for enhver levering af varer, tjenesteydelser og aftaler fra GrowDesign A\/S (Herefter ben\u00e6vnt \u201dGD\u201d). Betingelserne g\u00e5r\u00a0<u>altid<\/u>\u00a0forud for kundens eventuelle indk\u00f8bsbetingelser, medmindre andet specifikt er aftalt i tilbud, ordrebekr\u00e6ftelse eller kontrakt udarbejdet af GD.<\/p><p>Tilbud fra GD er gyldige i en periode p\u00e5 10 arbejdsdage fra tilbudsdato, medmindre andet udtrykkeligt skriftligt er angivet<\/p>\t\t\t\t\t\t\t\t<\/div>\n\t\t\t\t<div class=\"elementor-element elementor-element-2e83ad9e elementor-widget__width-inherit elementor-widget elementor-widget-heading\" data-id=\"2e83ad9e\" data-element_type=\"widget\" data-e-type=\"widget\" data-widget_type=\"heading.default\">\n\t\t\t\t\t<h2 class=\"elementor-heading-title elementor-size-default\">2. Priser og betaling<\/h2>\t\t\t\t<\/div>\n\t\t\t\t<div class=\"elementor-element elementor-element-4872c80b elementor-widget__width-inherit elementor-widget elementor-widget-text-editor\" data-id=\"4872c80b\" data-element_type=\"widget\" data-e-type=\"widget\" data-widget_type=\"text-editor.default\">\n\t\t\t\t\t\t\t\t\t<p>Alle priser angivet p\u00e5 GD webshoppen, via tilbud eller indg\u00e5ede aftaler, er angivet i danske kroner ekskl. moms, pakning og fragt, medmindre andet udtrykkeligt fremg\u00e5r.<\/p><p>Fakturaer fremsendes p\u00e5 mail i PDF-format. Betaling skal ske til oplyst bankkonto.<\/p><p>S\u00e5fremt andet ikke fremg\u00e5r, er betalingsbetingelserne netto 14 dage.<\/p><p>GD foretager l\u00f8bende kreditvurdering af debitorer, og kan p\u00e5 baggrund heraf \u00e6ndre betalingsbetingelser uden varsel.<\/p><p>S\u00e5fremt betaling ikke er sket senest p\u00e5 forfaldsdatoen, opkr\u00e6ves kunden 2% i rente af det forfaldne bel\u00f8b pr. p\u00e5begyndt m\u00e5ned. Herudover er GD berettiget til, n\u00e5r p\u00e5krav er afgivet, at opkr\u00e6ve et gebyr p\u00e5 250 kr.<\/p><p>GD tager forbehold for trykfejl, leveringssvigt, udg\u00e5ede varer og force majeure jf. punkt 5.<\/p>\t\t\t\t\t\t\t\t<\/div>\n\t\t\t\t<div class=\"elementor-element elementor-element-5e246ad4 elementor-widget__width-inherit elementor-widget elementor-widget-heading\" data-id=\"5e246ad4\" data-element_type=\"widget\" data-e-type=\"widget\" data-widget_type=\"heading.default\">\n\t\t\t\t\t<h2 class=\"elementor-heading-title elementor-size-default\">3. K\u00f8b<\/h2>\t\t\t\t<\/div>\n\t\t\t\t<div class=\"elementor-element elementor-element-5fd1558 elementor-widget__width-inherit elementor-widget elementor-widget-heading\" data-id=\"5fd1558\" data-element_type=\"widget\" data-e-type=\"widget\" data-widget_type=\"heading.default\">\n\t\t\t\t\t<h3 class=\"elementor-heading-title elementor-size-default\">3.1 Aftale<\/h3>\t\t\t\t<\/div>\n\t\t\t\t<div class=\"elementor-element elementor-element-47127241 elementor-widget__width-inherit elementor-widget elementor-widget-text-editor\" data-id=\"47127241\" data-element_type=\"widget\" data-e-type=\"widget\" data-widget_type=\"text-editor.default\">\n\t\t\t\t\t\t\t\t\t<p>En aftale om k\u00f8b af fysiske varer fra GD er f\u00f8rst indg\u00e5et, n\u00e5r kunden har modtaget en ordrebekr\u00e6ftelse, skriftligt accepteret tilbud eller der foreligger anden dokumentation som accept p\u00e5 aftalen om k\u00f8b.<\/p>\t\t\t\t\t\t\t\t<\/div>\n\t\t\t\t<div class=\"elementor-element elementor-element-5aff087 elementor-widget__width-inherit elementor-widget elementor-widget-heading\" data-id=\"5aff087\" data-element_type=\"widget\" data-e-type=\"widget\" data-widget_type=\"heading.default\">\n\t\t\t\t\t<h3 class=\"elementor-heading-title elementor-size-default\">3.2 Annullering af ordrer<\/h3>\t\t\t\t<\/div>\n\t\t\t\t<div class=\"elementor-element elementor-element-0537e88 elementor-widget__width-inherit elementor-widget elementor-widget-text-editor\" data-id=\"0537e88\" data-element_type=\"widget\" data-e-type=\"widget\" data-widget_type=\"text-editor.default\">\n\t\t\t\t\t\t\t\t\t<p>En ordre, med levering fra lager, kan annulleres indtil 7 dage f\u00f8r levering finder sted.<\/p><p>S\u00e5fremt der er tale om k\u00f8b af varer uden for standardsortimentet, eller som p\u00e5 anden vis betragtes som en skaffevare, kan ordren ikke annulleres.<\/p>\t\t\t\t\t\t\t\t<\/div>\n\t\t\t\t<div class=\"elementor-element elementor-element-d6ea083 elementor-widget__width-inherit elementor-widget elementor-widget-heading\" data-id=\"d6ea083\" data-element_type=\"widget\" data-e-type=\"widget\" data-widget_type=\"heading.default\">\n\t\t\t\t\t<h3 class=\"elementor-heading-title elementor-size-default\">3.3 Levering, forsendelse og fragt<\/h3>\t\t\t\t<\/div>\n\t\t\t\t<div class=\"elementor-element elementor-element-f307ea7 elementor-widget__width-inherit elementor-widget elementor-widget-text-editor\" data-id=\"f307ea7\" data-element_type=\"widget\" data-e-type=\"widget\" data-widget_type=\"text-editor.default\">\n\t\t\t\t\t\t\t\t\t<p>Levering sker altid ab lager, medmindre andet er aftalt.<\/p><p>Leveringstermin er anf\u00f8rt i ordrebekr\u00e6ftelse eller s\u00e6rskilt mail fremsendt til kunden.<\/p><p>Leveringstermin for skaffevarer, eller varer der ikke er p\u00e5 lager, er vejledende og kan ikke garanteres.<\/p><p>Alle forsendelser leveres med ekstern distribut\u00f8r. Ved udlevering af varerne overg\u00e5r ansvaret og risikoen for varerne til kunden i forbindelse med udleveringen. Ved forg\u00e6ves levering opkr\u00e6ves et gebyr efter medg\u00e5et tid, dog min. 300 kr.<\/p><p>Det er muligt selv at afhente varer p\u00e5 GD\u00b4s lager, men kun efter forudg\u00e5ende aftale med GD.<\/p><p>Fragtprisen p\u00e5l\u00e6gges f\u00f8rst ordren i forbindelse med pakning, idet fragtpris er baseret p\u00e5 m\u00e5l, v\u00e6gt og volumen samt leveringssted.<\/p><p>P\u00e5 skaffevarer, herunder ogs\u00e5 containervarer, forbeholder vi os retten til at regulerer prisen p\u00e5 baggrund af \u00e6ndringer i fragtprisen.<\/p>\t\t\t\t\t\t\t\t<\/div>\n\t\t\t\t<div class=\"elementor-element elementor-element-3747988 elementor-widget__width-inherit elementor-widget elementor-widget-heading\" data-id=\"3747988\" data-element_type=\"widget\" data-e-type=\"widget\" data-widget_type=\"heading.default\">\n\t\t\t\t\t<h2 class=\"elementor-heading-title elementor-size-default\">4. Reklamation<\/h2>\t\t\t\t<\/div>\n\t\t\t\t<div class=\"elementor-element elementor-element-813d7df elementor-widget__width-inherit elementor-widget elementor-widget-heading\" data-id=\"813d7df\" data-element_type=\"widget\" data-e-type=\"widget\" data-widget_type=\"heading.default\">\n\t\t\t\t\t<h3 class=\"elementor-heading-title elementor-size-default\">4.1 Varen<\/h3>\t\t\t\t<\/div>\n\t\t\t\t<div class=\"elementor-element elementor-element-1803df6 elementor-widget__width-inherit elementor-widget elementor-widget-text-editor\" data-id=\"1803df6\" data-element_type=\"widget\" data-e-type=\"widget\" data-widget_type=\"text-editor.default\">\n\t\t\t\t\t\t\t\t\t<p>Kontroller dine varer hurtigst muligt efter modtagelsen. Reklamationer skal meddeles GD senest 2 hverdage efter modtagelsen af varen.<\/p>\t\t\t\t\t\t\t\t<\/div>\n\t\t\t\t<div class=\"elementor-element elementor-element-ca7f238 elementor-widget__width-inherit elementor-widget elementor-widget-heading\" data-id=\"ca7f238\" data-element_type=\"widget\" data-e-type=\"widget\" data-widget_type=\"heading.default\">\n\t\t\t\t\t<h3 class=\"elementor-heading-title elementor-size-default\">4.2 Ejendomsret<\/h3>\t\t\t\t<\/div>\n\t\t\t\t<div class=\"elementor-element elementor-element-4569489 elementor-widget__width-inherit elementor-widget elementor-widget-text-editor\" data-id=\"4569489\" data-element_type=\"widget\" data-e-type=\"widget\" data-widget_type=\"text-editor.default\">\n\t\t\t\t\t\t\t\t\t<div class=\"elementor-element elementor-element-53a58e1 elementor-widget__width-inherit elementor-widget elementor-widget-text-editor\" data-id=\"53a58e1\" data-element_type=\"widget\" data-widget_type=\"text-editor.default\"><div class=\"elementor-widget-container\"><p>Ejendomsretten er f\u00f8rst overg\u00e5et til kunden, n\u00e5r den fulde betaling for varerne er sket.<\/p><\/div><\/div>\t\t\t\t\t\t\t\t<\/div>\n\t\t\t\t<div class=\"elementor-element elementor-element-311f0d7 elementor-widget__width-inherit elementor-widget elementor-widget-heading\" data-id=\"311f0d7\" data-element_type=\"widget\" data-e-type=\"widget\" data-widget_type=\"heading.default\">\n\t\t\t\t\t<h3 class=\"elementor-heading-title elementor-size-default\">4.3 Bytte- og returret\n<\/h3>\t\t\t\t<\/div>\n\t\t\t\t<div class=\"elementor-element elementor-element-afc5654 elementor-widget__width-inherit elementor-widget elementor-widget-text-editor\" data-id=\"afc5654\" data-element_type=\"widget\" data-e-type=\"widget\" data-widget_type=\"text-editor.default\">\n\t\t\t\t\t\t\t\t\t<div class=\"elementor-element elementor-element-53a58e1 elementor-widget__width-inherit elementor-widget elementor-widget-text-editor\" data-id=\"53a58e1\" data-element_type=\"widget\" data-widget_type=\"text-editor.default\"><div class=\"elementor-widget-container\"><p>Bytte og returnering af varer kan kun ske efter forudg\u00e5ende aftale med GD. Fragtomkostninger i forbindelse med eventuel bytte\/returnering af vare sker for k\u00f8bers regning medmindre andet er aftalt.<\/p><\/div><\/div>\t\t\t\t\t\t\t\t<\/div>\n\t\t\t\t<div class=\"elementor-element elementor-element-2461617 elementor-widget__width-inherit elementor-widget elementor-widget-heading\" data-id=\"2461617\" data-element_type=\"widget\" data-e-type=\"widget\" data-widget_type=\"heading.default\">\n\t\t\t\t\t<h2 class=\"elementor-heading-title elementor-size-default\">5. Force majeure og forbehold<\/h2>\t\t\t\t<\/div>\n\t\t\t\t<div class=\"elementor-element elementor-element-c24508f elementor-widget__width-inherit elementor-widget elementor-widget-text-editor\" data-id=\"c24508f\" data-element_type=\"widget\" data-e-type=\"widget\" data-widget_type=\"text-editor.default\">\n\t\t\t\t\t\t\t\t\t<p>GD tager forbehold for force majeure, herunder energi mangel, lokal- og generalstrejke\/blokade, stop for vandforsyning, naturkatastrofer, brand, eksplosion, forbud eller p\u00e5l\u00e6g udsendt fra offentlig myndighed, epidemier, pandemier, forstyrrelser i den offentlige infrastruktur (forbindelser, IT m.v.) og lockout.<\/p>\t\t\t\t\t\t\t\t<\/div>\n\t\t\t\t<div class=\"elementor-element elementor-element-9e3b29c elementor-widget__width-inherit elementor-widget elementor-widget-heading\" data-id=\"9e3b29c\" data-element_type=\"widget\" data-e-type=\"widget\" data-widget_type=\"heading.default\">\n\t\t\t\t\t<h2 class=\"elementor-heading-title elementor-size-default\">6. V\u00e6rneting<\/h2>\t\t\t\t<\/div>\n\t\t\t\t<div class=\"elementor-element elementor-element-0d03303 elementor-widget__width-inherit elementor-widget elementor-widget-text-editor\" data-id=\"0d03303\" data-element_type=\"widget\" data-e-type=\"widget\" data-widget_type=\"text-editor.default\">\n\t\t\t\t\t\t\t\t\t<p>Tvister eller krav i anledning af indg\u00e5ede kontrakter med GD skal afg\u00f8res ved Retten i Kolding.<\/p>\t\t\t\t\t\t\t\t<\/div>\n\t\t\t\t<div class=\"elementor-element elementor-element-e2c02cc elementor-widget__width-inherit elementor-widget elementor-widget-heading\" data-id=\"e2c02cc\" data-element_type=\"widget\" data-e-type=\"widget\" data-widget_type=\"heading.default\">\n\t\t\t\t\t<h2 class=\"elementor-heading-title elementor-size-default\">7. Fortrolighed<\/h2>\t\t\t\t<\/div>\n\t\t\t\t<div class=\"elementor-element elementor-element-324bf08 elementor-widget__width-inherit elementor-widget elementor-widget-text-editor\" data-id=\"324bf08\" data-element_type=\"widget\" data-e-type=\"widget\" data-widget_type=\"text-editor.default\">\n\t\t\t\t\t\t\t\t\t<p>Fremsendte dokumenter fra GD m\u00e5 ikke videreformidles eller deles med 3. part uden samtykke fra GD.<\/p>\t\t\t\t\t\t\t\t<\/div>\n\t\t\t\t<div class=\"elementor-element elementor-element-b22df59 elementor-widget__width-inherit elementor-widget elementor-widget-heading\" data-id=\"b22df59\" data-element_type=\"widget\" data-e-type=\"widget\" data-widget_type=\"heading.default\">\n\t\t\t\t\t<h2 class=\"elementor-heading-title elementor-size-default\">8. Klage<\/h2>\t\t\t\t<\/div>\n\t\t\t\t<div class=\"elementor-element elementor-element-3f8293b elementor-widget__width-inherit elementor-widget elementor-widget-text-editor\" data-id=\"3f8293b\" data-element_type=\"widget\" data-e-type=\"widget\" data-widget_type=\"text-editor.default\">\n\t\t\t\t\t\t\t\t\t<p>En klage over en vare eller tjenesteydelse k\u00f8bt hos GD kan indgives til Konkurrence- og Forbrugerstyrelsens Center for Klagel\u00f8sning, Carl Jacobsens Vej 35, 2500 Valby. Du kan klage til Center for Klagel\u00f8sning via\u00a0<a href=\"http:\/\/www.forbrug.dk\/\" target=\"_blank\" rel=\"nofollow noopener\">www.forbrug.dk.<\/a>\u00a0EU-Kommissionens online klageportal kan ogs\u00e5 anvendes ved indgivelse af en klage. Det er s\u00e6rlig relevant, hvis du er forbruger med bop\u00e6l i et andet EU-land. Klage indgives her \u2013 https:\/\/ec.europa.eu\/odr. Ved indgivelse af en klage skal du angive vores e-mail-adresse:\u00a0info@growdesign.dk<\/p>\t\t\t\t\t\t\t\t<\/div>\n\t\t\t\t\t<\/div>\n\t\t\t\t<\/div>\n\t\t\t\t<\/div>\n\t\t","protected":false},"excerpt":{"rendered":"<p>Standard forretningsbetingelser 1. Generelt N\u00e6rv\u00e6rende forretningsbetingelser og vilk\u00e5r g\u00e6lder for enhver levering af varer, tjenesteydelser og aftaler fra GrowDesign A\/S (Herefter ben\u00e6vnt \u201dGD\u201d). Betingelserne g\u00e5r\u00a0altid\u00a0forud for kundens eventuelle indk\u00f8bsbetingelser, medmindre andet specifikt er aftalt i tilbud, ordrebekr\u00e6ftelse eller kontrakt udarbejdet af GD. Tilbud fra GD er gyldige i en periode p\u00e5 10 arbejdsdage fra tilbudsdato, [&hellip;]<\/p>\n","protected":false},"author":2,"featured_media":0,"parent":0,"menu_order":0,"comment_status":"closed","ping_status":"closed","template":"","meta":{"_acf_changed":false,"footnotes":""},"class_list":["post-11511","page","type-page","status-publish","hentry"],"acf":[],"_links":{"self":[{"href":"https:\/\/shop.growdesign.dk\/da\/wp-json\/wp\/v2\/pages\/11511","targetHints":{"allow":["GET"]}}],"collection":[{"href":"https:\/\/shop.growdesign.dk\/da\/wp-json\/wp\/v2\/pages"}],"about":[{"href":"https:\/\/shop.growdesign.dk\/da\/wp-json\/wp\/v2\/types\/page"}],"author":[{"embeddable":true,"href":"https:\/\/shop.growdesign.dk\/da\/wp-json\/wp\/v2\/users\/2"}],"replies":[{"embeddable":true,"href":"https:\/\/shop.growdesign.dk\/da\/wp-json\/wp\/v2\/comments?post=11511"}],"version-history":[{"count":8,"href":"https:\/\/shop.growdesign.dk\/da\/wp-json\/wp\/v2\/pages\/11511\/revisions"}],"predecessor-version":[{"id":168011,"href":"https:\/\/shop.growdesign.dk\/da\/wp-json\/wp\/v2\/pages\/11511\/revisions\/168011"}],"wp:attachment":[{"href":"https:\/\/shop.growdesign.dk\/da\/wp-json\/wp\/v2\/media?parent=11511"}],"curies":[{"name":"wp","href":"https:\/\/api.w.org\/{rel}","templated":true}]}}