{"id":995,"date":"2024-11-26T10:15:46","date_gmt":"2024-11-26T09:15:46","guid":{"rendered":"https:\/\/new.silkeplanter.dk\/?page_id=995"},"modified":"2025-12-01T16:22:52","modified_gmt":"2025-12-01T15:22:52","slug":"kontakt","status":"publish","type":"page","link":"https:\/\/shop.growdesign.dk\/da\/kontakt\/","title":{"rendered":"Kontakt"},"content":{"rendered":"\t\t<div data-elementor-type=\"wp-page\" data-elementor-id=\"995\" class=\"elementor elementor-995\" data-elementor-post-type=\"page\">\n\t\t\t\t<div class=\"elementor-element elementor-element-f7b7b8c e-flex e-con-boxed e-con e-parent\" data-id=\"f7b7b8c\" data-element_type=\"container\" data-e-type=\"container\" data-settings=\"{&quot;background_background&quot;:&quot;classic&quot;}\">\n\t\t\t\t\t<div class=\"e-con-inner\">\n\t\t\t\t<div class=\"elementor-element elementor-element-1dec74f elementor-widget__width-inherit elementor-widget elementor-widget-heading\" data-id=\"1dec74f\" data-element_type=\"widget\" data-e-type=\"widget\" data-widget_type=\"heading.default\">\n\t\t\t\t\t<h1 class=\"elementor-heading-title elementor-size-default\">Medarbejdere<\/h1>\t\t\t\t<\/div>\n\t\t<div class=\"elementor-element elementor-element-bdcefe1 e-con-full e-flex e-con e-child\" data-id=\"bdcefe1\" data-element_type=\"container\" data-e-type=\"container\" data-settings=\"{&quot;background_background&quot;:&quot;classic&quot;}\">\n\t\t\t\t<div class=\"elementor-element elementor-element-9815e70 elementor-widget__width-inherit elementor-widget elementor-widget-text-editor\" data-id=\"9815e70\" data-element_type=\"widget\" data-e-type=\"widget\" data-widget_type=\"text-editor.default\">\n\t\t\t\t\t\t\t\t\t<p><strong>Salg &#8211; DK<\/strong><\/p>\t\t\t\t\t\t\t\t<\/div>\n\t\t\t\t<div class=\"elementor-element elementor-element-3fa3265 elementor-widget elementor-widget-image\" data-id=\"3fa3265\" data-element_type=\"widget\" data-e-type=\"widget\" data-widget_type=\"image.default\">\n\t\t\t\t\t\t\t\t\t\t\t\t\t\t\t<img fetchpriority=\"high\" decoding=\"async\" width=\"600\" height=\"600\" src=\"https:\/\/shop.growdesign.dk\/wp-content\/uploads\/2025\/05\/Anette-1.webp\" class=\"attachment-large size-large wp-image-51672\" alt=\"Anette Slot Hansen,\" srcset=\"https:\/\/shop.growdesign.dk\/wp-content\/uploads\/2025\/05\/Anette-1.webp 600w, https:\/\/shop.growdesign.dk\/wp-content\/uploads\/2025\/05\/Anette-1-300x300.webp 300w, https:\/\/shop.growdesign.dk\/wp-content\/uploads\/2025\/05\/Anette-1-150x150.webp 150w, https:\/\/shop.growdesign.dk\/wp-content\/uploads\/2025\/05\/Anette-1-100x100.webp 100w\" sizes=\"(max-width: 600px) 100vw, 600px\" \/>\t\t\t\t\t\t\t\t\t\t\t\t\t\t\t<\/div>\n\t\t\t\t<div class=\"elementor-element elementor-element-200a82e elementor-widget__width-inherit elementor-widget elementor-widget-heading\" data-id=\"200a82e\" data-element_type=\"widget\" data-e-type=\"widget\" data-widget_type=\"heading.default\">\n\t\t\t\t\t<h2 class=\"elementor-heading-title elementor-size-default\">Anette Slot Hansen<\/h2>\t\t\t\t<\/div>\n\t\t\t\t<div class=\"elementor-element elementor-element-c1b9fcb elementor-widget__width-inherit elementor-icon-list--layout-traditional elementor-list-item-link-full_width elementor-widget elementor-widget-icon-list\" data-id=\"c1b9fcb\" data-element_type=\"widget\" data-e-type=\"widget\" data-widget_type=\"icon-list.default\">\n\t\t\t\t\t\t\t<ul class=\"elementor-icon-list-items\">\n\t\t\t\t\t\t\t<li class=\"elementor-icon-list-item\">\n\t\t\t\t\t\t\t\t\t\t\t<a href=\"mailto:ash@growdesign.dk%20\" title=\"Send e-mail\">\n\n\t\t\t\t\t\t\t\t\t\t\t<span class=\"elementor-icon-list-text\">ash@growdesign.dk<\/span>\n\t\t\t\t\t\t\t\t\t\t\t<\/a>\n\t\t\t\t\t\t\t\t\t<\/li>\n\t\t\t\t\t\t\t\t<li class=\"elementor-icon-list-item\">\n\t\t\t\t\t\t\t\t\t\t\t<a href=\"tel:+4522423320\" title=\"Ring til Anette\">\n\n\t\t\t\t\t\t\t\t\t\t\t<span class=\"elementor-icon-list-text\">+45 22 42 33 20 <\/span>\n\t\t\t\t\t\t\t\t\t\t\t<\/a>\n\t\t\t\t\t\t\t\t\t<\/li>\n\t\t\t\t\t\t<\/ul>\n\t\t\t\t\t\t<\/div>\n\t\t\t\t<\/div>\n\t\t<div class=\"elementor-element elementor-element-5f4f8d7 e-con-full e-flex e-con e-child\" data-id=\"5f4f8d7\" data-element_type=\"container\" data-e-type=\"container\" data-settings=\"{&quot;background_background&quot;:&quot;classic&quot;}\">\n\t\t\t\t<div class=\"elementor-element elementor-element-52097ad elementor-widget__width-inherit elementor-widget elementor-widget-text-editor\" data-id=\"52097ad\" data-element_type=\"widget\" data-e-type=\"widget\" data-widget_type=\"text-editor.default\">\n\t\t\t\t\t\t\t\t\t<p><strong>Salg &#8211; EU<\/strong><\/p>\t\t\t\t\t\t\t\t<\/div>\n\t\t\t\t<div class=\"elementor-element elementor-element-1b81b02 elementor-widget elementor-widget-image\" data-id=\"1b81b02\" data-element_type=\"widget\" data-e-type=\"widget\" data-widget_type=\"image.default\">\n\t\t\t\t\t\t\t\t\t\t\t\t\t\t\t<img decoding=\"async\" width=\"600\" height=\"600\" src=\"https:\/\/shop.growdesign.dk\/wp-content\/uploads\/2025\/05\/Ben-1.webp\" class=\"attachment-large size-large wp-image-51673\" alt=\"Ben van Gorp,\" srcset=\"https:\/\/shop.growdesign.dk\/wp-content\/uploads\/2025\/05\/Ben-1.webp 600w, https:\/\/shop.growdesign.dk\/wp-content\/uploads\/2025\/05\/Ben-1-300x300.webp 300w, https:\/\/shop.growdesign.dk\/wp-content\/uploads\/2025\/05\/Ben-1-150x150.webp 150w, https:\/\/shop.growdesign.dk\/wp-content\/uploads\/2025\/05\/Ben-1-100x100.webp 100w\" sizes=\"(max-width: 600px) 100vw, 600px\" \/>\t\t\t\t\t\t\t\t\t\t\t\t\t\t\t<\/div>\n\t\t\t\t<div class=\"elementor-element elementor-element-da456b2 elementor-widget__width-inherit elementor-widget elementor-widget-heading\" data-id=\"da456b2\" data-element_type=\"widget\" data-e-type=\"widget\" data-widget_type=\"heading.default\">\n\t\t\t\t\t<h2 class=\"elementor-heading-title elementor-size-default\">Ben van Gorp<\/h2>\t\t\t\t<\/div>\n\t\t\t\t<div class=\"elementor-element elementor-element-56e4e52 elementor-widget__width-inherit elementor-icon-list--layout-traditional elementor-list-item-link-full_width elementor-widget elementor-widget-icon-list\" data-id=\"56e4e52\" data-element_type=\"widget\" data-e-type=\"widget\" data-widget_type=\"icon-list.default\">\n\t\t\t\t\t\t\t<ul class=\"elementor-icon-list-items\">\n\t\t\t\t\t\t\t<li class=\"elementor-icon-list-item\">\n\t\t\t\t\t\t\t\t\t\t\t<a href=\"mailto:bvg@growdesign.dk\" title=\"Send e-mail\">\n\n\t\t\t\t\t\t\t\t\t\t\t<span class=\"elementor-icon-list-text\">bvg@growdesign.dk<\/span>\n\t\t\t\t\t\t\t\t\t\t\t<\/a>\n\t\t\t\t\t\t\t\t\t<\/li>\n\t\t\t\t\t\t\t\t<li class=\"elementor-icon-list-item\">\n\t\t\t\t\t\t\t\t\t\t\t<a href=\"tel:+4550783120\" title=\"Call Ben\">\n\n\t\t\t\t\t\t\t\t\t\t\t<span class=\"elementor-icon-list-text\">+45 50 78 31 20 <\/span>\n\t\t\t\t\t\t\t\t\t\t\t<\/a>\n\t\t\t\t\t\t\t\t\t<\/li>\n\t\t\t\t\t\t<\/ul>\n\t\t\t\t\t\t<\/div>\n\t\t\t\t<\/div>\n\t\t<div class=\"elementor-element elementor-element-f7696a7 e-con-full e-flex e-con e-child\" data-id=\"f7696a7\" data-element_type=\"container\" data-e-type=\"container\" data-settings=\"{&quot;background_background&quot;:&quot;classic&quot;}\">\n\t\t\t\t<div class=\"elementor-element elementor-element-af60018 elementor-widget__width-inherit elementor-widget elementor-widget-text-editor\" data-id=\"af60018\" data-element_type=\"widget\" data-e-type=\"widget\" data-widget_type=\"text-editor.default\">\n\t\t\t\t\t\t\t\t\t<p><strong>Intern Support<\/strong><\/p>\t\t\t\t\t\t\t\t<\/div>\n\t\t\t\t<div class=\"elementor-element elementor-element-1e1e848 elementor-widget elementor-widget-image\" data-id=\"1e1e848\" data-element_type=\"widget\" data-e-type=\"widget\" data-widget_type=\"image.default\">\n\t\t\t\t\t\t\t\t\t\t\t\t\t\t\t<img decoding=\"async\" width=\"600\" height=\"600\" src=\"https:\/\/shop.growdesign.dk\/wp-content\/uploads\/2025\/05\/Charlotte-1.webp\" class=\"attachment-large size-large wp-image-51674\" alt=\"\" srcset=\"https:\/\/shop.growdesign.dk\/wp-content\/uploads\/2025\/05\/Charlotte-1.webp 600w, https:\/\/shop.growdesign.dk\/wp-content\/uploads\/2025\/05\/Charlotte-1-300x300.webp 300w, https:\/\/shop.growdesign.dk\/wp-content\/uploads\/2025\/05\/Charlotte-1-150x150.webp 150w, https:\/\/shop.growdesign.dk\/wp-content\/uploads\/2025\/05\/Charlotte-1-100x100.webp 100w\" sizes=\"(max-width: 600px) 100vw, 600px\" \/>\t\t\t\t\t\t\t\t\t\t\t\t\t\t\t<\/div>\n\t\t\t\t<div class=\"elementor-element elementor-element-38efe31 elementor-widget__width-inherit elementor-widget elementor-widget-heading\" data-id=\"38efe31\" data-element_type=\"widget\" data-e-type=\"widget\" data-widget_type=\"heading.default\">\n\t\t\t\t\t<h2 class=\"elementor-heading-title elementor-size-default\">Charlotte Colding<\/h2>\t\t\t\t<\/div>\n\t\t\t\t<div class=\"elementor-element elementor-element-ae928f1 elementor-widget__width-inherit elementor-icon-list--layout-traditional elementor-list-item-link-full_width elementor-widget elementor-widget-icon-list\" data-id=\"ae928f1\" data-element_type=\"widget\" data-e-type=\"widget\" data-widget_type=\"icon-list.default\">\n\t\t\t\t\t\t\t<ul class=\"elementor-icon-list-items\">\n\t\t\t\t\t\t\t<li class=\"elementor-icon-list-item\">\n\t\t\t\t\t\t\t\t\t\t\t<a href=\"mailto:cc@growdesign.dk\" title=\"Send e-mail\">\n\n\t\t\t\t\t\t\t\t\t\t\t<span class=\"elementor-icon-list-text\">cc@growdesign.dk<\/span>\n\t\t\t\t\t\t\t\t\t\t\t<\/a>\n\t\t\t\t\t\t\t\t\t<\/li>\n\t\t\t\t\t\t\t\t<li class=\"elementor-icon-list-item\">\n\t\t\t\t\t\t\t\t\t\t\t<a href=\"tel:+4544149988\" tilte=\"Ring til Charlotte\">\n\n\t\t\t\t\t\t\t\t\t\t\t<span class=\"elementor-icon-list-text\">+45 44 14 99 88 <\/span>\n\t\t\t\t\t\t\t\t\t\t\t<\/a>\n\t\t\t\t\t\t\t\t\t<\/li>\n\t\t\t\t\t\t<\/ul>\n\t\t\t\t\t\t<\/div>\n\t\t\t\t<\/div>\n\t\t<div class=\"elementor-element elementor-element-8e1e096 e-con-full e-flex e-con e-child\" data-id=\"8e1e096\" data-element_type=\"container\" data-e-type=\"container\" data-settings=\"{&quot;background_background&quot;:&quot;classic&quot;}\">\n\t\t\t\t<div class=\"elementor-element elementor-element-d6dd754 elementor-widget__width-inherit elementor-widget elementor-widget-text-editor\" data-id=\"d6dd754\" data-element_type=\"widget\" data-e-type=\"widget\" data-widget_type=\"text-editor.default\">\n\t\t\t\t\t\t\t\t\t<p><strong>Salgskonsulent \u2013 Sj\u00e6lland<\/strong><\/p>\t\t\t\t\t\t\t\t<\/div>\n\t\t\t\t<div class=\"elementor-element elementor-element-6d259c6 elementor-widget elementor-widget-image\" data-id=\"6d259c6\" data-element_type=\"widget\" data-e-type=\"widget\" data-widget_type=\"image.default\">\n\t\t\t\t\t\t\t\t\t\t\t\t\t\t\t<img loading=\"lazy\" decoding=\"async\" width=\"600\" height=\"600\" src=\"https:\/\/shop.growdesign.dk\/wp-content\/uploads\/2025\/06\/Gert.webp\" class=\"attachment-large size-large wp-image-131480\" alt=\"Gert L\u00fcders Jensen,\" srcset=\"https:\/\/shop.growdesign.dk\/wp-content\/uploads\/2025\/06\/Gert.webp 600w, https:\/\/shop.growdesign.dk\/wp-content\/uploads\/2025\/06\/Gert-300x300.webp 300w, https:\/\/shop.growdesign.dk\/wp-content\/uploads\/2025\/06\/Gert-150x150.webp 150w, https:\/\/shop.growdesign.dk\/wp-content\/uploads\/2025\/06\/Gert-100x100.webp 100w\" sizes=\"(max-width: 600px) 100vw, 600px\" \/>\t\t\t\t\t\t\t\t\t\t\t\t\t\t\t<\/div>\n\t\t\t\t<div class=\"elementor-element elementor-element-c1804ef elementor-widget__width-inherit elementor-widget elementor-widget-heading\" data-id=\"c1804ef\" data-element_type=\"widget\" data-e-type=\"widget\" data-widget_type=\"heading.default\">\n\t\t\t\t\t<h2 class=\"elementor-heading-title elementor-size-default\">Gert L\u00fcders Jensen<\/h2>\t\t\t\t<\/div>\n\t\t\t\t<div class=\"elementor-element elementor-element-9ac2846 elementor-widget__width-inherit elementor-icon-list--layout-traditional elementor-list-item-link-full_width elementor-widget elementor-widget-icon-list\" data-id=\"9ac2846\" data-element_type=\"widget\" data-e-type=\"widget\" data-widget_type=\"icon-list.default\">\n\t\t\t\t\t\t\t<ul class=\"elementor-icon-list-items\">\n\t\t\t\t\t\t\t<li class=\"elementor-icon-list-item\">\n\t\t\t\t\t\t\t\t\t\t\t<a href=\"mailto:glj@growdesign.dk\" title=\"Send e-mail\">\n\n\t\t\t\t\t\t\t\t\t\t\t<span class=\"elementor-icon-list-text\">glj@growdesign.dk<\/span>\n\t\t\t\t\t\t\t\t\t\t\t<\/a>\n\t\t\t\t\t\t\t\t\t<\/li>\n\t\t\t\t\t\t\t\t<li class=\"elementor-icon-list-item\">\n\t\t\t\t\t\t\t\t\t\t\t<a href=\"tel:+4544149992\" tilte=\"Ring til Gert\">\n\n\t\t\t\t\t\t\t\t\t\t\t<span class=\"elementor-icon-list-text\">+45 44 14 99 92 <\/span>\n\t\t\t\t\t\t\t\t\t\t\t<\/a>\n\t\t\t\t\t\t\t\t\t<\/li>\n\t\t\t\t\t\t<\/ul>\n\t\t\t\t\t\t<\/div>\n\t\t\t\t<\/div>\n\t\t<div class=\"elementor-element elementor-element-cce94cd e-con-full e-flex e-con e-child\" data-id=\"cce94cd\" data-element_type=\"container\" data-e-type=\"container\" data-settings=\"{&quot;background_background&quot;:&quot;classic&quot;}\">\n\t\t\t\t<div class=\"elementor-element elementor-element-c17d426 elementor-widget__width-inherit elementor-widget elementor-widget-text-editor\" data-id=\"c17d426\" data-element_type=\"widget\" data-e-type=\"widget\" data-widget_type=\"text-editor.default\">\n\t\t\t\t\t\t\t\t\t<p><strong>Holland<\/strong><\/p>\t\t\t\t\t\t\t\t<\/div>\n\t\t\t\t<div class=\"elementor-element elementor-element-39465e6 elementor-widget elementor-widget-image\" data-id=\"39465e6\" data-element_type=\"widget\" data-e-type=\"widget\" data-widget_type=\"image.default\">\n\t\t\t\t\t\t\t\t\t\t\t\t\t\t\t<img loading=\"lazy\" decoding=\"async\" width=\"600\" height=\"600\" src=\"https:\/\/shop.growdesign.dk\/wp-content\/uploads\/2025\/06\/Rene.webp\" class=\"attachment-large size-large wp-image-131490\" alt=\"Ren\u00e9 Kersloot,\" srcset=\"https:\/\/shop.growdesign.dk\/wp-content\/uploads\/2025\/06\/Rene.webp 600w, https:\/\/shop.growdesign.dk\/wp-content\/uploads\/2025\/06\/Rene-300x300.webp 300w, https:\/\/shop.growdesign.dk\/wp-content\/uploads\/2025\/06\/Rene-150x150.webp 150w, https:\/\/shop.growdesign.dk\/wp-content\/uploads\/2025\/06\/Rene-100x100.webp 100w\" sizes=\"(max-width: 600px) 100vw, 600px\" \/>\t\t\t\t\t\t\t\t\t\t\t\t\t\t\t<\/div>\n\t\t\t\t<div class=\"elementor-element elementor-element-32c1c79 elementor-widget__width-inherit elementor-widget elementor-widget-heading\" data-id=\"32c1c79\" data-element_type=\"widget\" data-e-type=\"widget\" data-widget_type=\"heading.default\">\n\t\t\t\t\t<h2 class=\"elementor-heading-title elementor-size-default\">Ren\u00e9 Kersloot<\/h2>\t\t\t\t<\/div>\n\t\t\t\t<div class=\"elementor-element elementor-element-d94399a elementor-widget__width-inherit elementor-icon-list--layout-traditional elementor-list-item-link-full_width elementor-widget elementor-widget-icon-list\" data-id=\"d94399a\" data-element_type=\"widget\" data-e-type=\"widget\" data-widget_type=\"icon-list.default\">\n\t\t\t\t\t\t\t<ul class=\"elementor-icon-list-items\">\n\t\t\t\t\t\t\t<li class=\"elementor-icon-list-item\">\n\t\t\t\t\t\t\t\t\t\t\t<a href=\"mailto:rk@growdesign.dk\" title=\"Send e-mail\">\n\n\t\t\t\t\t\t\t\t\t\t\t<span class=\"elementor-icon-list-text\">rk@growdesign.dk<\/span>\n\t\t\t\t\t\t\t\t\t\t\t<\/a>\n\t\t\t\t\t\t\t\t\t<\/li>\n\t\t\t\t\t\t\t\t<li class=\"elementor-icon-list-item\">\n\t\t\t\t\t\t\t\t\t\t\t<a href=\"tel:+31(0)647829315\" tilte=\"Ring til Ren\u00e9\">\n\n\t\t\t\t\t\t\t\t\t\t\t<span class=\"elementor-icon-list-text\">+31 (0) 647 829 315<\/span>\n\t\t\t\t\t\t\t\t\t\t\t<\/a>\n\t\t\t\t\t\t\t\t\t<\/li>\n\t\t\t\t\t\t<\/ul>\n\t\t\t\t\t\t<\/div>\n\t\t\t\t<\/div>\n\t\t\t\t\t<\/div>\n\t\t\t\t<\/div>\n\t\t\t\t<\/div>\n\t\t","protected":false},"excerpt":{"rendered":"<p>Medarbejdere Salg &#8211; DK Anette Slot Hansen ash@growdesign.dk +45 22 42 33 20 Salg &#8211; EU Ben van Gorp bvg@growdesign.dk +45 50 78 31 20 Intern Support Charlotte Colding cc@growdesign.dk +45 44 14 99 88 Salgskonsulent \u2013 Sj\u00e6lland Gert L\u00fcders Jensen glj@growdesign.dk +45 44 14 99 92 Holland Ren\u00e9 Kersloot rk@growdesign.dk +31 (0) 647 829 [&hellip;]<\/p>\n","protected":false},"author":2,"featured_media":0,"parent":0,"menu_order":0,"comment_status":"closed","ping_status":"closed","template":"","meta":{"_acf_changed":false,"footnotes":""},"class_list":["post-995","page","type-page","status-publish","hentry"],"acf":[],"_links":{"self":[{"href":"https:\/\/shop.growdesign.dk\/da\/wp-json\/wp\/v2\/pages\/995","targetHints":{"allow":["GET"]}}],"collection":[{"href":"https:\/\/shop.growdesign.dk\/da\/wp-json\/wp\/v2\/pages"}],"about":[{"href":"https:\/\/shop.growdesign.dk\/da\/wp-json\/wp\/v2\/types\/page"}],"author":[{"embeddable":true,"href":"https:\/\/shop.growdesign.dk\/da\/wp-json\/wp\/v2\/users\/2"}],"replies":[{"embeddable":true,"href":"https:\/\/shop.growdesign.dk\/da\/wp-json\/wp\/v2\/comments?post=995"}],"version-history":[{"count":13,"href":"https:\/\/shop.growdesign.dk\/da\/wp-json\/wp\/v2\/pages\/995\/revisions"}],"predecessor-version":[{"id":480424,"href":"https:\/\/shop.growdesign.dk\/da\/wp-json\/wp\/v2\/pages\/995\/revisions\/480424"}],"wp:attachment":[{"href":"https:\/\/shop.growdesign.dk\/da\/wp-json\/wp\/v2\/media?parent=995"}],"curies":[{"name":"wp","href":"https:\/\/api.w.org\/{rel}","templated":true}]}}