{"id":207560,"date":"2025-07-31T16:45:14","date_gmt":"2025-07-31T14:45:14","guid":{"rendered":"https:\/\/shop.growdesign.dk\/item\/vernel-lava-keramik-set-2-2\/"},"modified":"2026-04-01T15:01:59","modified_gmt":"2026-04-01T13:01:59","slug":"vernel-lava-keramik-set-2-2","status":"publish","type":"product","link":"https:\/\/shop.growdesign.dk\/da\/item\/vernel-lava-keramik-set-2-2\/","title":{"rendered":"Vernel Lava Keramik Set 2"},"content":{"rendered":"<p>Exclusive Pottery &#8211; Rustic Surface -Indoor Use recormended Plastic Incert &#8211; Size H56\u00d838 cm H30,5\u00d819 cm<br \/>\nEksklusive Keramik Krukker &#8211; Overflade Rustik &#8211; Indend\u00f8rs anbefales plastic indsats &#8211; Str. H56\u00d840 cm  H33\u00d823 cm<br \/>\nm<\/p>\n","protected":false},"excerpt":{"rendered":"<p>Exclusive Pottery &#8211; Rustic Surface -Indoor Use recormended Plastic Incert &#8211; Size H56\u00d838 cm H30,5\u00d819 cm Eksklusive Keramik Krukker &#8211; Overflade Rustik &#8211; Indend\u00f8rs anbefales plastic indsats &#8211; Str. H56\u00d840 cm H33\u00d823 cm m<\/p>\n","protected":false},"featured_media":429043,"template":"","meta":{"_acf_changed":false},"product_brand":[],"product_cat":[1094],"product_tag":[],"class_list":{"0":"post-207560","1":"product","2":"type-product","3":"status-publish","4":"has-post-thumbnail","6":"product_cat-alle-krukker","7":"pa_farve-groen","8":"pa_form-amfora","9":"pa_materiale-keramik","10":"pa_overflade-lava","11":"pa_placering-indendoers","12":"pa_placering-udendoers","14":"first","15":"instock","16":"taxable","17":"shipping-taxable","18":"product-type-simple"},"acf":{"medarbejder":[11163],"shipping_info":"","delivery_info":"10","backorder_qty":"","backorder_date":null},"_links":{"self":[{"href":"https:\/\/shop.growdesign.dk\/da\/wp-json\/wp\/v2\/product\/207560","targetHints":{"allow":["GET"]}}],"collection":[{"href":"https:\/\/shop.growdesign.dk\/da\/wp-json\/wp\/v2\/product"}],"about":[{"href":"https:\/\/shop.growdesign.dk\/da\/wp-json\/wp\/v2\/types\/product"}],"version-history":[{"count":1,"href":"https:\/\/shop.growdesign.dk\/da\/wp-json\/wp\/v2\/product\/207560\/revisions"}],"predecessor-version":[{"id":216171,"href":"https:\/\/shop.growdesign.dk\/da\/wp-json\/wp\/v2\/product\/207560\/revisions\/216171"}],"acf:post":[{"embeddable":true,"href":"https:\/\/shop.growdesign.dk\/da\/wp-json\/wp\/v2\/medarbejder\/11163"}],"wp:featuredmedia":[{"embeddable":true,"href":"https:\/\/shop.growdesign.dk\/da\/wp-json\/wp\/v2\/media\/429043"}],"wp:attachment":[{"href":"https:\/\/shop.growdesign.dk\/da\/wp-json\/wp\/v2\/media?parent=207560"}],"wp:term":[{"taxonomy":"product_brand","embeddable":true,"href":"https:\/\/shop.growdesign.dk\/da\/wp-json\/wp\/v2\/product_brand?post=207560"},{"taxonomy":"product_cat","embeddable":true,"href":"https:\/\/shop.growdesign.dk\/da\/wp-json\/wp\/v2\/product_cat?post=207560"},{"taxonomy":"product_tag","embeddable":true,"href":"https:\/\/shop.growdesign.dk\/da\/wp-json\/wp\/v2\/product_tag?post=207560"}],"curies":[{"name":"wp","href":"https:\/\/api.w.org\/{rel}","templated":true}]}}