{"id":207761,"date":"2025-07-31T16:49:03","date_gmt":"2025-07-31T14:49:03","guid":{"rendered":"https:\/\/shop.growdesign.dk\/item\/hjulsaet-i-trae-castor-plate-in-wood-3\/"},"modified":"2026-04-17T20:54:53","modified_gmt":"2026-04-17T18:54:53","slug":"hjulsaet-i-trae-castor-plate-in-wood-3","status":"publish","type":"product","link":"https:\/\/shop.growdesign.dk\/da\/item\/hjulsaet-i-trae-castor-plate-in-wood-3\/","title":{"rendered":"Hjuls\u00e6t I Tr\u00e6\/Castor Plate In Wood"},"content":{"rendered":"<p>Hjuls\u00e6t i h\u00e5rdttr\u00e6 lys | Wheelplate hardwood<\/p>\n","protected":false},"excerpt":{"rendered":"<p>Hjuls\u00e6t i h\u00e5rdttr\u00e6 lys | Wheelplate hardwood<\/p>\n","protected":false},"featured_media":423276,"template":"","meta":{"_acf_changed":false},"product_brand":[],"product_cat":[807],"product_tag":[],"class_list":{"0":"post-207761","1":"product","2":"type-product","3":"status-publish","4":"has-post-thumbnail","6":"product_cat-hjulsaet-og-foedder","8":"first","9":"instock","10":"taxable","11":"shipping-taxable","12":"product-type-simple"},"acf":{"medarbejder":[34312],"shipping_info":"","delivery_info":"11","backorder_qty":"","backorder_date":null},"_links":{"self":[{"href":"https:\/\/shop.growdesign.dk\/da\/wp-json\/wp\/v2\/product\/207761","targetHints":{"allow":["GET"]}}],"collection":[{"href":"https:\/\/shop.growdesign.dk\/da\/wp-json\/wp\/v2\/product"}],"about":[{"href":"https:\/\/shop.growdesign.dk\/da\/wp-json\/wp\/v2\/types\/product"}],"version-history":[{"count":1,"href":"https:\/\/shop.growdesign.dk\/da\/wp-json\/wp\/v2\/product\/207761\/revisions"}],"predecessor-version":[{"id":216195,"href":"https:\/\/shop.growdesign.dk\/da\/wp-json\/wp\/v2\/product\/207761\/revisions\/216195"}],"acf:post":[{"embeddable":true,"href":"https:\/\/shop.growdesign.dk\/da\/wp-json\/wp\/v2\/medarbejder\/34312"}],"wp:featuredmedia":[{"embeddable":true,"href":"https:\/\/shop.growdesign.dk\/da\/wp-json\/wp\/v2\/media\/423276"}],"wp:attachment":[{"href":"https:\/\/shop.growdesign.dk\/da\/wp-json\/wp\/v2\/media?parent=207761"}],"wp:term":[{"taxonomy":"product_brand","embeddable":true,"href":"https:\/\/shop.growdesign.dk\/da\/wp-json\/wp\/v2\/product_brand?post=207761"},{"taxonomy":"product_cat","embeddable":true,"href":"https:\/\/shop.growdesign.dk\/da\/wp-json\/wp\/v2\/product_cat?post=207761"},{"taxonomy":"product_tag","embeddable":true,"href":"https:\/\/shop.growdesign.dk\/da\/wp-json\/wp\/v2\/product_tag?post=207761"}],"curies":[{"name":"wp","href":"https:\/\/api.w.org\/{rel}","templated":true}]}}