{"id":21797,"date":"2025-04-02T23:41:33","date_gmt":"2025-04-02T21:41:33","guid":{"rendered":"https:\/\/shop.growdesign.dk\/vare\/nile-high-fiberstruktur-neptun\/"},"modified":"2026-03-27T10:15:53","modified_gmt":"2026-03-27T09:15:53","slug":"nile-high-fiberstruktur-neptun","status":"publish","type":"product","link":"https:\/\/shop.growdesign.dk\/da\/item\/nile-high-fiberstruktur-neptun\/","title":{"rendered":"Nile High Fiberstruktur Neptun"},"content":{"rendered":"<p>Nile Fiberstruktur Vandt\u00e6t krukke | Nile Fiberstructure Waterproof Planter<br \/>\nH\u00f8j model med h\u00e6vet bund | High model with bottum raised<br \/>\nForberedt til hjuls\u00e6t (2 x LZA-13403) | Prepared for wheels 2 x LZA-13403)<\/p>\n","protected":false},"excerpt":{"rendered":"<p>Nile Fiberstruktur Vandt\u00e6t krukke | Nile Fiberstructure Waterproof Planter H\u00f8j model med h\u00e6vet bund | High model with bottum raised Forberedt til hjuls\u00e6t (2 x LZA-13403) | Prepared for wheels 2 x LZA-13403)<\/p>\n","protected":false},"featured_media":429230,"template":"","meta":{"_acf_changed":false},"product_brand":[2578],"product_cat":[1094],"product_tag":[],"class_list":{"0":"post-21797","1":"product","2":"type-product","3":"status-publish","4":"has-post-thumbnail","6":"product_brand-private-label-fiber","7":"product_cat-alle-krukker","8":"pa_farve-sort","9":"pa_form-rektangel","10":"pa_materiale-glasfiber","11":"pa_overflade-sandsten","12":"pa_placering-indendoers","14":"first","15":"outofstock","16":"taxable","17":"shipping-taxable","18":"product-type-simple"},"acf":{"medarbejder":[11163],"shipping_info":"","delivery_info":"1","backorder_qty":"","backorder_date":null},"_links":{"self":[{"href":"https:\/\/shop.growdesign.dk\/da\/wp-json\/wp\/v2\/product\/21797","targetHints":{"allow":["GET"]}}],"collection":[{"href":"https:\/\/shop.growdesign.dk\/da\/wp-json\/wp\/v2\/product"}],"about":[{"href":"https:\/\/shop.growdesign.dk\/da\/wp-json\/wp\/v2\/types\/product"}],"version-history":[{"count":0,"href":"https:\/\/shop.growdesign.dk\/da\/wp-json\/wp\/v2\/product\/21797\/revisions"}],"acf:post":[{"embeddable":true,"href":"https:\/\/shop.growdesign.dk\/da\/wp-json\/wp\/v2\/medarbejder\/11163"}],"wp:featuredmedia":[{"embeddable":true,"href":"https:\/\/shop.growdesign.dk\/da\/wp-json\/wp\/v2\/media\/429230"}],"wp:attachment":[{"href":"https:\/\/shop.growdesign.dk\/da\/wp-json\/wp\/v2\/media?parent=21797"}],"wp:term":[{"taxonomy":"product_brand","embeddable":true,"href":"https:\/\/shop.growdesign.dk\/da\/wp-json\/wp\/v2\/product_brand?post=21797"},{"taxonomy":"product_cat","embeddable":true,"href":"https:\/\/shop.growdesign.dk\/da\/wp-json\/wp\/v2\/product_cat?post=21797"},{"taxonomy":"product_tag","embeddable":true,"href":"https:\/\/shop.growdesign.dk\/da\/wp-json\/wp\/v2\/product_tag?post=21797"}],"curies":[{"name":"wp","href":"https:\/\/api.w.org\/{rel}","templated":true}]}}