{"id":21808,"date":"2025-04-02T23:41:35","date_gmt":"2025-04-02T21:41:35","guid":{"rendered":"https:\/\/shop.growdesign.dk\/vare\/tadmor-cortensteel-high\/"},"modified":"2026-04-04T06:12:06","modified_gmt":"2026-04-04T04:12:06","slug":"tadmor-cortensteel-high","status":"publish","type":"product","link":"https:\/\/shop.growdesign.dk\/da\/item\/tadmor-cortensteel-high\/","title":{"rendered":"Tadmor Cortensteel High"},"content":{"rendered":"<p>Indoor &amp; Outdoor use &#8211; incl. wooden feets &#8211; When use Indoor recormended &#8211; Plastic Inserts DVS-80002 &#8211; Weight 20,50kg<br \/>\nKan bruges inde og ude &#8211; Leveres med tr\u00e6klodser til f\u00f8dder &#8211; Ved indd\u00f8rs brug anbefaler vi plastindsats DVS-80002 &#8211; V\u00e6gt 20,50 Kg<\/p>\n","protected":false},"excerpt":{"rendered":"<p>Indoor &amp; Outdoor use &#8211; incl. wooden feets &#8211; When use Indoor recormended &#8211; Plastic Inserts DVS-80002 &#8211; Weight 20,50kg Kan bruges inde og ude &#8211; Leveres med tr\u00e6klodser til f\u00f8dder &#8211; Ved indd\u00f8rs brug anbefaler vi plastindsats DVS-80002 &#8211; V\u00e6gt 20,50 Kg<\/p>\n","protected":false},"featured_media":429402,"template":"","meta":{"_acf_changed":false},"product_brand":[2577],"product_cat":[1094],"product_tag":[],"class_list":{"0":"post-21808","1":"product","2":"type-product","3":"status-publish","4":"has-post-thumbnail","6":"product_brand-private-label-cortenstaal","7":"product_cat-alle-krukker","8":"pa_farve-rust","9":"pa_form-rektangel","10":"pa_materiale-cortenstaal","11":"pa_overflade-rust","12":"pa_placering-indendoers","13":"pa_placering-udendoers","15":"first","16":"instock","17":"taxable","18":"shipping-taxable","19":"product-type-simple"},"acf":{"medarbejder":[11163],"shipping_info":"","delivery_info":"11","backorder_qty":"","backorder_date":null},"_links":{"self":[{"href":"https:\/\/shop.growdesign.dk\/da\/wp-json\/wp\/v2\/product\/21808","targetHints":{"allow":["GET"]}}],"collection":[{"href":"https:\/\/shop.growdesign.dk\/da\/wp-json\/wp\/v2\/product"}],"about":[{"href":"https:\/\/shop.growdesign.dk\/da\/wp-json\/wp\/v2\/types\/product"}],"version-history":[{"count":1,"href":"https:\/\/shop.growdesign.dk\/da\/wp-json\/wp\/v2\/product\/21808\/revisions"}],"predecessor-version":[{"id":119583,"href":"https:\/\/shop.growdesign.dk\/da\/wp-json\/wp\/v2\/product\/21808\/revisions\/119583"}],"acf:post":[{"embeddable":true,"href":"https:\/\/shop.growdesign.dk\/da\/wp-json\/wp\/v2\/medarbejder\/11163"}],"wp:featuredmedia":[{"embeddable":true,"href":"https:\/\/shop.growdesign.dk\/da\/wp-json\/wp\/v2\/media\/429402"}],"wp:attachment":[{"href":"https:\/\/shop.growdesign.dk\/da\/wp-json\/wp\/v2\/media?parent=21808"}],"wp:term":[{"taxonomy":"product_brand","embeddable":true,"href":"https:\/\/shop.growdesign.dk\/da\/wp-json\/wp\/v2\/product_brand?post=21808"},{"taxonomy":"product_cat","embeddable":true,"href":"https:\/\/shop.growdesign.dk\/da\/wp-json\/wp\/v2\/product_cat?post=21808"},{"taxonomy":"product_tag","embeddable":true,"href":"https:\/\/shop.growdesign.dk\/da\/wp-json\/wp\/v2\/product_tag?post=21808"}],"curies":[{"name":"wp","href":"https:\/\/api.w.org\/{rel}","templated":true}]}}