{"id":21809,"date":"2025-04-02T23:41:36","date_gmt":"2025-04-02T21:41:36","guid":{"rendered":"https:\/\/shop.growdesign.dk\/vare\/tadmor-cortensteel-high-2\/"},"modified":"2026-04-10T20:19:03","modified_gmt":"2026-04-10T18:19:03","slug":"tadmor-cortensteel-high-2","status":"publish","type":"product","link":"https:\/\/shop.growdesign.dk\/da\/item\/tadmor-cortensteel-high-2\/","title":{"rendered":"Tadmor Cortensteel High"},"content":{"rendered":"<p>Indoor &amp; Outdoor use &#8211; incl. wooden feets &#8211; When use Indoor recormended &#8211; Plastic Inserts DVS-80001 &#8211; Weight 12,30kg<br \/>\nKan bruges inde og ude &#8211; Leveres med tr\u00e6klodser til f\u00f8dder &#8211; Ved indd\u00f8rs brug anbefaler vi plastindsats DVS-80001 &#8211; V\u00e6gt 12,30 Kg<\/p>\n","protected":false},"excerpt":{"rendered":"<p>Indoor &amp; Outdoor use &#8211; incl. wooden feets &#8211; When use Indoor recormended &#8211; Plastic Inserts DVS-80001 &#8211; Weight 12,30kg Kan bruges inde og ude &#8211; Leveres med tr\u00e6klodser til f\u00f8dder &#8211; Ved indd\u00f8rs brug anbefaler vi plastindsats DVS-80001 &#8211; V\u00e6gt 12,30 Kg<\/p>\n","protected":false},"featured_media":429403,"template":"","meta":{"_acf_changed":false},"product_brand":[2577],"product_cat":[1094,1107],"product_tag":[],"class_list":{"0":"post-21809","1":"product","2":"type-product","3":"status-publish","4":"has-post-thumbnail","6":"product_brand-private-label-cortenstaal","7":"product_cat-alle-krukker","8":"product_cat-kampagner","9":"pa_farve-rust","10":"pa_form-rektangel","11":"pa_materiale-cortenstaal","12":"pa_overflade-rust","13":"pa_placering-indendoers","14":"pa_placering-udendoers","16":"first","17":"instock","18":"sale","19":"taxable","20":"shipping-taxable","21":"product-type-simple"},"acf":{"medarbejder":[11163],"shipping_info":"","delivery_info":"10","backorder_qty":"","backorder_date":null},"_links":{"self":[{"href":"https:\/\/shop.growdesign.dk\/da\/wp-json\/wp\/v2\/product\/21809","targetHints":{"allow":["GET"]}}],"collection":[{"href":"https:\/\/shop.growdesign.dk\/da\/wp-json\/wp\/v2\/product"}],"about":[{"href":"https:\/\/shop.growdesign.dk\/da\/wp-json\/wp\/v2\/types\/product"}],"version-history":[{"count":1,"href":"https:\/\/shop.growdesign.dk\/da\/wp-json\/wp\/v2\/product\/21809\/revisions"}],"predecessor-version":[{"id":119579,"href":"https:\/\/shop.growdesign.dk\/da\/wp-json\/wp\/v2\/product\/21809\/revisions\/119579"}],"acf:post":[{"embeddable":true,"href":"https:\/\/shop.growdesign.dk\/da\/wp-json\/wp\/v2\/medarbejder\/11163"}],"wp:featuredmedia":[{"embeddable":true,"href":"https:\/\/shop.growdesign.dk\/da\/wp-json\/wp\/v2\/media\/429403"}],"wp:attachment":[{"href":"https:\/\/shop.growdesign.dk\/da\/wp-json\/wp\/v2\/media?parent=21809"}],"wp:term":[{"taxonomy":"product_brand","embeddable":true,"href":"https:\/\/shop.growdesign.dk\/da\/wp-json\/wp\/v2\/product_brand?post=21809"},{"taxonomy":"product_cat","embeddable":true,"href":"https:\/\/shop.growdesign.dk\/da\/wp-json\/wp\/v2\/product_cat?post=21809"},{"taxonomy":"product_tag","embeddable":true,"href":"https:\/\/shop.growdesign.dk\/da\/wp-json\/wp\/v2\/product_tag?post=21809"}],"curies":[{"name":"wp","href":"https:\/\/api.w.org\/{rel}","templated":true}]}}