{"id":21812,"date":"2025-04-02T23:41:36","date_gmt":"2025-04-02T21:41:36","guid":{"rendered":"https:\/\/shop.growdesign.dk\/vare\/harriot-cortensteel\/"},"modified":"2026-03-13T13:14:49","modified_gmt":"2026-03-13T12:14:49","slug":"harriot-cortensteel","status":"publish","type":"product","link":"https:\/\/shop.growdesign.dk\/da\/item\/harriot-cortensteel\/","title":{"rendered":"Harriot Cortensteel"},"content":{"rendered":"<p>Indoor and outdoor &#8211; Frostresistant &#8211; The pot will be delivered whit wooden blocks &#8211; For indoor use are we recommended flexible plastic insert<br \/>\nDVS-80165 &#8211; Weight 20,9Kg<br \/>\nKan bruges ude + inde, Frostsikker &#8211; Leveres med tr\u00e6klodser til f\u00f8dder &#8211;<br \/>\nVed indebrug anbefales fleksibel Plastindsats DVS-80165<br \/>\nV\u00e6gt 20,90kg<\/p>\n","protected":false},"excerpt":{"rendered":"<p>Indoor and outdoor &#8211; Frostresistant &#8211; The pot will be delivered whit wooden blocks &#8211; For indoor use are we recommended flexible plastic insert DVS-80165 &#8211; Weight 20,9Kg Kan bruges ude + inde, Frostsikker &#8211; Leveres med tr\u00e6klodser til f\u00f8dder &#8211; Ved indebrug anbefales fleksibel Plastindsats DVS-80165 V\u00e6gt 20,90kg<\/p>\n","protected":false},"featured_media":429408,"template":"","meta":{"_acf_changed":false},"product_brand":[2577],"product_cat":[1094],"product_tag":[],"class_list":{"0":"post-21812","1":"product","2":"type-product","3":"status-publish","4":"has-post-thumbnail","6":"product_brand-private-label-cortenstaal","7":"product_cat-alle-krukker","8":"pa_farve-rust","9":"pa_form-rektangel","10":"pa_materiale-cortenstaal","11":"pa_overflade-rust","12":"pa_placering-indendoers","13":"pa_placering-udendoers","15":"first","16":"outofstock","17":"taxable","18":"shipping-taxable","19":"product-type-simple"},"acf":{"medarbejder":[11163],"shipping_info":"","delivery_info":"1","backorder_qty":"","backorder_date":null},"_links":{"self":[{"href":"https:\/\/shop.growdesign.dk\/da\/wp-json\/wp\/v2\/product\/21812","targetHints":{"allow":["GET"]}}],"collection":[{"href":"https:\/\/shop.growdesign.dk\/da\/wp-json\/wp\/v2\/product"}],"about":[{"href":"https:\/\/shop.growdesign.dk\/da\/wp-json\/wp\/v2\/types\/product"}],"version-history":[{"count":1,"href":"https:\/\/shop.growdesign.dk\/da\/wp-json\/wp\/v2\/product\/21812\/revisions"}],"predecessor-version":[{"id":119582,"href":"https:\/\/shop.growdesign.dk\/da\/wp-json\/wp\/v2\/product\/21812\/revisions\/119582"}],"acf:post":[{"embeddable":true,"href":"https:\/\/shop.growdesign.dk\/da\/wp-json\/wp\/v2\/medarbejder\/11163"}],"wp:featuredmedia":[{"embeddable":true,"href":"https:\/\/shop.growdesign.dk\/da\/wp-json\/wp\/v2\/media\/429408"}],"wp:attachment":[{"href":"https:\/\/shop.growdesign.dk\/da\/wp-json\/wp\/v2\/media?parent=21812"}],"wp:term":[{"taxonomy":"product_brand","embeddable":true,"href":"https:\/\/shop.growdesign.dk\/da\/wp-json\/wp\/v2\/product_brand?post=21812"},{"taxonomy":"product_cat","embeddable":true,"href":"https:\/\/shop.growdesign.dk\/da\/wp-json\/wp\/v2\/product_cat?post=21812"},{"taxonomy":"product_tag","embeddable":true,"href":"https:\/\/shop.growdesign.dk\/da\/wp-json\/wp\/v2\/product_tag?post=21812"}],"curies":[{"name":"wp","href":"https:\/\/api.w.org\/{rel}","templated":true}]}}