{"id":21813,"date":"2025-04-02T23:41:37","date_gmt":"2025-04-02T21:41:37","guid":{"rendered":"https:\/\/shop.growdesign.dk\/vare\/copernicus-cortensteel-medium-cylinder\/"},"modified":"2026-04-15T20:57:59","modified_gmt":"2026-04-15T18:57:59","slug":"copernicus-cortensteel-medium-cylinder","status":"publish","type":"product","link":"https:\/\/shop.growdesign.dk\/da\/item\/copernicus-cortensteel-medium-cylinder\/","title":{"rendered":"Copernicus Cortensteel Medium Cylinder"},"content":{"rendered":"<p>Cylinder krukke Cortensteel Medium model \/ Cylinder Planter Cortensteel Medium model<br \/>\nFrostsikker \/ Frostresistant<br \/>\nHul i bunden \/ Hole in Buttom<br \/>\nVed indebrug anbefales en Plastindsats \/ When used inside recormended Plastic Insert<br \/>\nleveres med tr\u00e6f\u00f8dder s\u00e5 den er h\u00e6vet lidt fra underlaget \/ Incl. woden feets, then rised a bit from surface <\/p>\n","protected":false},"excerpt":{"rendered":"<p>Cylinder krukke Cortensteel Medium model \/ Cylinder Planter Cortensteel Medium model Frostsikker \/ Frostresistant Hul i bunden \/ Hole in Buttom Ved indebrug anbefales en Plastindsats \/ When used inside recormended Plastic Insert leveres med tr\u00e6f\u00f8dder s\u00e5 den er h\u00e6vet lidt fra underlaget \/ Incl. woden feets, then rised a bit from surface<\/p>\n","protected":false},"featured_media":429414,"template":"","meta":{"_acf_changed":false},"product_brand":[2577],"product_cat":[1094],"product_tag":[],"class_list":{"0":"post-21813","1":"product","2":"type-product","3":"status-publish","4":"has-post-thumbnail","6":"product_brand-private-label-cortenstaal","7":"product_cat-alle-krukker","8":"pa_farve-rust","9":"pa_form-cylinder","10":"pa_materiale-cortenstaal","11":"pa_overflade-rust","12":"pa_placering-indendoers","13":"pa_placering-udendoers","14":"pa_planter-pr-krukke-2918","16":"first","17":"instock","18":"taxable","19":"shipping-taxable","20":"product-type-simple"},"acf":{"medarbejder":[11163],"shipping_info":"","delivery_info":"11","backorder_qty":"","backorder_date":null},"_links":{"self":[{"href":"https:\/\/shop.growdesign.dk\/da\/wp-json\/wp\/v2\/product\/21813","targetHints":{"allow":["GET"]}}],"collection":[{"href":"https:\/\/shop.growdesign.dk\/da\/wp-json\/wp\/v2\/product"}],"about":[{"href":"https:\/\/shop.growdesign.dk\/da\/wp-json\/wp\/v2\/types\/product"}],"version-history":[{"count":1,"href":"https:\/\/shop.growdesign.dk\/da\/wp-json\/wp\/v2\/product\/21813\/revisions"}],"predecessor-version":[{"id":119578,"href":"https:\/\/shop.growdesign.dk\/da\/wp-json\/wp\/v2\/product\/21813\/revisions\/119578"}],"acf:post":[{"embeddable":true,"href":"https:\/\/shop.growdesign.dk\/da\/wp-json\/wp\/v2\/medarbejder\/11163"}],"wp:featuredmedia":[{"embeddable":true,"href":"https:\/\/shop.growdesign.dk\/da\/wp-json\/wp\/v2\/media\/429414"}],"wp:attachment":[{"href":"https:\/\/shop.growdesign.dk\/da\/wp-json\/wp\/v2\/media?parent=21813"}],"wp:term":[{"taxonomy":"product_brand","embeddable":true,"href":"https:\/\/shop.growdesign.dk\/da\/wp-json\/wp\/v2\/product_brand?post=21813"},{"taxonomy":"product_cat","embeddable":true,"href":"https:\/\/shop.growdesign.dk\/da\/wp-json\/wp\/v2\/product_cat?post=21813"},{"taxonomy":"product_tag","embeddable":true,"href":"https:\/\/shop.growdesign.dk\/da\/wp-json\/wp\/v2\/product_tag?post=21813"}],"curies":[{"name":"wp","href":"https:\/\/api.w.org\/{rel}","templated":true}]}}