{"id":21823,"date":"2025-04-02T23:41:39","date_gmt":"2025-04-02T21:41:39","guid":{"rendered":"https:\/\/shop.growdesign.dk\/vare\/heavy-rim-antik-terracotta-italy\/"},"modified":"2026-01-28T13:15:55","modified_gmt":"2026-01-28T12:15:55","slug":"heavy-rim-antik-terracotta-italy","status":"publish","type":"product","link":"https:\/\/shop.growdesign.dk\/da\/item\/heavy-rim-antik-terracotta-italy\/","title":{"rendered":"Heavy Rim Antik Terracotta Italy"},"content":{"rendered":"<p>Terracotta Heavy Rim \u00d845cm &#8211; Made in \u00cdtaly hole in buttom<br \/>\nTerracotta Heavy Rim \u00d845cm &#8211; Italienske Krukker med Hul i bunden <\/p>\n","protected":false},"excerpt":{"rendered":"<p>Terracotta Heavy Rim \u00d845cm &#8211; Made in \u00cdtaly hole in buttom Terracotta Heavy Rim \u00d845cm &#8211; Italienske Krukker med Hul i bunden<\/p>\n","protected":false},"featured_media":423690,"template":"","meta":{"_acf_changed":false},"product_brand":[],"product_cat":[1094,1102],"product_tag":[],"class_list":{"0":"post-21823","1":"product","2":"type-product","3":"status-publish","4":"has-post-thumbnail","6":"product_cat-alle-krukker","7":"product_cat-terracotta-italy","8":"pa_farve-antik-terracotta","9":"pa_form-konisk","10":"pa_materiale-terracotta","11":"pa_overflade-antik","12":"pa_placering-indendoers","13":"pa_placering-udendoers","14":"pa_planter-pr-krukke-2994","15":"pa_struktur-moenster","17":"first","18":"outofstock","19":"taxable","20":"shipping-taxable","21":"product-type-simple"},"acf":{"medarbejder":[11163],"shipping_info":"","delivery_info":"1","backorder_qty":"","backorder_date":null},"_links":{"self":[{"href":"https:\/\/shop.growdesign.dk\/da\/wp-json\/wp\/v2\/product\/21823","targetHints":{"allow":["GET"]}}],"collection":[{"href":"https:\/\/shop.growdesign.dk\/da\/wp-json\/wp\/v2\/product"}],"about":[{"href":"https:\/\/shop.growdesign.dk\/da\/wp-json\/wp\/v2\/types\/product"}],"version-history":[{"count":0,"href":"https:\/\/shop.growdesign.dk\/da\/wp-json\/wp\/v2\/product\/21823\/revisions"}],"acf:post":[{"embeddable":true,"href":"https:\/\/shop.growdesign.dk\/da\/wp-json\/wp\/v2\/medarbejder\/11163"}],"wp:featuredmedia":[{"embeddable":true,"href":"https:\/\/shop.growdesign.dk\/da\/wp-json\/wp\/v2\/media\/423690"}],"wp:attachment":[{"href":"https:\/\/shop.growdesign.dk\/da\/wp-json\/wp\/v2\/media?parent=21823"}],"wp:term":[{"taxonomy":"product_brand","embeddable":true,"href":"https:\/\/shop.growdesign.dk\/da\/wp-json\/wp\/v2\/product_brand?post=21823"},{"taxonomy":"product_cat","embeddable":true,"href":"https:\/\/shop.growdesign.dk\/da\/wp-json\/wp\/v2\/product_cat?post=21823"},{"taxonomy":"product_tag","embeddable":true,"href":"https:\/\/shop.growdesign.dk\/da\/wp-json\/wp\/v2\/product_tag?post=21823"}],"curies":[{"name":"wp","href":"https:\/\/api.w.org\/{rel}","templated":true}]}}