{"id":21880,"date":"2025-04-02T23:41:54","date_gmt":"2025-04-02T21:41:54","guid":{"rendered":"https:\/\/shop.growdesign.dk\/vare\/donga-low-mat-black-2\/"},"modified":"2026-04-15T20:58:14","modified_gmt":"2026-04-15T18:58:14","slug":"donga-low-mat-black-2","status":"publish","type":"product","link":"https:\/\/shop.growdesign.dk\/da\/item\/donga-low-mat-black-2\/","title":{"rendered":"Donga Low Mat Black"},"content":{"rendered":"<p>Donga Fiberstone Low D44cm \/ Inside D28cm<br \/>\nWhen used outside drain well with leca and drill a hole in the bottom &#8211; No frost guarantee &#8211; For indoor use plastic insert is recommended.<br \/>\nVed udend\u00f8rs brug bor et hul i bunden og dr\u00e6n godt med leca &#8211; Ingen frosgaranti &#8211; Ved ind\u00f8rs brug anbefales plastindsats  <\/p>\n","protected":false},"excerpt":{"rendered":"<p>Donga Fiberstone Low D44cm \/ Inside D28cm When used outside drain well with leca and drill a hole in the bottom &#8211; No frost guarantee &#8211; For indoor use plastic insert is recommended. Ved udend\u00f8rs brug bor et hul i bunden og dr\u00e6n godt med leca &#8211; Ingen frosgaranti &#8211; Ved ind\u00f8rs brug anbefales plastindsats<\/p>\n","protected":false},"featured_media":429893,"template":"","meta":{"_acf_changed":false},"product_brand":[],"product_cat":[1094],"product_tag":[],"class_list":{"0":"post-21880","1":"product","2":"type-product","3":"status-publish","4":"has-post-thumbnail","6":"product_cat-alle-krukker","7":"pa_farve-sort","8":"pa_form-konisk","9":"pa_materiale-fiberstone","10":"pa_overflade-mat","11":"pa_placering-indendoers","13":"first","14":"instock","15":"taxable","16":"shipping-taxable","17":"product-type-simple"},"acf":{"medarbejder":[11163],"shipping_info":"","delivery_info":"11","backorder_qty":"","backorder_date":null},"_links":{"self":[{"href":"https:\/\/shop.growdesign.dk\/da\/wp-json\/wp\/v2\/product\/21880","targetHints":{"allow":["GET"]}}],"collection":[{"href":"https:\/\/shop.growdesign.dk\/da\/wp-json\/wp\/v2\/product"}],"about":[{"href":"https:\/\/shop.growdesign.dk\/da\/wp-json\/wp\/v2\/types\/product"}],"version-history":[{"count":0,"href":"https:\/\/shop.growdesign.dk\/da\/wp-json\/wp\/v2\/product\/21880\/revisions"}],"acf:post":[{"embeddable":true,"href":"https:\/\/shop.growdesign.dk\/da\/wp-json\/wp\/v2\/medarbejder\/11163"}],"wp:featuredmedia":[{"embeddable":true,"href":"https:\/\/shop.growdesign.dk\/da\/wp-json\/wp\/v2\/media\/429893"}],"wp:attachment":[{"href":"https:\/\/shop.growdesign.dk\/da\/wp-json\/wp\/v2\/media?parent=21880"}],"wp:term":[{"taxonomy":"product_brand","embeddable":true,"href":"https:\/\/shop.growdesign.dk\/da\/wp-json\/wp\/v2\/product_brand?post=21880"},{"taxonomy":"product_cat","embeddable":true,"href":"https:\/\/shop.growdesign.dk\/da\/wp-json\/wp\/v2\/product_cat?post=21880"},{"taxonomy":"product_tag","embeddable":true,"href":"https:\/\/shop.growdesign.dk\/da\/wp-json\/wp\/v2\/product_tag?post=21880"}],"curies":[{"name":"wp","href":"https:\/\/api.w.org\/{rel}","templated":true}]}}