{"id":32238,"date":"2025-04-03T07:21:43","date_gmt":"2025-04-03T05:21:43","guid":{"rendered":"https:\/\/shop.growdesign.dk\/vare\/pamir-light-antik-3\/"},"modified":"2026-03-20T11:15:59","modified_gmt":"2026-03-20T10:15:59","slug":"pamir-light-antik-3","status":"publish","type":"product","link":"https:\/\/shop.growdesign.dk\/da\/item\/pamir-light-antik-3\/","title":{"rendered":"Pamir Light Antik"},"content":{"rendered":"<p>Fiberstone lightweight pot &#8211; Use indoor remember plastic insert &#8211; Use outdoor remember drill a hole i the bottom &#8211; Size. \u00d834<br \/>\nFiberstone letv\u00e6gtskrukke &#8211; Ved brug inde husk plast indsats &#8211; Ved brug ude husk bor et hul i bunden &#8211; Str. \u00d834 cm<\/p>\n","protected":false},"excerpt":{"rendered":"<p>Fiberstone lightweight pot &#8211; Use indoor remember plastic insert &#8211; Use outdoor remember drill a hole i the bottom &#8211; Size. \u00d834 Fiberstone letv\u00e6gtskrukke &#8211; Ved brug inde husk plast indsats &#8211; Ved brug ude husk bor et hul i bunden &#8211; Str. \u00d834 cm<\/p>\n","protected":false},"featured_media":428989,"template":"","meta":{"_acf_changed":false},"product_brand":[],"product_cat":[1094,1107],"product_tag":[],"class_list":{"0":"post-32238","1":"product","2":"type-product","3":"status-publish","4":"has-post-thumbnail","6":"product_cat-alle-krukker","7":"product_cat-kampagner","8":"pa_farve-sort","9":"pa_form-rund","10":"pa_materiale-glasfiber","11":"pa_overflade-mat","12":"pa_placering-indendoers","13":"pa_planter-pr-krukke-2837","14":"pa_struktur-moenster","16":"first","17":"outofstock","18":"sale","19":"taxable","20":"shipping-taxable","21":"product-type-simple"},"acf":{"medarbejder":[11163],"shipping_info":"","delivery_info":"1","backorder_qty":"","backorder_date":null},"_links":{"self":[{"href":"https:\/\/shop.growdesign.dk\/da\/wp-json\/wp\/v2\/product\/32238","targetHints":{"allow":["GET"]}}],"collection":[{"href":"https:\/\/shop.growdesign.dk\/da\/wp-json\/wp\/v2\/product"}],"about":[{"href":"https:\/\/shop.growdesign.dk\/da\/wp-json\/wp\/v2\/types\/product"}],"version-history":[{"count":0,"href":"https:\/\/shop.growdesign.dk\/da\/wp-json\/wp\/v2\/product\/32238\/revisions"}],"acf:post":[{"embeddable":true,"href":"https:\/\/shop.growdesign.dk\/da\/wp-json\/wp\/v2\/medarbejder\/11163"}],"wp:featuredmedia":[{"embeddable":true,"href":"https:\/\/shop.growdesign.dk\/da\/wp-json\/wp\/v2\/media\/428989"}],"wp:attachment":[{"href":"https:\/\/shop.growdesign.dk\/da\/wp-json\/wp\/v2\/media?parent=32238"}],"wp:term":[{"taxonomy":"product_brand","embeddable":true,"href":"https:\/\/shop.growdesign.dk\/da\/wp-json\/wp\/v2\/product_brand?post=32238"},{"taxonomy":"product_cat","embeddable":true,"href":"https:\/\/shop.growdesign.dk\/da\/wp-json\/wp\/v2\/product_cat?post=32238"},{"taxonomy":"product_tag","embeddable":true,"href":"https:\/\/shop.growdesign.dk\/da\/wp-json\/wp\/v2\/product_tag?post=32238"}],"curies":[{"name":"wp","href":"https:\/\/api.w.org\/{rel}","templated":true}]}}