{"id":32243,"date":"2025-04-03T07:21:44","date_gmt":"2025-04-03T05:21:44","guid":{"rendered":"https:\/\/shop.growdesign.dk\/vare\/donga-sand-prep-56\/"},"modified":"2026-04-04T06:12:01","modified_gmt":"2026-04-04T04:12:01","slug":"donga-sand-prep-56","status":"publish","type":"product","link":"https:\/\/shop.growdesign.dk\/da\/item\/donga-sand-prep-56\/","title":{"rendered":"Donga Sand Prep 56"},"content":{"rendered":"<p>Donga Fiber krukke med sandstruktur<br \/>\nwheelplate for this is LZA-13403<br \/>\nWhen used outside drain well with leca and drill a hole in the bottom &#8211; No frost guarantee &#8211; For indoor use plastic insert is recommended.<br \/>\nVed udend\u00f8rs brug bor et hul i bunden og dr\u00e6n godt med leca &#8211; Ingen frosgaranti &#8211; Ved ind\u00f8rs brug anbefales plastindsats  <\/p>\n","protected":false},"excerpt":{"rendered":"<p>Donga Fiber krukke med sandstruktur wheelplate for this is LZA-13403 When used outside drain well with leca and drill a hole in the bottom &#8211; No frost guarantee &#8211; For indoor use plastic insert is recommended. Ved udend\u00f8rs brug bor et hul i bunden og dr\u00e6n godt med leca &#8211; Ingen frosgaranti &#8211; Ved ind\u00f8rs [&hellip;]<\/p>\n","protected":false},"featured_media":428992,"template":"","meta":{"_acf_changed":false},"product_brand":[2578],"product_cat":[1094],"product_tag":[],"class_list":{"0":"post-32243","1":"product","2":"type-product","3":"status-publish","4":"has-post-thumbnail","6":"product_brand-private-label-fiber","7":"product_cat-alle-krukker","8":"pa_farve-sand","9":"pa_form-konisk","10":"pa_materiale-fiberstone","11":"pa_overflade-sandsten","12":"pa_placering-indendoers","13":"pa_planter-pr-krukke-2843","15":"first","16":"instock","17":"taxable","18":"shipping-taxable","19":"product-type-simple"},"acf":{"medarbejder":[11163],"shipping_info":"","delivery_info":"11","backorder_qty":"","backorder_date":null},"_links":{"self":[{"href":"https:\/\/shop.growdesign.dk\/da\/wp-json\/wp\/v2\/product\/32243","targetHints":{"allow":["GET"]}}],"collection":[{"href":"https:\/\/shop.growdesign.dk\/da\/wp-json\/wp\/v2\/product"}],"about":[{"href":"https:\/\/shop.growdesign.dk\/da\/wp-json\/wp\/v2\/types\/product"}],"version-history":[{"count":1,"href":"https:\/\/shop.growdesign.dk\/da\/wp-json\/wp\/v2\/product\/32243\/revisions"}],"predecessor-version":[{"id":488409,"href":"https:\/\/shop.growdesign.dk\/da\/wp-json\/wp\/v2\/product\/32243\/revisions\/488409"}],"acf:post":[{"embeddable":true,"href":"https:\/\/shop.growdesign.dk\/da\/wp-json\/wp\/v2\/medarbejder\/11163"}],"wp:featuredmedia":[{"embeddable":true,"href":"https:\/\/shop.growdesign.dk\/da\/wp-json\/wp\/v2\/media\/428992"}],"wp:attachment":[{"href":"https:\/\/shop.growdesign.dk\/da\/wp-json\/wp\/v2\/media?parent=32243"}],"wp:term":[{"taxonomy":"product_brand","embeddable":true,"href":"https:\/\/shop.growdesign.dk\/da\/wp-json\/wp\/v2\/product_brand?post=32243"},{"taxonomy":"product_cat","embeddable":true,"href":"https:\/\/shop.growdesign.dk\/da\/wp-json\/wp\/v2\/product_cat?post=32243"},{"taxonomy":"product_tag","embeddable":true,"href":"https:\/\/shop.growdesign.dk\/da\/wp-json\/wp\/v2\/product_tag?post=32243"}],"curies":[{"name":"wp","href":"https:\/\/api.w.org\/{rel}","templated":true}]}}