{"id":32244,"date":"2025-04-03T07:21:44","date_gmt":"2025-04-03T05:21:44","guid":{"rendered":"https:\/\/shop.growdesign.dk\/vare\/donga-sand-prep-42\/"},"modified":"2026-04-17T20:54:47","modified_gmt":"2026-04-17T18:54:47","slug":"donga-sand-prep-42","status":"publish","type":"product","link":"https:\/\/shop.growdesign.dk\/da\/item\/donga-sand-prep-42\/","title":{"rendered":"Donga Sand Prep wheels 42"},"content":{"rendered":"<p>Donga Fiber krukke med sandstruktur<br \/>\nWheels for this pot LZA-19880<br \/>\nWhen used outside drain well with leca and drill a hole in the bottom &#8211; No frost guarantee &#8211; For indoor use plastic insert is recommended.<br \/>\nVed udend\u00f8rs brug bor et hul i bunden og dr\u00e6n godt med leca &#8211; Ingen frostgaranti &#8211; Ved ind\u00f8rs brug anbefales plastindsats  n, kan de bruges ude,<br \/>\ningen frostgaranti <\/p>\n","protected":false},"excerpt":{"rendered":"<p>Donga Fiber krukke med sandstruktur Wheels for this pot LZA-19880 When used outside drain well with leca and drill a hole in the bottom &#8211; No frost guarantee &#8211; For indoor use plastic insert is recommended. Ved udend\u00f8rs brug bor et hul i bunden og dr\u00e6n godt med leca &#8211; Ingen frostgaranti &#8211; Ved ind\u00f8rs [&hellip;]<\/p>\n","protected":false},"featured_media":428993,"template":"","meta":{"_acf_changed":false},"product_brand":[2578],"product_cat":[1094],"product_tag":[],"class_list":{"0":"post-32244","1":"product","2":"type-product","3":"status-publish","4":"has-post-thumbnail","6":"product_brand-private-label-fiber","7":"product_cat-alle-krukker","8":"pa_farve-sand","9":"pa_form-konisk","10":"pa_materiale-glasfiber","11":"pa_overflade-sandsten","12":"pa_placering-indendoers","13":"pa_planter-pr-krukke-2845","15":"first","16":"instock","17":"taxable","18":"shipping-taxable","19":"product-type-simple"},"acf":{"medarbejder":[11163],"shipping_info":"","delivery_info":"10","backorder_qty":"","backorder_date":null},"_links":{"self":[{"href":"https:\/\/shop.growdesign.dk\/da\/wp-json\/wp\/v2\/product\/32244","targetHints":{"allow":["GET"]}}],"collection":[{"href":"https:\/\/shop.growdesign.dk\/da\/wp-json\/wp\/v2\/product"}],"about":[{"href":"https:\/\/shop.growdesign.dk\/da\/wp-json\/wp\/v2\/types\/product"}],"version-history":[{"count":2,"href":"https:\/\/shop.growdesign.dk\/da\/wp-json\/wp\/v2\/product\/32244\/revisions"}],"predecessor-version":[{"id":504568,"href":"https:\/\/shop.growdesign.dk\/da\/wp-json\/wp\/v2\/product\/32244\/revisions\/504568"}],"acf:post":[{"embeddable":true,"href":"https:\/\/shop.growdesign.dk\/da\/wp-json\/wp\/v2\/medarbejder\/11163"}],"wp:featuredmedia":[{"embeddable":true,"href":"https:\/\/shop.growdesign.dk\/da\/wp-json\/wp\/v2\/media\/428993"}],"wp:attachment":[{"href":"https:\/\/shop.growdesign.dk\/da\/wp-json\/wp\/v2\/media?parent=32244"}],"wp:term":[{"taxonomy":"product_brand","embeddable":true,"href":"https:\/\/shop.growdesign.dk\/da\/wp-json\/wp\/v2\/product_brand?post=32244"},{"taxonomy":"product_cat","embeddable":true,"href":"https:\/\/shop.growdesign.dk\/da\/wp-json\/wp\/v2\/product_cat?post=32244"},{"taxonomy":"product_tag","embeddable":true,"href":"https:\/\/shop.growdesign.dk\/da\/wp-json\/wp\/v2\/product_tag?post=32244"}],"curies":[{"name":"wp","href":"https:\/\/api.w.org\/{rel}","templated":true}]}}