{"id":32245,"date":"2025-04-03T07:21:44","date_gmt":"2025-04-03T05:21:44","guid":{"rendered":"https:\/\/shop.growdesign.dk\/vare\/donga-sand-22\/"},"modified":"2026-04-08T15:13:52","modified_gmt":"2026-04-08T13:13:52","slug":"donga-sand-22","status":"publish","type":"product","link":"https:\/\/shop.growdesign.dk\/da\/item\/donga-sand-22\/","title":{"rendered":"Donga Sand 22"},"content":{"rendered":"<p>Donga Fiber krukke med sandstruktur<br \/>\nWhen used outside drain well with leca and drill a hole in the bottom &#8211; No frost guarantee &#8211; For indoor use plastic insert is recommended.<br \/>\nVed udend\u00f8rs brug bor et hul i bunden og dr\u00e6n godt med leca &#8211; Ingen frosgaranti &#8211; Ved ind\u00f8rs brug anbefales plastindsats  ts<br \/>\n Lecadr\u00e6n og hul i bunden, kan de bruges ude,<br \/>\ningen frostgaranti <\/p>\n","protected":false},"excerpt":{"rendered":"<p>Donga Fiber krukke med sandstruktur When used outside drain well with leca and drill a hole in the bottom &#8211; No frost guarantee &#8211; For indoor use plastic insert is recommended. Ved udend\u00f8rs brug bor et hul i bunden og dr\u00e6n godt med leca &#8211; Ingen frosgaranti &#8211; Ved ind\u00f8rs brug anbefales plastindsats ts Lecadr\u00e6n [&hellip;]<\/p>\n","protected":false},"featured_media":428994,"template":"","meta":{"_acf_changed":false},"product_brand":[2578],"product_cat":[1094,1106],"product_tag":[],"class_list":{"0":"post-32245","1":"product","2":"type-product","3":"status-publish","4":"has-post-thumbnail","6":"product_brand-private-label-fiber","7":"product_cat-alle-krukker","8":"product_cat-comming-soon","9":"pa_farve-sand","10":"pa_form-konisk","11":"pa_materiale-fiberstone","12":"pa_overflade-sandsten","13":"pa_placering-indendoers","14":"pa_planter-pr-krukke-2828","16":"first","17":"onbackorder","18":"taxable","19":"shipping-taxable","20":"product-type-simple"},"acf":{"medarbejder":[11163],"shipping_info":"","delivery_info":"2","backorder_qty":134,"backorder_date":"04\/14\/2026"},"_links":{"self":[{"href":"https:\/\/shop.growdesign.dk\/da\/wp-json\/wp\/v2\/product\/32245","targetHints":{"allow":["GET"]}}],"collection":[{"href":"https:\/\/shop.growdesign.dk\/da\/wp-json\/wp\/v2\/product"}],"about":[{"href":"https:\/\/shop.growdesign.dk\/da\/wp-json\/wp\/v2\/types\/product"}],"version-history":[{"count":0,"href":"https:\/\/shop.growdesign.dk\/da\/wp-json\/wp\/v2\/product\/32245\/revisions"}],"acf:post":[{"embeddable":true,"href":"https:\/\/shop.growdesign.dk\/da\/wp-json\/wp\/v2\/medarbejder\/11163"}],"wp:featuredmedia":[{"embeddable":true,"href":"https:\/\/shop.growdesign.dk\/da\/wp-json\/wp\/v2\/media\/428994"}],"wp:attachment":[{"href":"https:\/\/shop.growdesign.dk\/da\/wp-json\/wp\/v2\/media?parent=32245"}],"wp:term":[{"taxonomy":"product_brand","embeddable":true,"href":"https:\/\/shop.growdesign.dk\/da\/wp-json\/wp\/v2\/product_brand?post=32245"},{"taxonomy":"product_cat","embeddable":true,"href":"https:\/\/shop.growdesign.dk\/da\/wp-json\/wp\/v2\/product_cat?post=32245"},{"taxonomy":"product_tag","embeddable":true,"href":"https:\/\/shop.growdesign.dk\/da\/wp-json\/wp\/v2\/product_tag?post=32245"}],"curies":[{"name":"wp","href":"https:\/\/api.w.org\/{rel}","templated":true}]}}