{"id":32329,"date":"2025-04-03T07:22:07","date_gmt":"2025-04-03T05:22:07","guid":{"rendered":"https:\/\/shop.growdesign.dk\/vare\/san-martino-excl-keramik-set-2\/"},"modified":"2026-04-16T12:44:13","modified_gmt":"2026-04-16T10:44:13","slug":"san-martino-excl-keramik-set-2","status":"publish","type":"product","link":"https:\/\/shop.growdesign.dk\/da\/item\/san-martino-excl-keramik-set-2\/","title":{"rendered":"San Martino Excl. Keramik Set 2"},"content":{"rendered":"<p>Exclusive Pottery Pots &#8211;  Rustic Surface &#8211; Indoor Use recormended Plastic Incert &#8211; Size H27\u00d840 cm &#8211; H17\u00d823 cm<br \/>\nEksklusive Keramik Krukker &#8211; Overflade Rustik &#8211;<br \/>\nIndend\u00f8rs anbefales plastic indsats &#8211; Str. H27\u00d840 cm &#8211; H17\u00d823 cm<\/p>\n","protected":false},"excerpt":{"rendered":"<p>Exclusive Pottery Pots &#8211; Rustic Surface &#8211; Indoor Use recormended Plastic Incert &#8211; Size H27\u00d840 cm &#8211; H17\u00d823 cm Eksklusive Keramik Krukker &#8211; Overflade Rustik &#8211; Indend\u00f8rs anbefales plastic indsats &#8211; Str. H27\u00d840 cm &#8211; H17\u00d823 cm<\/p>\n","protected":false},"featured_media":474089,"template":"","meta":{"_acf_changed":false},"product_brand":[],"product_cat":[1094],"product_tag":[],"class_list":{"0":"post-32329","1":"product","2":"type-product","3":"status-publish","4":"has-post-thumbnail","6":"product_cat-alle-krukker","7":"pa_farve-groen","8":"pa_form-bowle","9":"pa_materiale-keramik","10":"pa_overflade-lava","11":"pa_placering-indendoers","12":"pa_placering-udendoers","14":"first","15":"instock","16":"taxable","17":"shipping-taxable","18":"product-type-simple"},"acf":{"medarbejder":[11163],"shipping_info":"","delivery_info":"10","backorder_qty":"","backorder_date":null},"_links":{"self":[{"href":"https:\/\/shop.growdesign.dk\/da\/wp-json\/wp\/v2\/product\/32329","targetHints":{"allow":["GET"]}}],"collection":[{"href":"https:\/\/shop.growdesign.dk\/da\/wp-json\/wp\/v2\/product"}],"about":[{"href":"https:\/\/shop.growdesign.dk\/da\/wp-json\/wp\/v2\/types\/product"}],"version-history":[{"count":0,"href":"https:\/\/shop.growdesign.dk\/da\/wp-json\/wp\/v2\/product\/32329\/revisions"}],"acf:post":[{"embeddable":true,"href":"https:\/\/shop.growdesign.dk\/da\/wp-json\/wp\/v2\/medarbejder\/11163"}],"wp:featuredmedia":[{"embeddable":true,"href":"https:\/\/shop.growdesign.dk\/da\/wp-json\/wp\/v2\/media\/474089"}],"wp:attachment":[{"href":"https:\/\/shop.growdesign.dk\/da\/wp-json\/wp\/v2\/media?parent=32329"}],"wp:term":[{"taxonomy":"product_brand","embeddable":true,"href":"https:\/\/shop.growdesign.dk\/da\/wp-json\/wp\/v2\/product_brand?post=32329"},{"taxonomy":"product_cat","embeddable":true,"href":"https:\/\/shop.growdesign.dk\/da\/wp-json\/wp\/v2\/product_cat?post=32329"},{"taxonomy":"product_tag","embeddable":true,"href":"https:\/\/shop.growdesign.dk\/da\/wp-json\/wp\/v2\/product_tag?post=32329"}],"curies":[{"name":"wp","href":"https:\/\/api.w.org\/{rel}","templated":true}]}}