{"id":32331,"date":"2025-04-03T07:22:07","date_gmt":"2025-04-03T05:22:07","guid":{"rendered":"https:\/\/shop.growdesign.dk\/vare\/monte-civetta-exclusive-keramik-vase\/"},"modified":"2025-10-30T13:42:41","modified_gmt":"2025-10-30T12:42:41","slug":"monte-civetta-exclusive-keramik-vase","status":"publish","type":"product","link":"https:\/\/shop.growdesign.dk\/da\/item\/monte-civetta-exclusive-keramik-vase\/","title":{"rendered":"Monte Civetta Exclusive Keramik Vase"},"content":{"rendered":"<p>Exclusive Pottery Vase Antiquelook Surface multicolor &#8211; Indoor Use recormended Plastic Incert &#8211; Size H76\u00d861 cm<br \/>\nExclusiv Keramik vase &#8211; Overflade Antiklook flerfarvet &#8211; Indend\u00f8rs anbefales plastic indsats &#8211; Str H76\u00d861 cmles plastic indsats &#8211; Str H76\u00d861 cm<\/p>\n","protected":false},"excerpt":{"rendered":"<p>Exclusive Pottery Vase Antiquelook Surface multicolor &#8211; Indoor Use recormended Plastic Incert &#8211; Size H76\u00d861 cm Exclusiv Keramik vase &#8211; Overflade Antiklook flerfarvet &#8211; Indend\u00f8rs anbefales plastic indsats &#8211; Str H76\u00d861 cmles plastic indsats &#8211; Str H76\u00d861 cm<\/p>\n","protected":false},"featured_media":429045,"template":"","meta":{"_acf_changed":false},"product_brand":[],"product_cat":[1094],"product_tag":[],"class_list":{"0":"post-32331","1":"product","2":"type-product","3":"status-publish","4":"has-post-thumbnail","6":"product_cat-alle-krukker","7":"pa_farve-blaa","8":"pa_placering-indendoers","10":"first","11":"outofstock","12":"taxable","13":"shipping-taxable","14":"product-type-simple"},"acf":{"medarbejder":[11163],"shipping_info":"","delivery_info":"1","backorder_qty":"","backorder_date":null},"_links":{"self":[{"href":"https:\/\/shop.growdesign.dk\/da\/wp-json\/wp\/v2\/product\/32331","targetHints":{"allow":["GET"]}}],"collection":[{"href":"https:\/\/shop.growdesign.dk\/da\/wp-json\/wp\/v2\/product"}],"about":[{"href":"https:\/\/shop.growdesign.dk\/da\/wp-json\/wp\/v2\/types\/product"}],"version-history":[{"count":0,"href":"https:\/\/shop.growdesign.dk\/da\/wp-json\/wp\/v2\/product\/32331\/revisions"}],"acf:post":[{"embeddable":true,"href":"https:\/\/shop.growdesign.dk\/da\/wp-json\/wp\/v2\/medarbejder\/11163"}],"wp:featuredmedia":[{"embeddable":true,"href":"https:\/\/shop.growdesign.dk\/da\/wp-json\/wp\/v2\/media\/429045"}],"wp:attachment":[{"href":"https:\/\/shop.growdesign.dk\/da\/wp-json\/wp\/v2\/media?parent=32331"}],"wp:term":[{"taxonomy":"product_brand","embeddable":true,"href":"https:\/\/shop.growdesign.dk\/da\/wp-json\/wp\/v2\/product_brand?post=32331"},{"taxonomy":"product_cat","embeddable":true,"href":"https:\/\/shop.growdesign.dk\/da\/wp-json\/wp\/v2\/product_cat?post=32331"},{"taxonomy":"product_tag","embeddable":true,"href":"https:\/\/shop.growdesign.dk\/da\/wp-json\/wp\/v2\/product_tag?post=32331"}],"curies":[{"name":"wp","href":"https:\/\/api.w.org\/{rel}","templated":true}]}}