{"id":32343,"date":"2025-04-03T07:22:10","date_gmt":"2025-04-03T05:22:10","guid":{"rendered":"https:\/\/shop.growdesign.dk\/vare\/etna-bowl-black-clay-set-3\/"},"modified":"2026-04-01T15:02:00","modified_gmt":"2026-04-01T13:02:00","slug":"etna-bowl-black-clay-set-3","status":"publish","type":"product","link":"https:\/\/shop.growdesign.dk\/da\/item\/etna-bowl-black-clay-set-3\/","title":{"rendered":"Etna Bowl Black Clay Set 3"},"content":{"rendered":"<p>Smukt Black Clay s\u00e6t a 3str., med dr\u00e6nhul<br \/>\nD70|56|32cm H30|25|18cm<br \/>\nsuperst\u00e6rk krukke til det nordiske klima<\/p>\n","protected":false},"excerpt":{"rendered":"<p>Smukt Black Clay s\u00e6t a 3str., med dr\u00e6nhul D70|56|32cm H30|25|18cm superst\u00e6rk krukke til det nordiske klima<\/p>\n","protected":false},"featured_media":429053,"template":"","meta":{"_acf_changed":false},"product_brand":[3076],"product_cat":[1094],"product_tag":[],"class_list":{"0":"post-32343","1":"product","2":"type-product","3":"status-publish","4":"has-post-thumbnail","6":"product_brand-private-label-black-clay","7":"product_cat-alle-krukker","8":"pa_farve-brun","9":"pa_form-bowle","10":"pa_materiale-black-clay","11":"pa_overflade-rough","12":"pa_placering-indendoers","13":"pa_placering-udendoers","15":"first","16":"instock","17":"taxable","18":"shipping-taxable","19":"product-type-simple"},"acf":{"medarbejder":[11163],"shipping_info":"","delivery_info":"10","backorder_qty":"","backorder_date":null},"_links":{"self":[{"href":"https:\/\/shop.growdesign.dk\/da\/wp-json\/wp\/v2\/product\/32343","targetHints":{"allow":["GET"]}}],"collection":[{"href":"https:\/\/shop.growdesign.dk\/da\/wp-json\/wp\/v2\/product"}],"about":[{"href":"https:\/\/shop.growdesign.dk\/da\/wp-json\/wp\/v2\/types\/product"}],"version-history":[{"count":0,"href":"https:\/\/shop.growdesign.dk\/da\/wp-json\/wp\/v2\/product\/32343\/revisions"}],"acf:post":[{"embeddable":true,"href":"https:\/\/shop.growdesign.dk\/da\/wp-json\/wp\/v2\/medarbejder\/11163"}],"wp:featuredmedia":[{"embeddable":true,"href":"https:\/\/shop.growdesign.dk\/da\/wp-json\/wp\/v2\/media\/429053"}],"wp:attachment":[{"href":"https:\/\/shop.growdesign.dk\/da\/wp-json\/wp\/v2\/media?parent=32343"}],"wp:term":[{"taxonomy":"product_brand","embeddable":true,"href":"https:\/\/shop.growdesign.dk\/da\/wp-json\/wp\/v2\/product_brand?post=32343"},{"taxonomy":"product_cat","embeddable":true,"href":"https:\/\/shop.growdesign.dk\/da\/wp-json\/wp\/v2\/product_cat?post=32343"},{"taxonomy":"product_tag","embeddable":true,"href":"https:\/\/shop.growdesign.dk\/da\/wp-json\/wp\/v2\/product_tag?post=32343"}],"curies":[{"name":"wp","href":"https:\/\/api.w.org\/{rel}","templated":true}]}}