{"id":32400,"date":"2025-04-03T07:22:25","date_gmt":"2025-04-03T05:22:25","guid":{"rendered":"https:\/\/shop.growdesign.dk\/vare\/zink-underfad-saucer-oe50-cm-xl\/"},"modified":"2026-04-01T15:02:04","modified_gmt":"2026-04-01T13:02:04","slug":"zink-underfad-saucer-oe50-cm-xl","status":"publish","type":"product","link":"https:\/\/shop.growdesign.dk\/da\/item\/zink-underfad-saucer-oe50-cm-xl\/","title":{"rendered":"Zink underfad \/ Saucer \u00d850 cm XL"},"content":{"rendered":"<p>P\u00e5 lager til for\u00e5r 2024 | on stock spring 2024<br \/>\nZinkunderfad XL | Zink saucer XL<\/p>\n","protected":false},"excerpt":{"rendered":"<p>P\u00e5 lager til for\u00e5r 2024 | on stock spring 2024 Zinkunderfad XL | Zink saucer XL<\/p>\n","protected":false},"featured_media":429152,"template":"","meta":{"_acf_changed":false},"product_brand":[],"product_cat":[16701,3077],"product_tag":[],"class_list":{"0":"post-32400","1":"product","2":"type-product","3":"status-publish","4":"has-post-thumbnail","6":"product_cat-diverse","7":"product_cat-underfade","8":"pa_farve-zink","9":"pa_form-fad","10":"pa_materiale-zink","11":"pa_placering-indendoers","12":"pa_placering-udendoers","14":"first","15":"instock","16":"taxable","17":"shipping-taxable","18":"product-type-simple"},"acf":{"medarbejder":[34312],"shipping_info":"","delivery_info":"10","backorder_qty":"","backorder_date":null},"_links":{"self":[{"href":"https:\/\/shop.growdesign.dk\/da\/wp-json\/wp\/v2\/product\/32400","targetHints":{"allow":["GET"]}}],"collection":[{"href":"https:\/\/shop.growdesign.dk\/da\/wp-json\/wp\/v2\/product"}],"about":[{"href":"https:\/\/shop.growdesign.dk\/da\/wp-json\/wp\/v2\/types\/product"}],"version-history":[{"count":0,"href":"https:\/\/shop.growdesign.dk\/da\/wp-json\/wp\/v2\/product\/32400\/revisions"}],"acf:post":[{"embeddable":true,"href":"https:\/\/shop.growdesign.dk\/da\/wp-json\/wp\/v2\/medarbejder\/34312"}],"wp:featuredmedia":[{"embeddable":true,"href":"https:\/\/shop.growdesign.dk\/da\/wp-json\/wp\/v2\/media\/429152"}],"wp:attachment":[{"href":"https:\/\/shop.growdesign.dk\/da\/wp-json\/wp\/v2\/media?parent=32400"}],"wp:term":[{"taxonomy":"product_brand","embeddable":true,"href":"https:\/\/shop.growdesign.dk\/da\/wp-json\/wp\/v2\/product_brand?post=32400"},{"taxonomy":"product_cat","embeddable":true,"href":"https:\/\/shop.growdesign.dk\/da\/wp-json\/wp\/v2\/product_cat?post=32400"},{"taxonomy":"product_tag","embeddable":true,"href":"https:\/\/shop.growdesign.dk\/da\/wp-json\/wp\/v2\/product_tag?post=32400"}],"curies":[{"name":"wp","href":"https:\/\/api.w.org\/{rel}","templated":true}]}}