{"id":335485,"date":"2025-09-30T08:45:17","date_gmt":"2025-09-30T06:45:17","guid":{"rendered":"https:\/\/shop.growdesign.dk\/item\/amarillo-black-set-3\/"},"modified":"2026-04-01T15:02:15","modified_gmt":"2026-04-01T13:02:15","slug":"amarillo-black-set-3","status":"publish","type":"product","link":"https:\/\/shop.growdesign.dk\/da\/item\/amarillo-black-set-3\/","title":{"rendered":"Amarillo Black Set 3"},"content":{"rendered":"<p>Fiberglas planters 10 years frost garantee, incl drain and integrated feet<\/p>\n<p>Fiberglas krukke til outdoor, 10 \u00e5rs garanti p\u00e5 krukken,<br \/>\noverfladen er glat mat svagt nisteret<br \/>\nKrukken er med integrerede f\u00f8dder og dr\u00e6n<br \/>\nD57|41|28cm  H57|45|30cm <\/p>\n","protected":false},"excerpt":{"rendered":"<p>Fiberglas planters 10 years frost garantee, incl drain and integrated feet Fiberglas krukke til outdoor, 10 \u00e5rs garanti p\u00e5 krukken, overfladen er glat mat svagt nisteret Krukken er med integrerede f\u00f8dder og dr\u00e6n D57|41|28cm H57|45|30cm<\/p>\n","protected":false},"featured_media":477988,"template":"","meta":{"_acf_changed":false},"product_brand":[2807],"product_cat":[1094],"product_tag":[],"class_list":{"0":"post-335485","1":"product","2":"type-product","3":"status-publish","4":"has-post-thumbnail","6":"product_brand-franoma-natureline","7":"product_cat-alle-krukker","8":"pa_farve-sort","9":"pa_form-konisk","10":"pa_materiale-glasfiber","11":"pa_overflade-mat","12":"pa_placering-indendoers","13":"pa_placering-udendoers","14":"pa_struktur-glat","16":"first","17":"instock","18":"taxable","19":"shipping-taxable","20":"product-type-simple"},"acf":{"medarbejder":[11163],"shipping_info":"","delivery_info":"10","backorder_qty":"","backorder_date":null},"_links":{"self":[{"href":"https:\/\/shop.growdesign.dk\/da\/wp-json\/wp\/v2\/product\/335485","targetHints":{"allow":["GET"]}}],"collection":[{"href":"https:\/\/shop.growdesign.dk\/da\/wp-json\/wp\/v2\/product"}],"about":[{"href":"https:\/\/shop.growdesign.dk\/da\/wp-json\/wp\/v2\/types\/product"}],"version-history":[{"count":2,"href":"https:\/\/shop.growdesign.dk\/da\/wp-json\/wp\/v2\/product\/335485\/revisions"}],"predecessor-version":[{"id":475975,"href":"https:\/\/shop.growdesign.dk\/da\/wp-json\/wp\/v2\/product\/335485\/revisions\/475975"}],"acf:post":[{"embeddable":true,"href":"https:\/\/shop.growdesign.dk\/da\/wp-json\/wp\/v2\/medarbejder\/11163"}],"wp:featuredmedia":[{"embeddable":true,"href":"https:\/\/shop.growdesign.dk\/da\/wp-json\/wp\/v2\/media\/477988"}],"wp:attachment":[{"href":"https:\/\/shop.growdesign.dk\/da\/wp-json\/wp\/v2\/media?parent=335485"}],"wp:term":[{"taxonomy":"product_brand","embeddable":true,"href":"https:\/\/shop.growdesign.dk\/da\/wp-json\/wp\/v2\/product_brand?post=335485"},{"taxonomy":"product_cat","embeddable":true,"href":"https:\/\/shop.growdesign.dk\/da\/wp-json\/wp\/v2\/product_cat?post=335485"},{"taxonomy":"product_tag","embeddable":true,"href":"https:\/\/shop.growdesign.dk\/da\/wp-json\/wp\/v2\/product_tag?post=335485"}],"curies":[{"name":"wp","href":"https:\/\/api.w.org\/{rel}","templated":true}]}}