{"id":335521,"date":"2025-09-30T08:46:59","date_gmt":"2025-09-30T06:46:59","guid":{"rendered":"https:\/\/shop.growdesign.dk\/item\/garland-brown-sandstone-set-3\/"},"modified":"2026-04-09T17:13:39","modified_gmt":"2026-04-09T15:13:39","slug":"garland-brown-sandstone-set-3","status":"publish","type":"product","link":"https:\/\/shop.growdesign.dk\/da\/item\/garland-brown-sandstone-set-3\/","title":{"rendered":"Garland Brown Sandstone Set 3"},"content":{"rendered":"<p>Brown Fiberglas planter with sandstone surface integrated feet and drain<br \/>\n10 years of frost guarantee<br \/>\nBrun Glasfiber krukke med l\u00e6kker sandet overflade<br \/>\nintegrerede krukkef\u00f8dder<br \/>\ninkl dr\u00e6nhul<\/p>\n","protected":false},"excerpt":{"rendered":"<p>Brown Fiberglas planter with sandstone surface integrated feet and drain 10 years of frost guarantee Brun Glasfiber krukke med l\u00e6kker sandet overflade integrerede krukkef\u00f8dder inkl dr\u00e6nhul<\/p>\n","protected":false},"featured_media":478468,"template":"","meta":{"_acf_changed":false},"product_brand":[2809],"product_cat":[1094],"product_tag":[],"class_list":{"0":"post-335521","1":"product","2":"type-product","3":"status-publish","4":"has-post-thumbnail","6":"product_brand-franoma-sandstone","7":"product_cat-alle-krukker","8":"pa_farve-brun-sandsten","9":"pa_form-cylinder","10":"pa_materiale-glasfiber","11":"pa_overflade-sandsten","12":"pa_placering-indendoers","13":"pa_placering-udendoers","15":"first","16":"instock","17":"taxable","18":"shipping-taxable","19":"product-type-simple"},"acf":{"medarbejder":[11163],"shipping_info":"","delivery_info":"10","backorder_qty":"","backorder_date":null},"_links":{"self":[{"href":"https:\/\/shop.growdesign.dk\/da\/wp-json\/wp\/v2\/product\/335521","targetHints":{"allow":["GET"]}}],"collection":[{"href":"https:\/\/shop.growdesign.dk\/da\/wp-json\/wp\/v2\/product"}],"about":[{"href":"https:\/\/shop.growdesign.dk\/da\/wp-json\/wp\/v2\/types\/product"}],"version-history":[{"count":2,"href":"https:\/\/shop.growdesign.dk\/da\/wp-json\/wp\/v2\/product\/335521\/revisions"}],"predecessor-version":[{"id":475963,"href":"https:\/\/shop.growdesign.dk\/da\/wp-json\/wp\/v2\/product\/335521\/revisions\/475963"}],"acf:post":[{"embeddable":true,"href":"https:\/\/shop.growdesign.dk\/da\/wp-json\/wp\/v2\/medarbejder\/11163"}],"wp:featuredmedia":[{"embeddable":true,"href":"https:\/\/shop.growdesign.dk\/da\/wp-json\/wp\/v2\/media\/478468"}],"wp:attachment":[{"href":"https:\/\/shop.growdesign.dk\/da\/wp-json\/wp\/v2\/media?parent=335521"}],"wp:term":[{"taxonomy":"product_brand","embeddable":true,"href":"https:\/\/shop.growdesign.dk\/da\/wp-json\/wp\/v2\/product_brand?post=335521"},{"taxonomy":"product_cat","embeddable":true,"href":"https:\/\/shop.growdesign.dk\/da\/wp-json\/wp\/v2\/product_cat?post=335521"},{"taxonomy":"product_tag","embeddable":true,"href":"https:\/\/shop.growdesign.dk\/da\/wp-json\/wp\/v2\/product_tag?post=335521"}],"curies":[{"name":"wp","href":"https:\/\/api.w.org\/{rel}","templated":true}]}}