{"id":38680,"date":"2025-05-20T20:25:04","date_gmt":"2025-05-20T18:25:04","guid":{"rendered":"https:\/\/shop.growdesign.dk\/item\/cast-iron-cup-pluto-s\/"},"modified":"2026-04-01T15:02:00","modified_gmt":"2026-04-01T13:02:00","slug":"cast-iron-cup-pluto-s","status":"publish","type":"product","link":"https:\/\/shop.growdesign.dk\/da\/item\/cast-iron-cup-pluto-s\/","title":{"rendered":"Cast Iron Cup Pluto S"},"content":{"rendered":"<p>St\u00f8bejernspokal, st\u00e5r som IKKE f\u00e6rdigrustet<br \/>\nDer m\u00e5 forventes l\u00f8berust fra produktet<br \/>\nder er hul i bunden<\/p>\n","protected":false},"excerpt":{"rendered":"<p>St\u00f8bejernspokal, st\u00e5r som IKKE f\u00e6rdigrustet Der m\u00e5 forventes l\u00f8berust fra produktet der er hul i bunden<\/p>\n","protected":false},"featured_media":429046,"template":"","meta":{"_acf_changed":false},"product_brand":[],"product_cat":[1094,806],"product_tag":[],"class_list":{"0":"post-38680","1":"product","2":"type-product","3":"status-publish","4":"has-post-thumbnail","6":"product_cat-alle-krukker","7":"product_cat-dekorationer","8":"pa_farve-rust","9":"pa_form-amfora","10":"pa_materiale-jern","11":"pa_overflade-rust","12":"pa_placering-indendoers","13":"pa_placering-udendoers","14":"pa_struktur-moenster","16":"first","17":"instock","18":"taxable","19":"shipping-taxable","20":"product-type-simple"},"acf":{"medarbejder":[11163],"shipping_info":"","delivery_info":"10","backorder_qty":"","backorder_date":null},"_links":{"self":[{"href":"https:\/\/shop.growdesign.dk\/da\/wp-json\/wp\/v2\/product\/38680","targetHints":{"allow":["GET"]}}],"collection":[{"href":"https:\/\/shop.growdesign.dk\/da\/wp-json\/wp\/v2\/product"}],"about":[{"href":"https:\/\/shop.growdesign.dk\/da\/wp-json\/wp\/v2\/types\/product"}],"version-history":[{"count":1,"href":"https:\/\/shop.growdesign.dk\/da\/wp-json\/wp\/v2\/product\/38680\/revisions"}],"predecessor-version":[{"id":46507,"href":"https:\/\/shop.growdesign.dk\/da\/wp-json\/wp\/v2\/product\/38680\/revisions\/46507"}],"acf:post":[{"embeddable":true,"href":"https:\/\/shop.growdesign.dk\/da\/wp-json\/wp\/v2\/medarbejder\/11163"}],"wp:featuredmedia":[{"embeddable":true,"href":"https:\/\/shop.growdesign.dk\/da\/wp-json\/wp\/v2\/media\/429046"}],"wp:attachment":[{"href":"https:\/\/shop.growdesign.dk\/da\/wp-json\/wp\/v2\/media?parent=38680"}],"wp:term":[{"taxonomy":"product_brand","embeddable":true,"href":"https:\/\/shop.growdesign.dk\/da\/wp-json\/wp\/v2\/product_brand?post=38680"},{"taxonomy":"product_cat","embeddable":true,"href":"https:\/\/shop.growdesign.dk\/da\/wp-json\/wp\/v2\/product_cat?post=38680"},{"taxonomy":"product_tag","embeddable":true,"href":"https:\/\/shop.growdesign.dk\/da\/wp-json\/wp\/v2\/product_tag?post=38680"}],"curies":[{"name":"wp","href":"https:\/\/api.w.org\/{rel}","templated":true}]}}