{"id":38684,"date":"2025-05-20T20:25:06","date_gmt":"2025-05-20T18:25:06","guid":{"rendered":"https:\/\/shop.growdesign.dk\/item\/karakoram-bowl-fiberbeton-7\/"},"modified":"2026-03-20T10:44:34","modified_gmt":"2026-03-20T09:44:34","slug":"karakoram-bowl-fiberbeton-7","status":"publish","type":"product","link":"https:\/\/shop.growdesign.dk\/da\/item\/karakoram-bowl-fiberbeton-7\/","title":{"rendered":"KaraKoram Bowl Fiberbeton"},"content":{"rendered":"<p>Fiberbeton Bowl &#8211; Use indoor remamber plastic insert<br \/>\nFiberbeton Plantesk\u00e5l &#8211; Ved brug inde husk plastindsats<br \/>\ntesk\u00e5l &#8211; Ved brug inde husk plastindasts &#8211; det kommer i s\u00e6t af 3  (\u00d873 \/ \u00d855 \/ \u00d838) Pris pr. s\u00e6t 654kr.<br \/>\nS\u00e6t af 2 (\u00d855 \/ \u00d838) pris pr s\u00e6t 296,-kr<\/p>\n","protected":false},"excerpt":{"rendered":"<p>Fiberbeton Bowl &#8211; Use indoor remamber plastic insert Fiberbeton Plantesk\u00e5l &#8211; Ved brug inde husk plastindsats tesk\u00e5l &#8211; Ved brug inde husk plastindasts &#8211; det kommer i s\u00e6t af 3 (\u00d873 \/ \u00d855 \/ \u00d838) Pris pr. s\u00e6t 654kr. S\u00e6t af 2 (\u00d855 \/ \u00d838) pris pr s\u00e6t 296,-kr<\/p>\n","protected":false},"featured_media":423098,"template":"","meta":{"_acf_changed":false},"product_brand":[],"product_cat":[1094],"product_tag":[],"class_list":{"0":"post-38684","1":"product","2":"type-product","3":"status-publish","4":"has-post-thumbnail","6":"product_cat-alle-krukker","7":"pa_farve-groen","8":"pa_form-bowle","9":"pa_materiale-fiberbeton","10":"pa_overflade-mat","11":"pa_placering-indendoers","12":"pa_placering-udendoers","14":"first","15":"outofstock","16":"taxable","17":"shipping-taxable","18":"product-type-simple"},"acf":{"medarbejder":[11163],"shipping_info":"","delivery_info":"1","backorder_qty":"","backorder_date":null},"_links":{"self":[{"href":"https:\/\/shop.growdesign.dk\/da\/wp-json\/wp\/v2\/product\/38684","targetHints":{"allow":["GET"]}}],"collection":[{"href":"https:\/\/shop.growdesign.dk\/da\/wp-json\/wp\/v2\/product"}],"about":[{"href":"https:\/\/shop.growdesign.dk\/da\/wp-json\/wp\/v2\/types\/product"}],"version-history":[{"count":1,"href":"https:\/\/shop.growdesign.dk\/da\/wp-json\/wp\/v2\/product\/38684\/revisions"}],"predecessor-version":[{"id":46511,"href":"https:\/\/shop.growdesign.dk\/da\/wp-json\/wp\/v2\/product\/38684\/revisions\/46511"}],"acf:post":[{"embeddable":true,"href":"https:\/\/shop.growdesign.dk\/da\/wp-json\/wp\/v2\/medarbejder\/11163"}],"wp:featuredmedia":[{"embeddable":true,"href":"https:\/\/shop.growdesign.dk\/da\/wp-json\/wp\/v2\/media\/423098"}],"wp:attachment":[{"href":"https:\/\/shop.growdesign.dk\/da\/wp-json\/wp\/v2\/media?parent=38684"}],"wp:term":[{"taxonomy":"product_brand","embeddable":true,"href":"https:\/\/shop.growdesign.dk\/da\/wp-json\/wp\/v2\/product_brand?post=38684"},{"taxonomy":"product_cat","embeddable":true,"href":"https:\/\/shop.growdesign.dk\/da\/wp-json\/wp\/v2\/product_cat?post=38684"},{"taxonomy":"product_tag","embeddable":true,"href":"https:\/\/shop.growdesign.dk\/da\/wp-json\/wp\/v2\/product_tag?post=38684"}],"curies":[{"name":"wp","href":"https:\/\/api.w.org\/{rel}","templated":true}]}}