{"id":38729,"date":"2025-05-20T20:25:43","date_gmt":"2025-05-20T18:25:43","guid":{"rendered":"https:\/\/shop.growdesign.dk\/item\/croda-grande-fiberbeton-pots-set-2\/"},"modified":"2026-03-11T14:44:22","modified_gmt":"2026-03-11T13:44:22","slug":"croda-grande-fiberbeton-pots-set-2","status":"publish","type":"product","link":"https:\/\/shop.growdesign.dk\/da\/item\/croda-grande-fiberbeton-pots-set-2\/","title":{"rendered":"Croda Grande Fiberbeton pots set 2"},"content":{"rendered":"<p>Krukkes\u00e6t fiberbeton med m\u00f8nster, dr\u00e6nhul i bunden<br \/>\nD32H42 | D20H30cmrukkes\u00e6t fiberbeton med m\u00f8nster, dr\u00e6nhul i bunden<br \/>\nD32H42 | D20H30cm<\/p>\n","protected":false},"excerpt":{"rendered":"<p>Krukkes\u00e6t fiberbeton med m\u00f8nster, dr\u00e6nhul i bunden D32H42 | D20H30cmrukkes\u00e6t fiberbeton med m\u00f8nster, dr\u00e6nhul i bunden D32H42 | D20H30cm<\/p>\n","protected":false},"featured_media":474104,"template":"","meta":{"_acf_changed":false},"product_brand":[],"product_cat":[1094,1107],"product_tag":[],"class_list":{"0":"post-38729","1":"product","2":"type-product","3":"status-publish","4":"has-post-thumbnail","6":"product_cat-alle-krukker","7":"product_cat-kampagner","8":"pa_farve-hvid","9":"pa_form-rund","10":"pa_materiale-fiberstone","11":"pa_overflade-antik","12":"pa_placering-indendoers","13":"pa_placering-udendoers","15":"first","16":"outofstock","17":"sale","18":"taxable","19":"shipping-taxable","20":"product-type-simple"},"acf":{"medarbejder":[11163],"shipping_info":"","delivery_info":"1","backorder_qty":"","backorder_date":null},"_links":{"self":[{"href":"https:\/\/shop.growdesign.dk\/da\/wp-json\/wp\/v2\/product\/38729","targetHints":{"allow":["GET"]}}],"collection":[{"href":"https:\/\/shop.growdesign.dk\/da\/wp-json\/wp\/v2\/product"}],"about":[{"href":"https:\/\/shop.growdesign.dk\/da\/wp-json\/wp\/v2\/types\/product"}],"version-history":[{"count":1,"href":"https:\/\/shop.growdesign.dk\/da\/wp-json\/wp\/v2\/product\/38729\/revisions"}],"predecessor-version":[{"id":46556,"href":"https:\/\/shop.growdesign.dk\/da\/wp-json\/wp\/v2\/product\/38729\/revisions\/46556"}],"acf:post":[{"embeddable":true,"href":"https:\/\/shop.growdesign.dk\/da\/wp-json\/wp\/v2\/medarbejder\/11163"}],"wp:featuredmedia":[{"embeddable":true,"href":"https:\/\/shop.growdesign.dk\/da\/wp-json\/wp\/v2\/media\/474104"}],"wp:attachment":[{"href":"https:\/\/shop.growdesign.dk\/da\/wp-json\/wp\/v2\/media?parent=38729"}],"wp:term":[{"taxonomy":"product_brand","embeddable":true,"href":"https:\/\/shop.growdesign.dk\/da\/wp-json\/wp\/v2\/product_brand?post=38729"},{"taxonomy":"product_cat","embeddable":true,"href":"https:\/\/shop.growdesign.dk\/da\/wp-json\/wp\/v2\/product_cat?post=38729"},{"taxonomy":"product_tag","embeddable":true,"href":"https:\/\/shop.growdesign.dk\/da\/wp-json\/wp\/v2\/product_tag?post=38729"}],"curies":[{"name":"wp","href":"https:\/\/api.w.org\/{rel}","templated":true}]}}