{"id":38805,"date":"2025-05-20T20:26:42","date_gmt":"2025-05-20T18:26:42","guid":{"rendered":"https:\/\/shop.growdesign.dk\/item\/nile-fiberstruktur-mat\/"},"modified":"2026-04-04T06:12:05","modified_gmt":"2026-04-04T04:12:05","slug":"nile-fiberstruktur-mat","status":"publish","type":"product","link":"https:\/\/shop.growdesign.dk\/da\/item\/nile-fiberstruktur-mat\/","title":{"rendered":"Nile Fiberstruktur Mat"},"content":{"rendered":"<p>Nile Mat Fiberstone &#8211; Frost resistant &#8211; When used Outdoor recormended hole in Bottom and well drained with Leca nuts and feets to rise it a bit from the surface &#8211; When used Indoor recormended Plastic Insert &#8211; Plastic insert DVS-80164<br \/>\nNile Mat Fiberstone &#8211; Frostsikker &#8211; Ved udebrug anbefales hul i bunden og dr\u00e6n med Leca, h\u00e6v krukken fra underlag med f\u00f8dder &#8211; Ved brug inde husk plastindsat.<br \/>\nPlast indsats: DVS-80164<br \/>\n10kg<\/p>\n","protected":false},"excerpt":{"rendered":"<p>Nile Mat Fiberstone &#8211; Frost resistant &#8211; When used Outdoor recormended hole in Bottom and well drained with Leca nuts and feets to rise it a bit from the surface &#8211; When used Indoor recormended Plastic Insert &#8211; Plastic insert DVS-80164 Nile Mat Fiberstone &#8211; Frostsikker &#8211; Ved udebrug anbefales hul i bunden og dr\u00e6n [&hellip;]<\/p>\n","protected":false},"featured_media":429256,"template":"","meta":{"_acf_changed":false},"product_brand":[2580],"product_cat":[1094,1107],"product_tag":[],"class_list":{"0":"post-38805","1":"product","2":"type-product","3":"status-publish","4":"has-post-thumbnail","6":"product_brand-private-label-fiberstruktur-outdoor","7":"product_cat-alle-krukker","8":"product_cat-kampagner","9":"pa_farve-sort","10":"pa_form-rektangel","11":"pa_materiale-glasfiber","12":"pa_overflade-sandsten","13":"pa_placering-indendoers","14":"pa_placering-udendoers","16":"first","17":"instock","18":"sale","19":"taxable","20":"shipping-taxable","21":"product-type-simple"},"acf":{"medarbejder":[11163],"shipping_info":"","delivery_info":"11","backorder_qty":"","backorder_date":null},"_links":{"self":[{"href":"https:\/\/shop.growdesign.dk\/da\/wp-json\/wp\/v2\/product\/38805","targetHints":{"allow":["GET"]}}],"collection":[{"href":"https:\/\/shop.growdesign.dk\/da\/wp-json\/wp\/v2\/product"}],"about":[{"href":"https:\/\/shop.growdesign.dk\/da\/wp-json\/wp\/v2\/types\/product"}],"version-history":[{"count":1,"href":"https:\/\/shop.growdesign.dk\/da\/wp-json\/wp\/v2\/product\/38805\/revisions"}],"predecessor-version":[{"id":46628,"href":"https:\/\/shop.growdesign.dk\/da\/wp-json\/wp\/v2\/product\/38805\/revisions\/46628"}],"acf:post":[{"embeddable":true,"href":"https:\/\/shop.growdesign.dk\/da\/wp-json\/wp\/v2\/medarbejder\/11163"}],"wp:featuredmedia":[{"embeddable":true,"href":"https:\/\/shop.growdesign.dk\/da\/wp-json\/wp\/v2\/media\/429256"}],"wp:attachment":[{"href":"https:\/\/shop.growdesign.dk\/da\/wp-json\/wp\/v2\/media?parent=38805"}],"wp:term":[{"taxonomy":"product_brand","embeddable":true,"href":"https:\/\/shop.growdesign.dk\/da\/wp-json\/wp\/v2\/product_brand?post=38805"},{"taxonomy":"product_cat","embeddable":true,"href":"https:\/\/shop.growdesign.dk\/da\/wp-json\/wp\/v2\/product_cat?post=38805"},{"taxonomy":"product_tag","embeddable":true,"href":"https:\/\/shop.growdesign.dk\/da\/wp-json\/wp\/v2\/product_tag?post=38805"}],"curies":[{"name":"wp","href":"https:\/\/api.w.org\/{rel}","templated":true}]}}