{"id":38818,"date":"2025-05-20T20:26:51","date_gmt":"2025-05-20T18:26:51","guid":{"rendered":"https:\/\/shop.growdesign.dk\/item\/nile-high-fiberstruktur-sand-preb-wheels\/"},"modified":"2026-01-12T11:14:11","modified_gmt":"2026-01-12T10:14:11","slug":"nile-high-fiberstruktur-sand-preb-wheels","status":"publish","type":"product","link":"https:\/\/shop.growdesign.dk\/da\/item\/nile-high-fiberstruktur-sand-preb-wheels\/","title":{"rendered":"Nile High Fiberstruktur Sand Preb. Wheels"},"content":{"rendered":"<p>Nile High Sand &#8211; Frost resistant &#8211; When used Outdoor recormended hole in Bottom and well drained with Leca nuts and feets to rise it a bit from the surface &#8211; When used Indoor recormended Plastic Insert<br \/>\nNile High Sand &#8211; Frostsikker &#8211; Ved udebrug anbefales hul i bunden og dr\u00e6n med Leca, h\u00e6v krukken fra underlag med f\u00f8dder &#8211; Ved brug inde husk plastindsat DVS-80165 &#8211; 2 x Coaster hjuls\u00e6t LZA-13403<\/p>\n","protected":false},"excerpt":{"rendered":"<p>Nile High Sand &#8211; Frost resistant &#8211; When used Outdoor recormended hole in Bottom and well drained with Leca nuts and feets to rise it a bit from the surface &#8211; When used Indoor recormended Plastic Insert Nile High Sand &#8211; Frostsikker &#8211; Ved udebrug anbefales hul i bunden og dr\u00e6n med Leca, h\u00e6v krukken [&hellip;]<\/p>\n","protected":false},"featured_media":429268,"template":"","meta":{"_acf_changed":false},"product_brand":[2580],"product_cat":[1094],"product_tag":[],"class_list":{"0":"post-38818","1":"product","2":"type-product","3":"status-publish","4":"has-post-thumbnail","6":"product_brand-private-label-fiberstruktur-outdoor","7":"product_cat-alle-krukker","8":"pa_farve-graa","9":"pa_form-rektangel","10":"pa_materiale-glasfiber","11":"pa_overflade-sandsten","12":"pa_placering-indendoers","13":"pa_placering-udendoers","15":"first","16":"outofstock","17":"taxable","18":"shipping-taxable","19":"product-type-simple"},"acf":{"medarbejder":[11163],"shipping_info":"","delivery_info":"1","backorder_qty":"","backorder_date":null},"_links":{"self":[{"href":"https:\/\/shop.growdesign.dk\/da\/wp-json\/wp\/v2\/product\/38818","targetHints":{"allow":["GET"]}}],"collection":[{"href":"https:\/\/shop.growdesign.dk\/da\/wp-json\/wp\/v2\/product"}],"about":[{"href":"https:\/\/shop.growdesign.dk\/da\/wp-json\/wp\/v2\/types\/product"}],"version-history":[{"count":1,"href":"https:\/\/shop.growdesign.dk\/da\/wp-json\/wp\/v2\/product\/38818\/revisions"}],"predecessor-version":[{"id":46641,"href":"https:\/\/shop.growdesign.dk\/da\/wp-json\/wp\/v2\/product\/38818\/revisions\/46641"}],"acf:post":[{"embeddable":true,"href":"https:\/\/shop.growdesign.dk\/da\/wp-json\/wp\/v2\/medarbejder\/11163"}],"wp:featuredmedia":[{"embeddable":true,"href":"https:\/\/shop.growdesign.dk\/da\/wp-json\/wp\/v2\/media\/429268"}],"wp:attachment":[{"href":"https:\/\/shop.growdesign.dk\/da\/wp-json\/wp\/v2\/media?parent=38818"}],"wp:term":[{"taxonomy":"product_brand","embeddable":true,"href":"https:\/\/shop.growdesign.dk\/da\/wp-json\/wp\/v2\/product_brand?post=38818"},{"taxonomy":"product_cat","embeddable":true,"href":"https:\/\/shop.growdesign.dk\/da\/wp-json\/wp\/v2\/product_cat?post=38818"},{"taxonomy":"product_tag","embeddable":true,"href":"https:\/\/shop.growdesign.dk\/da\/wp-json\/wp\/v2\/product_tag?post=38818"}],"curies":[{"name":"wp","href":"https:\/\/api.w.org\/{rel}","templated":true}]}}