{"id":38819,"date":"2025-05-20T20:26:51","date_gmt":"2025-05-20T18:26:51","guid":{"rendered":"https:\/\/shop.growdesign.dk\/item\/negro-mat-fiberstruktur\/"},"modified":"2026-03-20T11:15:59","modified_gmt":"2026-03-20T10:15:59","slug":"negro-mat-fiberstruktur","status":"publish","type":"product","link":"https:\/\/shop.growdesign.dk\/da\/item\/negro-mat-fiberstruktur\/","title":{"rendered":"Negro Mat Fiberstruktur"},"content":{"rendered":"<p>Negro Sand Round &#8211; Frost resistant &#8211; When used Outdoor recormended<br \/>\nhole in Bottom and well drained with Leca nuts and feets to rise it a bit from the surface &#8211; When used Indoor recormended Plastic Insert<br \/>\nNegro Sand Round &#8211; Frostsikker &#8211; Ved udebrug anbefales hul i bunden og dr\u00e6n med Leca, h\u00e6v krukken fra underlag med f\u00f8dder &#8211; Ved brug inde husk plastindsat.lastic Insert<\/p>\n","protected":false},"excerpt":{"rendered":"<p>Negro Sand Round &#8211; Frost resistant &#8211; When used Outdoor recormended hole in Bottom and well drained with Leca nuts and feets to rise it a bit from the surface &#8211; When used Indoor recormended Plastic Insert Negro Sand Round &#8211; Frostsikker &#8211; Ved udebrug anbefales hul i bunden og dr\u00e6n med Leca, h\u00e6v krukken [&hellip;]<\/p>\n","protected":false},"featured_media":429269,"template":"","meta":{"_acf_changed":false},"product_brand":[2580],"product_cat":[1094],"product_tag":[],"class_list":{"0":"post-38819","1":"product","2":"type-product","3":"status-publish","4":"has-post-thumbnail","6":"product_brand-private-label-fiberstruktur-outdoor","7":"product_cat-alle-krukker","8":"pa_farve-graa","9":"pa_form-bowle","10":"pa_materiale-glasfiber","11":"pa_overflade-sandsten","12":"pa_placering-indendoers","13":"pa_placering-udendoers","14":"pa_planter-pr-krukke-2892","16":"first","17":"outofstock","18":"taxable","19":"shipping-taxable","20":"product-type-simple"},"acf":{"medarbejder":[11163],"shipping_info":"","delivery_info":"1","backorder_qty":"","backorder_date":null},"_links":{"self":[{"href":"https:\/\/shop.growdesign.dk\/da\/wp-json\/wp\/v2\/product\/38819","targetHints":{"allow":["GET"]}}],"collection":[{"href":"https:\/\/shop.growdesign.dk\/da\/wp-json\/wp\/v2\/product"}],"about":[{"href":"https:\/\/shop.growdesign.dk\/da\/wp-json\/wp\/v2\/types\/product"}],"version-history":[{"count":1,"href":"https:\/\/shop.growdesign.dk\/da\/wp-json\/wp\/v2\/product\/38819\/revisions"}],"predecessor-version":[{"id":46642,"href":"https:\/\/shop.growdesign.dk\/da\/wp-json\/wp\/v2\/product\/38819\/revisions\/46642"}],"acf:post":[{"embeddable":true,"href":"https:\/\/shop.growdesign.dk\/da\/wp-json\/wp\/v2\/medarbejder\/11163"}],"wp:featuredmedia":[{"embeddable":true,"href":"https:\/\/shop.growdesign.dk\/da\/wp-json\/wp\/v2\/media\/429269"}],"wp:attachment":[{"href":"https:\/\/shop.growdesign.dk\/da\/wp-json\/wp\/v2\/media?parent=38819"}],"wp:term":[{"taxonomy":"product_brand","embeddable":true,"href":"https:\/\/shop.growdesign.dk\/da\/wp-json\/wp\/v2\/product_brand?post=38819"},{"taxonomy":"product_cat","embeddable":true,"href":"https:\/\/shop.growdesign.dk\/da\/wp-json\/wp\/v2\/product_cat?post=38819"},{"taxonomy":"product_tag","embeddable":true,"href":"https:\/\/shop.growdesign.dk\/da\/wp-json\/wp\/v2\/product_tag?post=38819"}],"curies":[{"name":"wp","href":"https:\/\/api.w.org\/{rel}","templated":true}]}}