{"id":38830,"date":"2025-05-20T20:26:59","date_gmt":"2025-05-20T18:26:59","guid":{"rendered":"https:\/\/shop.growdesign.dk\/item\/davenport-100-black\/"},"modified":"2026-04-01T15:02:15","modified_gmt":"2026-04-01T13:02:15","slug":"davenport-100-black","status":"publish","type":"product","link":"https:\/\/shop.growdesign.dk\/da\/item\/davenport-100-black\/","title":{"rendered":"Davenport 100 Black"},"content":{"rendered":"<p>10 years guarantee &#8211; incl drain and integrated pot feet<br \/>\nFiberglas krukke til outdoor, 10 \u00e5rs garanti p\u00e5 krukken,<br \/>\noverfladen er glat mat svagt nisteret<br \/>\nKrukken er med integrerede f\u00f8dder og dr\u00e6n<\/p>\n","protected":false},"excerpt":{"rendered":"<p>10 years guarantee &#8211; incl drain and integrated pot feet Fiberglas krukke til outdoor, 10 \u00e5rs garanti p\u00e5 krukken, overfladen er glat mat svagt nisteret Krukken er med integrerede f\u00f8dder og dr\u00e6n<\/p>\n","protected":false},"featured_media":476280,"template":"","meta":{"_acf_changed":false},"product_brand":[2807],"product_cat":[1094],"product_tag":[],"class_list":{"0":"post-38830","1":"product","2":"type-product","3":"status-publish","4":"has-post-thumbnail","6":"product_brand-franoma-natureline","7":"product_cat-alle-krukker","8":"pa_farve-sort","9":"pa_form-rektangel","10":"pa_materiale-glasfiber","11":"pa_overflade-mat","12":"pa_placering-indendoers","13":"pa_placering-udendoers","14":"pa_struktur-glat","16":"first","17":"instock","18":"taxable","19":"shipping-taxable","20":"product-type-simple"},"acf":{"medarbejder":[11163],"shipping_info":"","delivery_info":"10","backorder_qty":"","backorder_date":null},"_links":{"self":[{"href":"https:\/\/shop.growdesign.dk\/da\/wp-json\/wp\/v2\/product\/38830","targetHints":{"allow":["GET"]}}],"collection":[{"href":"https:\/\/shop.growdesign.dk\/da\/wp-json\/wp\/v2\/product"}],"about":[{"href":"https:\/\/shop.growdesign.dk\/da\/wp-json\/wp\/v2\/types\/product"}],"version-history":[{"count":1,"href":"https:\/\/shop.growdesign.dk\/da\/wp-json\/wp\/v2\/product\/38830\/revisions"}],"predecessor-version":[{"id":46653,"href":"https:\/\/shop.growdesign.dk\/da\/wp-json\/wp\/v2\/product\/38830\/revisions\/46653"}],"acf:post":[{"embeddable":true,"href":"https:\/\/shop.growdesign.dk\/da\/wp-json\/wp\/v2\/medarbejder\/11163"}],"wp:featuredmedia":[{"embeddable":true,"href":"https:\/\/shop.growdesign.dk\/da\/wp-json\/wp\/v2\/media\/476280"}],"wp:attachment":[{"href":"https:\/\/shop.growdesign.dk\/da\/wp-json\/wp\/v2\/media?parent=38830"}],"wp:term":[{"taxonomy":"product_brand","embeddable":true,"href":"https:\/\/shop.growdesign.dk\/da\/wp-json\/wp\/v2\/product_brand?post=38830"},{"taxonomy":"product_cat","embeddable":true,"href":"https:\/\/shop.growdesign.dk\/da\/wp-json\/wp\/v2\/product_cat?post=38830"},{"taxonomy":"product_tag","embeddable":true,"href":"https:\/\/shop.growdesign.dk\/da\/wp-json\/wp\/v2\/product_tag?post=38830"}],"curies":[{"name":"wp","href":"https:\/\/api.w.org\/{rel}","templated":true}]}}