{"id":38833,"date":"2025-05-20T20:27:01","date_gmt":"2025-05-20T18:27:01","guid":{"rendered":"https:\/\/shop.growdesign.dk\/item\/perth-light-grey-set-4\/"},"modified":"2026-05-01T16:01:33","modified_gmt":"2026-05-01T14:01:33","slug":"perth-light-grey-set-4","status":"publish","type":"product","link":"https:\/\/shop.growdesign.dk\/da\/item\/perth-light-grey-set-4\/","title":{"rendered":"Perth Light Grey Set 4"},"content":{"rendered":"<p>Fiberglas krukkes\u00e6t med integrerede f\u00f8dder og dr\u00e6nhul<br \/>\nglat mat overflade<br \/>\nD85|70|58|47cm H105|90|75|60cm<\/p>\n","protected":false},"excerpt":{"rendered":"<p>Fiberglas krukkes\u00e6t med integrerede f\u00f8dder og dr\u00e6nhul glat mat overflade D85|70|58|47cm H105|90|75|60cm<\/p>\n","protected":false},"featured_media":476282,"template":"","meta":{"_acf_changed":false},"product_brand":[2807],"product_cat":[1094],"product_tag":[],"class_list":{"0":"post-38833","1":"product","2":"type-product","3":"status-publish","4":"has-post-thumbnail","6":"product_brand-franoma-natureline","7":"product_cat-alle-krukker","8":"pa_farve-graa-lys","9":"pa_form-rund","10":"pa_materiale-glasfiber","11":"pa_overflade-mat","12":"pa_placering-indendoers","13":"pa_placering-udendoers","14":"pa_struktur-glat","16":"first","17":"instock","18":"sale","19":"taxable","20":"shipping-taxable","21":"product-type-simple"},"acf":{"medarbejder":[11163],"shipping_info":"","delivery_info":"10","backorder_qty":"","backorder_date":null},"_links":{"self":[{"href":"https:\/\/shop.growdesign.dk\/da\/wp-json\/wp\/v2\/product\/38833","targetHints":{"allow":["GET"]}}],"collection":[{"href":"https:\/\/shop.growdesign.dk\/da\/wp-json\/wp\/v2\/product"}],"about":[{"href":"https:\/\/shop.growdesign.dk\/da\/wp-json\/wp\/v2\/types\/product"}],"version-history":[{"count":1,"href":"https:\/\/shop.growdesign.dk\/da\/wp-json\/wp\/v2\/product\/38833\/revisions"}],"predecessor-version":[{"id":46656,"href":"https:\/\/shop.growdesign.dk\/da\/wp-json\/wp\/v2\/product\/38833\/revisions\/46656"}],"acf:post":[{"embeddable":true,"href":"https:\/\/shop.growdesign.dk\/da\/wp-json\/wp\/v2\/medarbejder\/11163"}],"wp:featuredmedia":[{"embeddable":true,"href":"https:\/\/shop.growdesign.dk\/da\/wp-json\/wp\/v2\/media\/476282"}],"wp:attachment":[{"href":"https:\/\/shop.growdesign.dk\/da\/wp-json\/wp\/v2\/media?parent=38833"}],"wp:term":[{"taxonomy":"product_brand","embeddable":true,"href":"https:\/\/shop.growdesign.dk\/da\/wp-json\/wp\/v2\/product_brand?post=38833"},{"taxonomy":"product_cat","embeddable":true,"href":"https:\/\/shop.growdesign.dk\/da\/wp-json\/wp\/v2\/product_cat?post=38833"},{"taxonomy":"product_tag","embeddable":true,"href":"https:\/\/shop.growdesign.dk\/da\/wp-json\/wp\/v2\/product_tag?post=38833"}],"curies":[{"name":"wp","href":"https:\/\/api.w.org\/{rel}","templated":true}]}}