{"id":38843,"date":"2025-05-20T20:27:07","date_gmt":"2025-05-20T18:27:07","guid":{"rendered":"https:\/\/shop.growdesign.dk\/item\/yavari-lightweight-bowl\/"},"modified":"2026-04-15T20:57:54","modified_gmt":"2026-04-15T18:57:54","slug":"yavari-lightweight-bowl","status":"publish","type":"product","link":"https:\/\/shop.growdesign.dk\/da\/item\/yavari-lightweight-bowl\/","title":{"rendered":"Yavari lightweight Bowl"},"content":{"rendered":"<p>Yavari letv\u00e6gt Bowl | Yavari Leightweigth Bowl<br \/>\ninkl f\u00f8dder der h\u00e6ver krukken lidt fra underlaget | incl feet raise the planter from surface.<br \/>\nUden dr\u00e6nhul i bund men let at bore i | Without drainhole  but easy to drill<\/p>\n","protected":false},"excerpt":{"rendered":"<p>Yavari letv\u00e6gt Bowl | Yavari Leightweigth Bowl inkl f\u00f8dder der h\u00e6ver krukken lidt fra underlaget | incl feet raise the planter from surface. Uden dr\u00e6nhul i bund men let at bore i | Without drainhole but easy to drill<\/p>\n","protected":false},"featured_media":423380,"template":"","meta":{"_acf_changed":false},"product_brand":[2803,2807],"product_cat":[1094],"product_tag":[],"class_list":{"0":"post-38843","1":"product","2":"type-product","3":"status-publish","4":"has-post-thumbnail","6":"product_brand-franoma","7":"product_brand-franoma-natureline","8":"product_cat-alle-krukker","9":"pa_farve-sort","10":"pa_form-bowle","11":"pa_materiale-glasfiber","12":"pa_overflade-mat","13":"pa_placering-indendoers","14":"pa_placering-udendoers","15":"pa_struktur-glat","17":"first","18":"instock","19":"taxable","20":"shipping-taxable","21":"product-type-simple"},"acf":{"medarbejder":[11163],"shipping_info":"","delivery_info":"10","backorder_qty":"","backorder_date":null},"_links":{"self":[{"href":"https:\/\/shop.growdesign.dk\/da\/wp-json\/wp\/v2\/product\/38843","targetHints":{"allow":["GET"]}}],"collection":[{"href":"https:\/\/shop.growdesign.dk\/da\/wp-json\/wp\/v2\/product"}],"about":[{"href":"https:\/\/shop.growdesign.dk\/da\/wp-json\/wp\/v2\/types\/product"}],"version-history":[{"count":1,"href":"https:\/\/shop.growdesign.dk\/da\/wp-json\/wp\/v2\/product\/38843\/revisions"}],"predecessor-version":[{"id":46666,"href":"https:\/\/shop.growdesign.dk\/da\/wp-json\/wp\/v2\/product\/38843\/revisions\/46666"}],"acf:post":[{"embeddable":true,"href":"https:\/\/shop.growdesign.dk\/da\/wp-json\/wp\/v2\/medarbejder\/11163"}],"wp:featuredmedia":[{"embeddable":true,"href":"https:\/\/shop.growdesign.dk\/da\/wp-json\/wp\/v2\/media\/423380"}],"wp:attachment":[{"href":"https:\/\/shop.growdesign.dk\/da\/wp-json\/wp\/v2\/media?parent=38843"}],"wp:term":[{"taxonomy":"product_brand","embeddable":true,"href":"https:\/\/shop.growdesign.dk\/da\/wp-json\/wp\/v2\/product_brand?post=38843"},{"taxonomy":"product_cat","embeddable":true,"href":"https:\/\/shop.growdesign.dk\/da\/wp-json\/wp\/v2\/product_cat?post=38843"},{"taxonomy":"product_tag","embeddable":true,"href":"https:\/\/shop.growdesign.dk\/da\/wp-json\/wp\/v2\/product_tag?post=38843"}],"curies":[{"name":"wp","href":"https:\/\/api.w.org\/{rel}","templated":true}]}}