{"id":38860,"date":"2025-05-20T20:27:19","date_gmt":"2025-05-20T18:27:19","guid":{"rendered":"https:\/\/shop.growdesign.dk\/item\/globee-ampel-eco-plast-usamlet-3\/"},"modified":"2026-03-11T16:44:49","modified_gmt":"2026-03-11T15:44:49","slug":"globee-ampel-eco-plast-usamlet-3","status":"publish","type":"product","link":"https:\/\/shop.growdesign.dk\/da\/item\/globee-ampel-eco-plast-usamlet-3\/","title":{"rendered":"Globee Ampel ECO plast Usamlet"},"content":{"rendered":"<p>Globee ball, kan bruges som ampel, h\u00e6nges p\u00e5 v\u00e6g eller stilles p\u00e5 bord<br \/>\nleveres usamlet<\/p>\n","protected":false},"excerpt":{"rendered":"<p>Globee ball, kan bruges som ampel, h\u00e6nges p\u00e5 v\u00e6g eller stilles p\u00e5 bord leveres usamlet<\/p>\n","protected":false},"featured_media":474128,"template":"","meta":{"_acf_changed":false},"product_brand":[],"product_cat":[1094,3056,1107],"product_tag":[],"class_list":{"0":"post-38860","1":"product","2":"type-product","3":"status-publish","4":"has-post-thumbnail","6":"product_cat-alle-krukker","7":"product_cat-ampler-og-wallhangers","8":"product_cat-kampagner","9":"pa_farve-groen","10":"pa_form-rund","11":"pa_materiale-plastik","12":"pa_overflade-mat","13":"pa_placering-indendoers","14":"pa_placering-udendoers","16":"first","17":"outofstock","18":"sale","19":"taxable","20":"shipping-taxable","21":"product-type-simple"},"acf":{"medarbejder":[11163],"shipping_info":"","delivery_info":"1","backorder_qty":"","backorder_date":null},"_links":{"self":[{"href":"https:\/\/shop.growdesign.dk\/da\/wp-json\/wp\/v2\/product\/38860","targetHints":{"allow":["GET"]}}],"collection":[{"href":"https:\/\/shop.growdesign.dk\/da\/wp-json\/wp\/v2\/product"}],"about":[{"href":"https:\/\/shop.growdesign.dk\/da\/wp-json\/wp\/v2\/types\/product"}],"version-history":[{"count":1,"href":"https:\/\/shop.growdesign.dk\/da\/wp-json\/wp\/v2\/product\/38860\/revisions"}],"predecessor-version":[{"id":46683,"href":"https:\/\/shop.growdesign.dk\/da\/wp-json\/wp\/v2\/product\/38860\/revisions\/46683"}],"acf:post":[{"embeddable":true,"href":"https:\/\/shop.growdesign.dk\/da\/wp-json\/wp\/v2\/medarbejder\/11163"}],"wp:featuredmedia":[{"embeddable":true,"href":"https:\/\/shop.growdesign.dk\/da\/wp-json\/wp\/v2\/media\/474128"}],"wp:attachment":[{"href":"https:\/\/shop.growdesign.dk\/da\/wp-json\/wp\/v2\/media?parent=38860"}],"wp:term":[{"taxonomy":"product_brand","embeddable":true,"href":"https:\/\/shop.growdesign.dk\/da\/wp-json\/wp\/v2\/product_brand?post=38860"},{"taxonomy":"product_cat","embeddable":true,"href":"https:\/\/shop.growdesign.dk\/da\/wp-json\/wp\/v2\/product_cat?post=38860"},{"taxonomy":"product_tag","embeddable":true,"href":"https:\/\/shop.growdesign.dk\/da\/wp-json\/wp\/v2\/product_tag?post=38860"}],"curies":[{"name":"wp","href":"https:\/\/api.w.org\/{rel}","templated":true}]}}