{"id":38939,"date":"2025-05-20T20:28:18","date_gmt":"2025-05-20T18:28:18","guid":{"rendered":"https:\/\/shop.growdesign.dk\/item\/harriot-cortensteel-3\/"},"modified":"2026-04-15T20:57:58","modified_gmt":"2026-04-15T18:57:58","slug":"harriot-cortensteel-3","status":"publish","type":"product","link":"https:\/\/shop.growdesign.dk\/da\/item\/harriot-cortensteel-3\/","title":{"rendered":"Harriot Cortensteel"},"content":{"rendered":"<p>Inddoor and outdoor use &#8211; Frostresistant &#8211; Comes whit wooden blocks for feet &#8211; For inddor use are we recommend flesible plastic insert  2 x DVS-80001 &#8211; Waight 8,70 Kg<br \/>\nKan bruges ude og inde &#8211; Frostsikker &#8211; Leveres med tr\u00e6klodser til f\u00f8dder<br \/>\nVed indebrug anbefales Fleksibel Plastindsats 2 x DVS-80001 &#8211; V\u00e6gt 8,70kg<\/p>\n","protected":false},"excerpt":{"rendered":"<p>Inddoor and outdoor use &#8211; Frostresistant &#8211; Comes whit wooden blocks for feet &#8211; For inddor use are we recommend flesible plastic insert 2 x DVS-80001 &#8211; Waight 8,70 Kg Kan bruges ude og inde &#8211; Frostsikker &#8211; Leveres med tr\u00e6klodser til f\u00f8dder Ved indebrug anbefales Fleksibel Plastindsats 2 x DVS-80001 &#8211; V\u00e6gt 8,70kg<\/p>\n","protected":false},"featured_media":429410,"template":"","meta":{"_acf_changed":false},"product_brand":[2577],"product_cat":[1094],"product_tag":[],"class_list":{"0":"post-38939","1":"product","2":"type-product","3":"status-publish","4":"has-post-thumbnail","6":"product_brand-private-label-cortenstaal","7":"product_cat-alle-krukker","8":"pa_farve-rust","9":"pa_form-rektangel","10":"pa_materiale-cortenstaal","11":"pa_overflade-rust","12":"pa_placering-indendoers","13":"pa_placering-udendoers","15":"first","16":"instock","17":"taxable","18":"shipping-taxable","19":"product-type-simple"},"acf":{"medarbejder":[11163],"shipping_info":"","delivery_info":"10","backorder_qty":"","backorder_date":null},"_links":{"self":[{"href":"https:\/\/shop.growdesign.dk\/da\/wp-json\/wp\/v2\/product\/38939","targetHints":{"allow":["GET"]}}],"collection":[{"href":"https:\/\/shop.growdesign.dk\/da\/wp-json\/wp\/v2\/product"}],"about":[{"href":"https:\/\/shop.growdesign.dk\/da\/wp-json\/wp\/v2\/types\/product"}],"version-history":[{"count":1,"href":"https:\/\/shop.growdesign.dk\/da\/wp-json\/wp\/v2\/product\/38939\/revisions"}],"predecessor-version":[{"id":46762,"href":"https:\/\/shop.growdesign.dk\/da\/wp-json\/wp\/v2\/product\/38939\/revisions\/46762"}],"acf:post":[{"embeddable":true,"href":"https:\/\/shop.growdesign.dk\/da\/wp-json\/wp\/v2\/medarbejder\/11163"}],"wp:featuredmedia":[{"embeddable":true,"href":"https:\/\/shop.growdesign.dk\/da\/wp-json\/wp\/v2\/media\/429410"}],"wp:attachment":[{"href":"https:\/\/shop.growdesign.dk\/da\/wp-json\/wp\/v2\/media?parent=38939"}],"wp:term":[{"taxonomy":"product_brand","embeddable":true,"href":"https:\/\/shop.growdesign.dk\/da\/wp-json\/wp\/v2\/product_brand?post=38939"},{"taxonomy":"product_cat","embeddable":true,"href":"https:\/\/shop.growdesign.dk\/da\/wp-json\/wp\/v2\/product_cat?post=38939"},{"taxonomy":"product_tag","embeddable":true,"href":"https:\/\/shop.growdesign.dk\/da\/wp-json\/wp\/v2\/product_tag?post=38939"}],"curies":[{"name":"wp","href":"https:\/\/api.w.org\/{rel}","templated":true}]}}