{"id":38941,"date":"2025-05-20T20:28:19","date_gmt":"2025-05-20T18:28:19","guid":{"rendered":"https:\/\/shop.growdesign.dk\/item\/brahe-cortensteel-low-cylinder-2\/"},"modified":"2025-11-04T14:13:08","modified_gmt":"2025-11-04T13:13:08","slug":"brahe-cortensteel-low-cylinder-2","status":"publish","type":"product","link":"https:\/\/shop.growdesign.dk\/da\/item\/brahe-cortensteel-low-cylinder-2\/","title":{"rendered":"Brahe Cortensteel Low Cylinder"},"content":{"rendered":"<p>Cylinder krukke Cortensteel lav model \/ Cylinder Planter Cortensteel low model<br \/>\nFrostsikker \/ Frostresistant<br \/>\nHul i bunden \/ Hole in Buttom<br \/>\nVed indebrug anbefales en Plastindsats \/ When used inside recormended Plastic Insert<br \/>\nleveres med tr\u00e6f\u00f8dder s\u00e5 den er h\u00e6vet lidt fra underlaget \/ Incl. woden feets, then rised a bit from surface<br \/>\nV\u00e6gt 5,40kg \/ Weight 5,40kg<\/p>\n","protected":false},"excerpt":{"rendered":"<p>Cylinder krukke Cortensteel lav model \/ Cylinder Planter Cortensteel low model Frostsikker \/ Frostresistant Hul i bunden \/ Hole in Buttom Ved indebrug anbefales en Plastindsats \/ When used inside recormended Plastic Insert leveres med tr\u00e6f\u00f8dder s\u00e5 den er h\u00e6vet lidt fra underlaget \/ Incl. woden feets, then rised a bit from surface V\u00e6gt 5,40kg [&hellip;]<\/p>\n","protected":false},"featured_media":429412,"template":"","meta":{"_acf_changed":false},"product_brand":[2577],"product_cat":[1094],"product_tag":[],"class_list":{"0":"post-38941","1":"product","2":"type-product","3":"status-publish","4":"has-post-thumbnail","6":"product_brand-private-label-cortenstaal","7":"product_cat-alle-krukker","8":"pa_farve-rust","9":"pa_materiale-cortenstaal","10":"pa_placering-indendoers","11":"pa_placering-udendoers","12":"pa_planter-pr-krukke-2845","14":"first","15":"outofstock","16":"taxable","17":"shipping-taxable","18":"product-type-simple"},"acf":{"medarbejder":[11163],"shipping_info":"","delivery_info":"1","backorder_qty":"","backorder_date":null},"_links":{"self":[{"href":"https:\/\/shop.growdesign.dk\/da\/wp-json\/wp\/v2\/product\/38941","targetHints":{"allow":["GET"]}}],"collection":[{"href":"https:\/\/shop.growdesign.dk\/da\/wp-json\/wp\/v2\/product"}],"about":[{"href":"https:\/\/shop.growdesign.dk\/da\/wp-json\/wp\/v2\/types\/product"}],"version-history":[{"count":1,"href":"https:\/\/shop.growdesign.dk\/da\/wp-json\/wp\/v2\/product\/38941\/revisions"}],"predecessor-version":[{"id":46764,"href":"https:\/\/shop.growdesign.dk\/da\/wp-json\/wp\/v2\/product\/38941\/revisions\/46764"}],"acf:post":[{"embeddable":true,"href":"https:\/\/shop.growdesign.dk\/da\/wp-json\/wp\/v2\/medarbejder\/11163"}],"wp:featuredmedia":[{"embeddable":true,"href":"https:\/\/shop.growdesign.dk\/da\/wp-json\/wp\/v2\/media\/429412"}],"wp:attachment":[{"href":"https:\/\/shop.growdesign.dk\/da\/wp-json\/wp\/v2\/media?parent=38941"}],"wp:term":[{"taxonomy":"product_brand","embeddable":true,"href":"https:\/\/shop.growdesign.dk\/da\/wp-json\/wp\/v2\/product_brand?post=38941"},{"taxonomy":"product_cat","embeddable":true,"href":"https:\/\/shop.growdesign.dk\/da\/wp-json\/wp\/v2\/product_cat?post=38941"},{"taxonomy":"product_tag","embeddable":true,"href":"https:\/\/shop.growdesign.dk\/da\/wp-json\/wp\/v2\/product_tag?post=38941"}],"curies":[{"name":"wp","href":"https:\/\/api.w.org\/{rel}","templated":true}]}}