{"id":39123,"date":"2025-05-20T20:30:26","date_gmt":"2025-05-20T18:30:26","guid":{"rendered":"https:\/\/shop.growdesign.dk\/item\/heavy-rim-antik-terracotta-italy-4\/"},"modified":"2026-01-28T13:15:54","modified_gmt":"2026-01-28T12:15:54","slug":"heavy-rim-antik-terracotta-italy-4","status":"publish","type":"product","link":"https:\/\/shop.growdesign.dk\/da\/item\/heavy-rim-antik-terracotta-italy-4\/","title":{"rendered":"Heavy Rim Antik Terracotta Italy"},"content":{"rendered":"<p>Terracotta Heavy Rim \u00d876cm &#8211; Made in \u00cdtaly hole in buttom<br \/>\nTerracotta Heavy Rim \u00d876cm &#8211; Italienske Krukker med Hul i bunden <\/p>\n","protected":false},"excerpt":{"rendered":"<p>Terracotta Heavy Rim \u00d876cm &#8211; Made in \u00cdtaly hole in buttom Terracotta Heavy Rim \u00d876cm &#8211; Italienske Krukker med Hul i bunden<\/p>\n","protected":false},"featured_media":423692,"template":"","meta":{"_acf_changed":false},"product_brand":[],"product_cat":[1094,1102],"product_tag":[],"class_list":{"0":"post-39123","1":"product","2":"type-product","3":"status-publish","4":"has-post-thumbnail","6":"product_cat-alle-krukker","7":"product_cat-terracotta-italy","8":"pa_farve-antik-terracotta","9":"pa_form-konisk","10":"pa_materiale-terracotta","11":"pa_overflade-antik","12":"pa_placering-indendoers","13":"pa_placering-udendoers","14":"pa_planter-pr-krukke-2978","15":"pa_struktur-moenster","17":"first","18":"outofstock","19":"taxable","20":"shipping-taxable","21":"product-type-simple"},"acf":{"medarbejder":[11163],"shipping_info":"","delivery_info":"1","backorder_qty":"","backorder_date":null},"_links":{"self":[{"href":"https:\/\/shop.growdesign.dk\/da\/wp-json\/wp\/v2\/product\/39123","targetHints":{"allow":["GET"]}}],"collection":[{"href":"https:\/\/shop.growdesign.dk\/da\/wp-json\/wp\/v2\/product"}],"about":[{"href":"https:\/\/shop.growdesign.dk\/da\/wp-json\/wp\/v2\/types\/product"}],"version-history":[{"count":1,"href":"https:\/\/shop.growdesign.dk\/da\/wp-json\/wp\/v2\/product\/39123\/revisions"}],"predecessor-version":[{"id":46942,"href":"https:\/\/shop.growdesign.dk\/da\/wp-json\/wp\/v2\/product\/39123\/revisions\/46942"}],"acf:post":[{"embeddable":true,"href":"https:\/\/shop.growdesign.dk\/da\/wp-json\/wp\/v2\/medarbejder\/11163"}],"wp:featuredmedia":[{"embeddable":true,"href":"https:\/\/shop.growdesign.dk\/da\/wp-json\/wp\/v2\/media\/423692"}],"wp:attachment":[{"href":"https:\/\/shop.growdesign.dk\/da\/wp-json\/wp\/v2\/media?parent=39123"}],"wp:term":[{"taxonomy":"product_brand","embeddable":true,"href":"https:\/\/shop.growdesign.dk\/da\/wp-json\/wp\/v2\/product_brand?post=39123"},{"taxonomy":"product_cat","embeddable":true,"href":"https:\/\/shop.growdesign.dk\/da\/wp-json\/wp\/v2\/product_cat?post=39123"},{"taxonomy":"product_tag","embeddable":true,"href":"https:\/\/shop.growdesign.dk\/da\/wp-json\/wp\/v2\/product_tag?post=39123"}],"curies":[{"name":"wp","href":"https:\/\/api.w.org\/{rel}","templated":true}]}}