{"id":39407,"date":"2025-05-20T20:33:49","date_gmt":"2025-05-20T18:33:49","guid":{"rendered":"https:\/\/shop.growdesign.dk\/item\/nido-cottage-28-all-in-one-white\/"},"modified":"2026-04-01T15:02:43","modified_gmt":"2026-04-01T13:02:43","slug":"nido-cottage-28-all-in-one-white","status":"publish","type":"product","link":"https:\/\/shop.growdesign.dk\/da\/item\/nido-cottage-28-all-in-one-white\/","title":{"rendered":"NIDO Cottage 28 &#8211; All-In-One white"},"content":{"rendered":"<p>Normalpris 149kr \/ 20\u2591<br \/>\nHanging pot with sturdy stainless steel hanger &#8211; Remove the hanger and place on a table &#8211; Weight max 15kg &#8211; Pot 6 ltr.<br \/>\nH\u00e6ngeampel, med rustfri wire oph\u00e6ng &#8211; Kan ogs\u00e5 anvendes p\u00e5 bord &#8211; Belastning op til 15kg &#8211; 6 liter potte.<\/p>\n","protected":false},"excerpt":{"rendered":"<p>Normalpris 149kr \/ 20\u2591 Hanging pot with sturdy stainless steel hanger &#8211; Remove the hanger and place on a table &#8211; Weight max 15kg &#8211; Pot 6 ltr. H\u00e6ngeampel, med rustfri wire oph\u00e6ng &#8211; Kan ogs\u00e5 anvendes p\u00e5 bord &#8211; Belastning op til 15kg &#8211; 6 liter potte.<\/p>\n","protected":false},"featured_media":429559,"template":"","meta":{"_acf_changed":false},"product_brand":[2811],"product_cat":[3056],"product_tag":[],"class_list":{"0":"post-39407","1":"product","2":"type-product","3":"status-publish","4":"has-post-thumbnail","6":"product_brand-lechuza-cottage","7":"product_cat-ampler-og-wallhangers","8":"pa_farve-hvid","9":"pa_form-ampel","10":"pa_materiale-plastik","11":"pa_overflade-cottage","12":"pa_placering-indendoers","13":"pa_placering-udendoers","15":"first","16":"instock","17":"taxable","18":"shipping-taxable","19":"product-type-simple"},"acf":{"medarbejder":[11163],"shipping_info":"","delivery_info":"10","backorder_qty":"","backorder_date":null},"_links":{"self":[{"href":"https:\/\/shop.growdesign.dk\/da\/wp-json\/wp\/v2\/product\/39407","targetHints":{"allow":["GET"]}}],"collection":[{"href":"https:\/\/shop.growdesign.dk\/da\/wp-json\/wp\/v2\/product"}],"about":[{"href":"https:\/\/shop.growdesign.dk\/da\/wp-json\/wp\/v2\/types\/product"}],"version-history":[{"count":1,"href":"https:\/\/shop.growdesign.dk\/da\/wp-json\/wp\/v2\/product\/39407\/revisions"}],"predecessor-version":[{"id":47225,"href":"https:\/\/shop.growdesign.dk\/da\/wp-json\/wp\/v2\/product\/39407\/revisions\/47225"}],"acf:post":[{"embeddable":true,"href":"https:\/\/shop.growdesign.dk\/da\/wp-json\/wp\/v2\/medarbejder\/11163"}],"wp:featuredmedia":[{"embeddable":true,"href":"https:\/\/shop.growdesign.dk\/da\/wp-json\/wp\/v2\/media\/429559"}],"wp:attachment":[{"href":"https:\/\/shop.growdesign.dk\/da\/wp-json\/wp\/v2\/media?parent=39407"}],"wp:term":[{"taxonomy":"product_brand","embeddable":true,"href":"https:\/\/shop.growdesign.dk\/da\/wp-json\/wp\/v2\/product_brand?post=39407"},{"taxonomy":"product_cat","embeddable":true,"href":"https:\/\/shop.growdesign.dk\/da\/wp-json\/wp\/v2\/product_cat?post=39407"},{"taxonomy":"product_tag","embeddable":true,"href":"https:\/\/shop.growdesign.dk\/da\/wp-json\/wp\/v2\/product_tag?post=39407"}],"curies":[{"name":"wp","href":"https:\/\/api.w.org\/{rel}","templated":true}]}}