{"id":39440,"date":"2025-05-20T20:34:09","date_gmt":"2025-05-20T18:34:09","guid":{"rendered":"https:\/\/shop.growdesign.dk\/item\/balconera-stone-80-all-in-one-stone-grey\/"},"modified":"2026-04-08T15:14:00","modified_gmt":"2026-04-08T13:14:00","slug":"balconera-stone-80-all-in-one-stone-grey","status":"publish","type":"product","link":"https:\/\/shop.growdesign.dk\/da\/item\/balconera-stone-80-all-in-one-stone-grey\/","title":{"rendered":"BALCONERA Stone 80 &#8211; All-In-One stone grey"},"content":{"rendered":"<p>Balconera Stone &#8211; Incl plastic insert &#8211; Use indoor and outdoor &#8211; Light weight &#8211; You can use the pot on a table and on the balcony.<br \/>\nBalconera Stone &#8211; Incl plastikindsats &#8211; Kan bruges inde og ude &#8211; Let v\u00e6gt &#8211; Man kan bruge krukken p\u00e5 et bord samt p\u00e5 sin bankon. <\/p>\n","protected":false},"excerpt":{"rendered":"<p>Balconera Stone &#8211; Incl plastic insert &#8211; Use indoor and outdoor &#8211; Light weight &#8211; You can use the pot on a table and on the balcony. Balconera Stone &#8211; Incl plastikindsats &#8211; Kan bruges inde og ude &#8211; Let v\u00e6gt &#8211; Man kan bruge krukken p\u00e5 et bord samt p\u00e5 sin bankon.<\/p>\n","protected":false},"featured_media":429591,"template":"","meta":{"_acf_changed":false},"product_brand":[2816],"product_cat":[1094],"product_tag":[],"class_list":{"0":"post-39440","1":"product","2":"type-product","3":"status-publish","4":"has-post-thumbnail","6":"product_brand-lechuza-stone","7":"product_cat-alle-krukker","8":"pa_farve-graa","9":"pa_form-rektangel","10":"pa_materiale-plastik","11":"pa_overflade-sten-look","12":"pa_placering-indendoers","13":"pa_placering-udendoers","15":"first","16":"instock","17":"taxable","18":"shipping-taxable","19":"product-type-simple"},"acf":{"medarbejder":[11163],"shipping_info":"","delivery_info":"10","backorder_qty":"","backorder_date":null},"_links":{"self":[{"href":"https:\/\/shop.growdesign.dk\/da\/wp-json\/wp\/v2\/product\/39440","targetHints":{"allow":["GET"]}}],"collection":[{"href":"https:\/\/shop.growdesign.dk\/da\/wp-json\/wp\/v2\/product"}],"about":[{"href":"https:\/\/shop.growdesign.dk\/da\/wp-json\/wp\/v2\/types\/product"}],"version-history":[{"count":1,"href":"https:\/\/shop.growdesign.dk\/da\/wp-json\/wp\/v2\/product\/39440\/revisions"}],"predecessor-version":[{"id":47258,"href":"https:\/\/shop.growdesign.dk\/da\/wp-json\/wp\/v2\/product\/39440\/revisions\/47258"}],"acf:post":[{"embeddable":true,"href":"https:\/\/shop.growdesign.dk\/da\/wp-json\/wp\/v2\/medarbejder\/11163"}],"wp:featuredmedia":[{"embeddable":true,"href":"https:\/\/shop.growdesign.dk\/da\/wp-json\/wp\/v2\/media\/429591"}],"wp:attachment":[{"href":"https:\/\/shop.growdesign.dk\/da\/wp-json\/wp\/v2\/media?parent=39440"}],"wp:term":[{"taxonomy":"product_brand","embeddable":true,"href":"https:\/\/shop.growdesign.dk\/da\/wp-json\/wp\/v2\/product_brand?post=39440"},{"taxonomy":"product_cat","embeddable":true,"href":"https:\/\/shop.growdesign.dk\/da\/wp-json\/wp\/v2\/product_cat?post=39440"},{"taxonomy":"product_tag","embeddable":true,"href":"https:\/\/shop.growdesign.dk\/da\/wp-json\/wp\/v2\/product_tag?post=39440"}],"curies":[{"name":"wp","href":"https:\/\/api.w.org\/{rel}","templated":true}]}}