{"id":39548,"date":"2025-05-20T20:35:22","date_gmt":"2025-05-20T18:35:22","guid":{"rendered":"https:\/\/shop.growdesign.dk\/item\/citruspon-plant-substrate-12-liter\/"},"modified":"2026-04-01T15:03:22","modified_gmt":"2026-04-01T13:03:22","slug":"citruspon-plant-substrate-12-liter","status":"publish","type":"product","link":"https:\/\/shop.growdesign.dk\/da\/item\/citruspon-plant-substrate-12-liter\/","title":{"rendered":"CITRUSPON Plant Substrate 12 liter"},"content":{"rendered":"<p>Pon til permanent tilplantning inde og ude<br \/>\nPre-G\u00f8det &#8211; nok til 6-8 m\u00e5neder<br \/>\nStabilt ogs\u00e5 til store planter &#8211; det falder ikke sammen som jord<br \/>\n100% Fri for t\u00f8rv<br \/>\nRent Mineral<\/p>\n<p>For permanent plantings indoors and outdoors.<br \/>\nStrong hold for large plants.<br \/>\nExtra coarse grain &#8211; ideal for large planters.<br \/>\nPre-fertilized for 6-8 months.<br \/>\n100% peat-free to protect nature.<br \/>\nPurely mineral.<br \/>\nVolume stable &#8211; substrate does not compact, providing stability for tall plants.<\/p>\n","protected":false},"excerpt":{"rendered":"<p>Pon til permanent tilplantning inde og ude Pre-G\u00f8det &#8211; nok til 6-8 m\u00e5neder Stabilt ogs\u00e5 til store planter &#8211; det falder ikke sammen som jord 100% Fri for t\u00f8rv Rent Mineral For permanent plantings indoors and outdoors. Strong hold for large plants. Extra coarse grain &#8211; ideal for large planters. Pre-fertilized for 6-8 months. 100% [&hellip;]<\/p>\n","protected":false},"featured_media":429697,"template":"","meta":{"_acf_changed":false},"product_brand":[2569],"product_cat":[808],"product_tag":[],"class_list":{"0":"post-39548","1":"product","2":"type-product","3":"status-publish","4":"has-post-thumbnail","6":"product_brand-lechuza","7":"product_cat-plantemedie","8":"pa_materiale-pon","9":"pa_placering-indendoers","10":"pa_placering-udendoers","12":"first","13":"instock","14":"taxable","15":"shipping-taxable","16":"product-type-simple"},"acf":{"medarbejder":[34312],"shipping_info":"","delivery_info":"10","backorder_qty":"","backorder_date":null},"_links":{"self":[{"href":"https:\/\/shop.growdesign.dk\/da\/wp-json\/wp\/v2\/product\/39548","targetHints":{"allow":["GET"]}}],"collection":[{"href":"https:\/\/shop.growdesign.dk\/da\/wp-json\/wp\/v2\/product"}],"about":[{"href":"https:\/\/shop.growdesign.dk\/da\/wp-json\/wp\/v2\/types\/product"}],"version-history":[{"count":1,"href":"https:\/\/shop.growdesign.dk\/da\/wp-json\/wp\/v2\/product\/39548\/revisions"}],"predecessor-version":[{"id":47366,"href":"https:\/\/shop.growdesign.dk\/da\/wp-json\/wp\/v2\/product\/39548\/revisions\/47366"}],"acf:post":[{"embeddable":true,"href":"https:\/\/shop.growdesign.dk\/da\/wp-json\/wp\/v2\/medarbejder\/34312"}],"wp:featuredmedia":[{"embeddable":true,"href":"https:\/\/shop.growdesign.dk\/da\/wp-json\/wp\/v2\/media\/429697"}],"wp:attachment":[{"href":"https:\/\/shop.growdesign.dk\/da\/wp-json\/wp\/v2\/media?parent=39548"}],"wp:term":[{"taxonomy":"product_brand","embeddable":true,"href":"https:\/\/shop.growdesign.dk\/da\/wp-json\/wp\/v2\/product_brand?post=39548"},{"taxonomy":"product_cat","embeddable":true,"href":"https:\/\/shop.growdesign.dk\/da\/wp-json\/wp\/v2\/product_cat?post=39548"},{"taxonomy":"product_tag","embeddable":true,"href":"https:\/\/shop.growdesign.dk\/da\/wp-json\/wp\/v2\/product_tag?post=39548"}],"curies":[{"name":"wp","href":"https:\/\/api.w.org\/{rel}","templated":true}]}}