{"id":39550,"date":"2025-05-20T20:35:23","date_gmt":"2025-05-20T18:35:23","guid":{"rendered":"https:\/\/shop.growdesign.dk\/item\/blackstone-pon-6l\/"},"modified":"2026-05-01T16:02:31","modified_gmt":"2026-05-01T14:02:31","slug":"blackstone-pon-6l","status":"publish","type":"product","link":"https:\/\/shop.growdesign.dk\/da\/item\/blackstone-pon-6l\/","title":{"rendered":"BLACKSTONE Pon 6l"},"content":{"rendered":"<p>Velegnet til alle indend\u00f8rs planter<\/p>\n<p>Sort design<\/p>\n<p>Enest\u00e5ende m\u00f8rk farve<\/p>\n<p>For-g\u00f8det i 6-8 m\u00e5neder<\/p>\n<p>100 % t\u00f8rvefri for at beskytte naturen<\/p>\n<p>Rent mineralsk plantesubstrat<\/p>\n<p>Optimal rodluftning og h\u00f8j dr\u00e6ningsevne<\/p>\n<p>Forebygger vandm\u00e6tning og rodr\u00e5d<\/p>\n<p>Oplagrer n\u00e6ringsstoffer og frigiver dem efter behov<\/p>\n<p>Tr\u00e6kul forbedrer jordens frugtbarhed<\/p>\n<p>Velegnet til komplet beplantning eller som dekorativt lag<\/p>\n<p>Genanvendelig<\/p>\n<p>Naturlige r\u00e5materialer<\/p>\n<p>Professionel kvalitet<\/p>\n<p>Fremstillet i Tyskland<\/p>\n","protected":false},"excerpt":{"rendered":"<p>Velegnet til alle indend\u00f8rs planter Sort design Enest\u00e5ende m\u00f8rk farve For-g\u00f8det i 6-8 m\u00e5neder 100 % t\u00f8rvefri for at beskytte naturen Rent mineralsk plantesubstrat Optimal rodluftning og h\u00f8j dr\u00e6ningsevne Forebygger vandm\u00e6tning og rodr\u00e5d Oplagrer n\u00e6ringsstoffer og frigiver dem efter behov Tr\u00e6kul forbedrer jordens frugtbarhed Velegnet til komplet beplantning eller som dekorativt lag Genanvendelig Naturlige r\u00e5materialer [&hellip;]<\/p>\n","protected":false},"featured_media":429698,"template":"","meta":{"_acf_changed":false},"product_brand":[2569],"product_cat":[808],"product_tag":[],"class_list":{"0":"post-39550","1":"product","2":"type-product","3":"status-publish","4":"has-post-thumbnail","6":"product_brand-lechuza","7":"product_cat-plantemedie","8":"pa_farve-sort","9":"pa_materiale-pon","10":"pa_placering-indendoers","11":"pa_placering-udendoers","13":"first","14":"instock","15":"taxable","16":"shipping-taxable","17":"product-type-simple"},"acf":{"medarbejder":[34312],"shipping_info":"","delivery_info":"10","backorder_qty":"","backorder_date":null},"_links":{"self":[{"href":"https:\/\/shop.growdesign.dk\/da\/wp-json\/wp\/v2\/product\/39550","targetHints":{"allow":["GET"]}}],"collection":[{"href":"https:\/\/shop.growdesign.dk\/da\/wp-json\/wp\/v2\/product"}],"about":[{"href":"https:\/\/shop.growdesign.dk\/da\/wp-json\/wp\/v2\/types\/product"}],"version-history":[{"count":2,"href":"https:\/\/shop.growdesign.dk\/da\/wp-json\/wp\/v2\/product\/39550\/revisions"}],"predecessor-version":[{"id":504379,"href":"https:\/\/shop.growdesign.dk\/da\/wp-json\/wp\/v2\/product\/39550\/revisions\/504379"}],"acf:post":[{"embeddable":true,"href":"https:\/\/shop.growdesign.dk\/da\/wp-json\/wp\/v2\/medarbejder\/34312"}],"wp:featuredmedia":[{"embeddable":true,"href":"https:\/\/shop.growdesign.dk\/da\/wp-json\/wp\/v2\/media\/429698"}],"wp:attachment":[{"href":"https:\/\/shop.growdesign.dk\/da\/wp-json\/wp\/v2\/media?parent=39550"}],"wp:term":[{"taxonomy":"product_brand","embeddable":true,"href":"https:\/\/shop.growdesign.dk\/da\/wp-json\/wp\/v2\/product_brand?post=39550"},{"taxonomy":"product_cat","embeddable":true,"href":"https:\/\/shop.growdesign.dk\/da\/wp-json\/wp\/v2\/product_cat?post=39550"},{"taxonomy":"product_tag","embeddable":true,"href":"https:\/\/shop.growdesign.dk\/da\/wp-json\/wp\/v2\/product_tag?post=39550"}],"curies":[{"name":"wp","href":"https:\/\/api.w.org\/{rel}","templated":true}]}}