{"id":39553,"date":"2025-05-20T20:35:25","date_gmt":"2025-05-20T18:35:25","guid":{"rendered":"https:\/\/shop.growdesign.dk\/item\/pon-12-liter\/"},"modified":"2026-04-20T10:06:27","modified_gmt":"2026-04-20T08:06:27","slug":"pon-12-liter","status":"publish","type":"product","link":"https:\/\/shop.growdesign.dk\/da\/item\/pon-12-liter\/","title":{"rendered":"PON 12 Liter"},"content":{"rendered":"<p>Velegnet til alle stueplanter<\/p>\n<p>Sikrer sunde planter<\/p>\n<p>Original<\/p>\n<p>For-g\u00f8det i 6-8 m\u00e5neder<\/p>\n<p>100 % t\u00f8rvefri for at beskytte naturen<\/p>\n<p>Rent mineralsk<\/p>\n<p>Volumenstabil \u2550 substratet komprimerer ikke og bevarer sin luftgennemtr\u00e6ngelige struktur<\/p>\n<p>Optimal rodluftning<\/p>\n<p>H\u00f8j dr\u00e6ningsevne forhindrer vandm\u00e6tning<\/p>\n<p>Oplagrer n\u00e6ringsstoffer og frigiver dem efter behov<\/p>\n<p>Forebygger skadedyrsangreb og skimmeldannelse<\/p>\n<p>S\u00e6rligt velegnet til allergikere<\/p>\n<p>Genanvendelig<\/p>\n<p>Naturlige r\u00e5materialer<\/p>\n<p>Professionel kvalitet<\/p>\n<p>Fremstillet i Tyskland<\/p>\n","protected":false},"excerpt":{"rendered":"<p>Velegnet til alle stueplanter Sikrer sunde planter Original For-g\u00f8det i 6-8 m\u00e5neder 100 % t\u00f8rvefri for at beskytte naturen Rent mineralsk Volumenstabil \u2550 substratet komprimerer ikke og bevarer sin luftgennemtr\u00e6ngelige struktur Optimal rodluftning H\u00f8j dr\u00e6ningsevne forhindrer vandm\u00e6tning Oplagrer n\u00e6ringsstoffer og frigiver dem efter behov Forebygger skadedyrsangreb og skimmeldannelse S\u00e6rligt velegnet til allergikere Genanvendelig Naturlige r\u00e5materialer [&hellip;]<\/p>\n","protected":false},"featured_media":504392,"template":"","meta":{"_acf_changed":false},"product_brand":[2569],"product_cat":[808],"product_tag":[],"class_list":{"0":"post-39553","1":"product","2":"type-product","3":"status-publish","4":"has-post-thumbnail","6":"product_brand-lechuza","7":"product_cat-plantemedie","8":"pa_farve-natural","9":"pa_materiale-pon","10":"pa_placering-indendoers","11":"pa_placering-udendoers","13":"first","14":"instock","15":"taxable","16":"shipping-taxable","17":"product-type-simple"},"acf":{"medarbejder":[34312],"shipping_info":"","delivery_info":"10","backorder_qty":"","backorder_date":null},"_links":{"self":[{"href":"https:\/\/shop.growdesign.dk\/da\/wp-json\/wp\/v2\/product\/39553","targetHints":{"allow":["GET"]}}],"collection":[{"href":"https:\/\/shop.growdesign.dk\/da\/wp-json\/wp\/v2\/product"}],"about":[{"href":"https:\/\/shop.growdesign.dk\/da\/wp-json\/wp\/v2\/types\/product"}],"version-history":[{"count":2,"href":"https:\/\/shop.growdesign.dk\/da\/wp-json\/wp\/v2\/product\/39553\/revisions"}],"predecessor-version":[{"id":504412,"href":"https:\/\/shop.growdesign.dk\/da\/wp-json\/wp\/v2\/product\/39553\/revisions\/504412"}],"acf:post":[{"embeddable":true,"href":"https:\/\/shop.growdesign.dk\/da\/wp-json\/wp\/v2\/medarbejder\/34312"}],"wp:featuredmedia":[{"embeddable":true,"href":"https:\/\/shop.growdesign.dk\/da\/wp-json\/wp\/v2\/media\/504392"}],"wp:attachment":[{"href":"https:\/\/shop.growdesign.dk\/da\/wp-json\/wp\/v2\/media?parent=39553"}],"wp:term":[{"taxonomy":"product_brand","embeddable":true,"href":"https:\/\/shop.growdesign.dk\/da\/wp-json\/wp\/v2\/product_brand?post=39553"},{"taxonomy":"product_cat","embeddable":true,"href":"https:\/\/shop.growdesign.dk\/da\/wp-json\/wp\/v2\/product_cat?post=39553"},{"taxonomy":"product_tag","embeddable":true,"href":"https:\/\/shop.growdesign.dk\/da\/wp-json\/wp\/v2\/product_tag?post=39553"}],"curies":[{"name":"wp","href":"https:\/\/api.w.org\/{rel}","templated":true}]}}