{"id":39555,"date":"2025-05-20T20:35:26","date_gmt":"2025-05-20T18:35:26","guid":{"rendered":"https:\/\/shop.growdesign.dk\/item\/terrapon-6-liter\/"},"modified":"2026-04-08T15:14:02","modified_gmt":"2026-04-08T13:14:02","slug":"terrapon-6-liter","status":"publish","type":"product","link":"https:\/\/shop.growdesign.dk\/da\/item\/terrapon-6-liter\/","title":{"rendered":"TERRAPON 6 Liter"},"content":{"rendered":"<p>Velegnet til alle udend\u00f8rs- og krukkeplanter<\/p>\n<p>Til en overd\u00e5dig blomstring<\/p>\n<p>For-g\u00f8det i 6-8 m\u00e5neder<\/p>\n<p>100 % t\u00f8rvefri for at beskytte naturen<\/p>\n<p>Organisk-mineralsk plantesubstrat til krukker<\/p>\n<p>Volumenstabil \u2550 substratet komprimerer ikke<\/p>\n<p>H\u00f8jt mineralindhold sikrer optimal rodluftning<\/p>\n<p>L\u00f8s struktur forhindrer vandm\u00e6tning<\/p>\n<p>Oplagrer n\u00e6ringsstoffer og frigiver dem efter behov<\/p>\n<p>Naturlige r\u00e5materialer<\/p>\n<p>Professionel kvalitet<\/p>\n<p>Fremstillet i Tyskland<\/p>\n","protected":false},"excerpt":{"rendered":"<p>Velegnet til alle udend\u00f8rs- og krukkeplanter Til en overd\u00e5dig blomstring For-g\u00f8det i 6-8 m\u00e5neder 100 % t\u00f8rvefri for at beskytte naturen Organisk-mineralsk plantesubstrat til krukker Volumenstabil \u2550 substratet komprimerer ikke H\u00f8jt mineralindhold sikrer optimal rodluftning L\u00f8s struktur forhindrer vandm\u00e6tning Oplagrer n\u00e6ringsstoffer og frigiver dem efter behov Naturlige r\u00e5materialer Professionel kvalitet Fremstillet i Tyskland<\/p>\n","protected":false},"featured_media":504394,"template":"","meta":{"_acf_changed":false},"product_brand":[2569],"product_cat":[808],"product_tag":[],"class_list":{"0":"post-39555","1":"product","2":"type-product","3":"status-publish","4":"has-post-thumbnail","6":"product_brand-lechuza","7":"product_cat-plantemedie","8":"pa_farve-natural","9":"pa_materiale-pon","10":"pa_placering-indendoers","11":"pa_placering-udendoers","13":"first","14":"onbackorder","15":"taxable","16":"shipping-taxable","17":"product-type-simple"},"acf":{"medarbejder":[34312],"shipping_info":"","delivery_info":"11","backorder_qty":"","backorder_date":null},"_links":{"self":[{"href":"https:\/\/shop.growdesign.dk\/da\/wp-json\/wp\/v2\/product\/39555","targetHints":{"allow":["GET"]}}],"collection":[{"href":"https:\/\/shop.growdesign.dk\/da\/wp-json\/wp\/v2\/product"}],"about":[{"href":"https:\/\/shop.growdesign.dk\/da\/wp-json\/wp\/v2\/types\/product"}],"version-history":[{"count":2,"href":"https:\/\/shop.growdesign.dk\/da\/wp-json\/wp\/v2\/product\/39555\/revisions"}],"predecessor-version":[{"id":504414,"href":"https:\/\/shop.growdesign.dk\/da\/wp-json\/wp\/v2\/product\/39555\/revisions\/504414"}],"acf:post":[{"embeddable":true,"href":"https:\/\/shop.growdesign.dk\/da\/wp-json\/wp\/v2\/medarbejder\/34312"}],"wp:featuredmedia":[{"embeddable":true,"href":"https:\/\/shop.growdesign.dk\/da\/wp-json\/wp\/v2\/media\/504394"}],"wp:attachment":[{"href":"https:\/\/shop.growdesign.dk\/da\/wp-json\/wp\/v2\/media?parent=39555"}],"wp:term":[{"taxonomy":"product_brand","embeddable":true,"href":"https:\/\/shop.growdesign.dk\/da\/wp-json\/wp\/v2\/product_brand?post=39555"},{"taxonomy":"product_cat","embeddable":true,"href":"https:\/\/shop.growdesign.dk\/da\/wp-json\/wp\/v2\/product_cat?post=39555"},{"taxonomy":"product_tag","embeddable":true,"href":"https:\/\/shop.growdesign.dk\/da\/wp-json\/wp\/v2\/product_tag?post=39555"}],"curies":[{"name":"wp","href":"https:\/\/api.w.org\/{rel}","templated":true}]}}