{"id":39557,"date":"2025-05-20T20:35:28","date_gmt":"2025-05-20T18:35:28","guid":{"rendered":"https:\/\/shop.growdesign.dk\/item\/orchidpon-3-liter\/"},"modified":"2026-04-08T15:13:59","modified_gmt":"2026-04-08T13:13:59","slug":"orchidpon-3-liter","status":"publish","type":"product","link":"https:\/\/shop.growdesign.dk\/da\/item\/orchidpon-3-liter\/","title":{"rendered":"ORCHIDPON 3 Liter"},"content":{"rendered":"<p>Velegnet til alle typer orkid\u00e9er<br \/>\nTil smukke og frodige orkid\u00e9er<br \/>\nFremmer rodv\u00e6kst<br \/>\nFor-g\u00f8det i 6-8 m\u00e5neder<br \/>\n100 % t\u00f8rvefri for at beskytte naturen<br \/>\nOrganisk-mineralsk plantesubstrat<br \/>\nOptimal rodluftning og h\u00f8j dr\u00e6ningsevne<br \/>\nL\u00f8s struktur forhindrer vandm\u00e6tning<br \/>\nOptimal n\u00e6ringsforsyning stimulerer blomsterdannelse<br \/>\nOptimal n\u00e6ringsforsyning fremmer blomstring<br \/>\nHumusstoffer s\u00e6nker pH-v\u00e6rdien<br \/>\nNaturlige r\u00e5materialer<br \/>\nProfessionel kvalitet<br \/>\nFremstillet i Tysklandi Tyskland<\/p>\n","protected":false},"excerpt":{"rendered":"<p>Velegnet til alle typer orkid\u00e9er Til smukke og frodige orkid\u00e9er Fremmer rodv\u00e6kst For-g\u00f8det i 6-8 m\u00e5neder 100 % t\u00f8rvefri for at beskytte naturen Organisk-mineralsk plantesubstrat Optimal rodluftning og h\u00f8j dr\u00e6ningsevne L\u00f8s struktur forhindrer vandm\u00e6tning Optimal n\u00e6ringsforsyning stimulerer blomsterdannelse Optimal n\u00e6ringsforsyning fremmer blomstring Humusstoffer s\u00e6nker pH-v\u00e6rdien Naturlige r\u00e5materialer Professionel kvalitet Fremstillet i Tysklandi Tyskland<\/p>\n","protected":false},"featured_media":504373,"template":"","meta":{"_acf_changed":false},"product_brand":[2569],"product_cat":[808],"product_tag":[],"class_list":{"0":"post-39557","1":"product","2":"type-product","3":"status-publish","4":"has-post-thumbnail","6":"product_brand-lechuza","7":"product_cat-plantemedie","8":"pa_farve-natural","9":"pa_materiale-pon","10":"pa_placering-indendoers","11":"pa_placering-udendoers","13":"first","14":"instock","15":"taxable","16":"shipping-taxable","17":"product-type-simple"},"acf":{"medarbejder":[34312],"shipping_info":"","delivery_info":"10","backorder_qty":"","backorder_date":null},"_links":{"self":[{"href":"https:\/\/shop.growdesign.dk\/da\/wp-json\/wp\/v2\/product\/39557","targetHints":{"allow":["GET"]}}],"collection":[{"href":"https:\/\/shop.growdesign.dk\/da\/wp-json\/wp\/v2\/product"}],"about":[{"href":"https:\/\/shop.growdesign.dk\/da\/wp-json\/wp\/v2\/types\/product"}],"version-history":[{"count":2,"href":"https:\/\/shop.growdesign.dk\/da\/wp-json\/wp\/v2\/product\/39557\/revisions"}],"predecessor-version":[{"id":504380,"href":"https:\/\/shop.growdesign.dk\/da\/wp-json\/wp\/v2\/product\/39557\/revisions\/504380"}],"acf:post":[{"embeddable":true,"href":"https:\/\/shop.growdesign.dk\/da\/wp-json\/wp\/v2\/medarbejder\/34312"}],"wp:featuredmedia":[{"embeddable":true,"href":"https:\/\/shop.growdesign.dk\/da\/wp-json\/wp\/v2\/media\/504373"}],"wp:attachment":[{"href":"https:\/\/shop.growdesign.dk\/da\/wp-json\/wp\/v2\/media?parent=39557"}],"wp:term":[{"taxonomy":"product_brand","embeddable":true,"href":"https:\/\/shop.growdesign.dk\/da\/wp-json\/wp\/v2\/product_brand?post=39557"},{"taxonomy":"product_cat","embeddable":true,"href":"https:\/\/shop.growdesign.dk\/da\/wp-json\/wp\/v2\/product_cat?post=39557"},{"taxonomy":"product_tag","embeddable":true,"href":"https:\/\/shop.growdesign.dk\/da\/wp-json\/wp\/v2\/product_tag?post=39557"}],"curies":[{"name":"wp","href":"https:\/\/api.w.org\/{rel}","templated":true}]}}