{"id":39559,"date":"2025-05-20T20:35:29","date_gmt":"2025-05-20T18:35:29","guid":{"rendered":"https:\/\/shop.growdesign.dk\/item\/veggie-pon-6-liter\/"},"modified":"2026-04-08T15:13:59","modified_gmt":"2026-04-08T13:13:59","slug":"veggie-pon-6-liter","status":"publish","type":"product","link":"https:\/\/shop.growdesign.dk\/da\/item\/veggie-pon-6-liter\/","title":{"rendered":"VEGGIE-PON 6 Liter"},"content":{"rendered":"<p>Velegnet til dyrkning af gr\u00f8ntsager og krydderurter<\/p>\n<p>Til en rig h\u00f8st og saftige gr\u00f8ntsager<\/p>\n<p>100 % vegansk, uden ingredienser af animalsk oprindelse<\/p>\n<p>For-g\u00f8det i 6-8 m\u00e5neder<\/p>\n<p>100 % t\u00f8rvefri for at beskytte naturen<\/p>\n<p>Organisk-mineralsk substrat<\/p>\n<p>Volumenstabil \u2550 substratet komprimerer ikke<\/p>\n<p>Optimal rodluftning<\/p>\n<p>L\u00f8s struktur forhindrer vandm\u00e6tning<\/p>\n<p>Biokul forbedrer jordens frugtbarhed<\/p>\n<p>Naturlige r\u00e5materialer<\/p>\n<p>Professionel kvalitet<\/p>\n<p>Fremstillet i Tyskland<\/p>\n","protected":false},"excerpt":{"rendered":"<p>Velegnet til dyrkning af gr\u00f8ntsager og krydderurter Til en rig h\u00f8st og saftige gr\u00f8ntsager 100 % vegansk, uden ingredienser af animalsk oprindelse For-g\u00f8det i 6-8 m\u00e5neder 100 % t\u00f8rvefri for at beskytte naturen Organisk-mineralsk substrat Volumenstabil \u2550 substratet komprimerer ikke Optimal rodluftning L\u00f8s struktur forhindrer vandm\u00e6tning Biokul forbedrer jordens frugtbarhed Naturlige r\u00e5materialer Professionel kvalitet Fremstillet [&hellip;]<\/p>\n","protected":false},"featured_media":504396,"template":"","meta":{"_acf_changed":false},"product_brand":[2569],"product_cat":[808],"product_tag":[],"class_list":{"0":"post-39559","1":"product","2":"type-product","3":"status-publish","4":"has-post-thumbnail","6":"product_brand-lechuza","7":"product_cat-plantemedie","8":"pa_farve-natural","9":"pa_materiale-pon","10":"pa_placering-indendoers","11":"pa_placering-udendoers","13":"first","14":"instock","15":"taxable","16":"shipping-taxable","17":"product-type-simple"},"acf":{"medarbejder":[34312],"shipping_info":"","delivery_info":"10","backorder_qty":"","backorder_date":null},"_links":{"self":[{"href":"https:\/\/shop.growdesign.dk\/da\/wp-json\/wp\/v2\/product\/39559","targetHints":{"allow":["GET"]}}],"collection":[{"href":"https:\/\/shop.growdesign.dk\/da\/wp-json\/wp\/v2\/product"}],"about":[{"href":"https:\/\/shop.growdesign.dk\/da\/wp-json\/wp\/v2\/types\/product"}],"version-history":[{"count":2,"href":"https:\/\/shop.growdesign.dk\/da\/wp-json\/wp\/v2\/product\/39559\/revisions"}],"predecessor-version":[{"id":504408,"href":"https:\/\/shop.growdesign.dk\/da\/wp-json\/wp\/v2\/product\/39559\/revisions\/504408"}],"acf:post":[{"embeddable":true,"href":"https:\/\/shop.growdesign.dk\/da\/wp-json\/wp\/v2\/medarbejder\/34312"}],"wp:featuredmedia":[{"embeddable":true,"href":"https:\/\/shop.growdesign.dk\/da\/wp-json\/wp\/v2\/media\/504396"}],"wp:attachment":[{"href":"https:\/\/shop.growdesign.dk\/da\/wp-json\/wp\/v2\/media?parent=39559"}],"wp:term":[{"taxonomy":"product_brand","embeddable":true,"href":"https:\/\/shop.growdesign.dk\/da\/wp-json\/wp\/v2\/product_brand?post=39559"},{"taxonomy":"product_cat","embeddable":true,"href":"https:\/\/shop.growdesign.dk\/da\/wp-json\/wp\/v2\/product_cat?post=39559"},{"taxonomy":"product_tag","embeddable":true,"href":"https:\/\/shop.growdesign.dk\/da\/wp-json\/wp\/v2\/product_tag?post=39559"}],"curies":[{"name":"wp","href":"https:\/\/api.w.org\/{rel}","templated":true}]}}