{"id":39911,"date":"2025-05-20T20:40:00","date_gmt":"2025-05-20T18:40:00","guid":{"rendered":"https:\/\/shop.growdesign.dk\/item\/michigan-cement-2\/"},"modified":"2026-04-04T06:12:24","modified_gmt":"2026-04-04T04:12:24","slug":"michigan-cement-2","status":"publish","type":"product","link":"https:\/\/shop.growdesign.dk\/da\/item\/michigan-cement-2\/","title":{"rendered":"Michigan Cement"},"content":{"rendered":"<p>Fiberstone Square Pots<br \/>\nWhen used Outdoor recormended hole in Bottom and well drained with Leca nuts and feets to rise it  a bit from the surface &#8211;  When used Indoor recormended Plastic Insert.<br \/>\nFiberstone 4K Krukker<br \/>\nVed udebrug anbefales hul i bunden og dr\u00e6n med Leca, h\u00e6v krukken fra underlag med f\u00f8dder  &#8211; Ved indebrug anbefales Plastindsats. <\/p>\n","protected":false},"excerpt":{"rendered":"<p>Fiberstone Square Pots When used Outdoor recormended hole in Bottom and well drained with Leca nuts and feets to rise it a bit from the surface &#8211; When used Indoor recormended Plastic Insert. Fiberstone 4K Krukker Ved udebrug anbefales hul i bunden og dr\u00e6n med Leca, h\u00e6v krukken fra underlag med f\u00f8dder &#8211; Ved indebrug [&hellip;]<\/p>\n","protected":false},"featured_media":429913,"template":"","meta":{"_acf_changed":false},"product_brand":[],"product_cat":[1094],"product_tag":[],"class_list":{"0":"post-39911","1":"product","2":"type-product","3":"status-publish","4":"has-post-thumbnail","6":"product_cat-alle-krukker","7":"pa_farve-graa","8":"pa_form-rektangel","9":"pa_materiale-fiberstone","10":"pa_overflade-mat","11":"pa_placering-indendoers","13":"first","14":"instock","15":"taxable","16":"shipping-taxable","17":"product-type-simple"},"acf":{"medarbejder":[11163],"shipping_info":"","delivery_info":"11","backorder_qty":"","backorder_date":null},"_links":{"self":[{"href":"https:\/\/shop.growdesign.dk\/da\/wp-json\/wp\/v2\/product\/39911","targetHints":{"allow":["GET"]}}],"collection":[{"href":"https:\/\/shop.growdesign.dk\/da\/wp-json\/wp\/v2\/product"}],"about":[{"href":"https:\/\/shop.growdesign.dk\/da\/wp-json\/wp\/v2\/types\/product"}],"version-history":[{"count":1,"href":"https:\/\/shop.growdesign.dk\/da\/wp-json\/wp\/v2\/product\/39911\/revisions"}],"predecessor-version":[{"id":47727,"href":"https:\/\/shop.growdesign.dk\/da\/wp-json\/wp\/v2\/product\/39911\/revisions\/47727"}],"acf:post":[{"embeddable":true,"href":"https:\/\/shop.growdesign.dk\/da\/wp-json\/wp\/v2\/medarbejder\/11163"}],"wp:featuredmedia":[{"embeddable":true,"href":"https:\/\/shop.growdesign.dk\/da\/wp-json\/wp\/v2\/media\/429913"}],"wp:attachment":[{"href":"https:\/\/shop.growdesign.dk\/da\/wp-json\/wp\/v2\/media?parent=39911"}],"wp:term":[{"taxonomy":"product_brand","embeddable":true,"href":"https:\/\/shop.growdesign.dk\/da\/wp-json\/wp\/v2\/product_brand?post=39911"},{"taxonomy":"product_cat","embeddable":true,"href":"https:\/\/shop.growdesign.dk\/da\/wp-json\/wp\/v2\/product_cat?post=39911"},{"taxonomy":"product_tag","embeddable":true,"href":"https:\/\/shop.growdesign.dk\/da\/wp-json\/wp\/v2\/product_tag?post=39911"}],"curies":[{"name":"wp","href":"https:\/\/api.w.org\/{rel}","templated":true}]}}