{"id":39947,"date":"2025-05-20T20:40:21","date_gmt":"2025-05-20T18:40:21","guid":{"rendered":"https:\/\/shop.growdesign.dk\/item\/nelson-fiberstone-planter-graa-mat-2\/"},"modified":"2026-04-01T15:03:39","modified_gmt":"2026-04-01T13:03:39","slug":"nelson-fiberstone-planter-graa-mat-2","status":"publish","type":"product","link":"https:\/\/shop.growdesign.dk\/da\/item\/nelson-fiberstone-planter-graa-mat-2\/","title":{"rendered":"Nelson Fiberstone Planter Gr\u00e5 Mat"},"content":{"rendered":"<p>Fiberstone Round Pots \/ Fiberstone runde Krukker<br \/>\nWhen used Outdoor recormended hole in Bottom and well drained with Leca nuts and feets to rise it a bit from the surface &#8211; When used Indoor recormended Plastic Insert<br \/>\nVed udebrug anbefales hul i bunden og dr\u00e6n med Leca, h\u00e6v krukken fra underlag med f\u00f8dder &#8211; Ved indebrug anbefales Plastindsatsrlag med f\u00f8dder &#8211; Ved indebrug anbefales Plastindsats<\/p>\n","protected":false},"excerpt":{"rendered":"<p>Fiberstone Round Pots \/ Fiberstone runde Krukker When used Outdoor recormended hole in Bottom and well drained with Leca nuts and feets to rise it a bit from the surface &#8211; When used Indoor recormended Plastic Insert Ved udebrug anbefales hul i bunden og dr\u00e6n med Leca, h\u00e6v krukken fra underlag med f\u00f8dder &#8211; Ved [&hellip;]<\/p>\n","protected":false},"featured_media":475234,"template":"","meta":{"_acf_changed":false},"product_brand":[],"product_cat":[1094],"product_tag":[],"class_list":{"0":"post-39947","1":"product","2":"type-product","3":"status-publish","4":"has-post-thumbnail","6":"product_cat-alle-krukker","7":"pa_farve-graa","8":"pa_form-konisk","9":"pa_materiale-fiberstone","10":"pa_overflade-mat","11":"pa_placering-indendoers","13":"first","14":"instock","15":"taxable","16":"shipping-taxable","17":"product-type-simple"},"acf":{"medarbejder":[11163],"shipping_info":"","delivery_info":"10","backorder_qty":"","backorder_date":null},"_links":{"self":[{"href":"https:\/\/shop.growdesign.dk\/da\/wp-json\/wp\/v2\/product\/39947","targetHints":{"allow":["GET"]}}],"collection":[{"href":"https:\/\/shop.growdesign.dk\/da\/wp-json\/wp\/v2\/product"}],"about":[{"href":"https:\/\/shop.growdesign.dk\/da\/wp-json\/wp\/v2\/types\/product"}],"version-history":[{"count":1,"href":"https:\/\/shop.growdesign.dk\/da\/wp-json\/wp\/v2\/product\/39947\/revisions"}],"predecessor-version":[{"id":47763,"href":"https:\/\/shop.growdesign.dk\/da\/wp-json\/wp\/v2\/product\/39947\/revisions\/47763"}],"acf:post":[{"embeddable":true,"href":"https:\/\/shop.growdesign.dk\/da\/wp-json\/wp\/v2\/medarbejder\/11163"}],"wp:featuredmedia":[{"embeddable":true,"href":"https:\/\/shop.growdesign.dk\/da\/wp-json\/wp\/v2\/media\/475234"}],"wp:attachment":[{"href":"https:\/\/shop.growdesign.dk\/da\/wp-json\/wp\/v2\/media?parent=39947"}],"wp:term":[{"taxonomy":"product_brand","embeddable":true,"href":"https:\/\/shop.growdesign.dk\/da\/wp-json\/wp\/v2\/product_brand?post=39947"},{"taxonomy":"product_cat","embeddable":true,"href":"https:\/\/shop.growdesign.dk\/da\/wp-json\/wp\/v2\/product_cat?post=39947"},{"taxonomy":"product_tag","embeddable":true,"href":"https:\/\/shop.growdesign.dk\/da\/wp-json\/wp\/v2\/product_tag?post=39947"}],"curies":[{"name":"wp","href":"https:\/\/api.w.org\/{rel}","templated":true}]}}