{"id":39975,"date":"2025-05-20T20:40:39","date_gmt":"2025-05-20T18:40:39","guid":{"rendered":"https:\/\/shop.growdesign.dk\/item\/basket-bowl-rattan-s-3\/"},"modified":"2026-04-10T10:38:55","modified_gmt":"2026-04-10T08:38:55","slug":"basket-bowl-rattan-s-3","status":"publish","type":"product","link":"https:\/\/shop.growdesign.dk\/da\/item\/basket-bowl-rattan-s-3\/","title":{"rendered":"Bowl Rattan Basket Set 3"},"content":{"rendered":"<p>Rattan Bowl Basket inkl Plastic lining set\/3 &#8211; Size \u00d858H43 &#8211; \u00d838H33 -\u00d826H24 cm<br \/>\nRattan Bowl Basket inkl Plastik indsats s\u00e6t\/3 &#8211; str.<br \/>\nD58H43 | D38H33 | D26H24 cm<br \/>\nkl Plastik indsats s\u00e6t\/3 &#8211; str. \u00d858H43 &#8211; \u00d838H33 -\u00d826H24 cm <\/p>\n","protected":false},"excerpt":{"rendered":"<p>Rattan Bowl Basket inkl Plastic lining set\/3 &#8211; Size \u00d858H43 &#8211; \u00d838H33 -\u00d826H24 cm Rattan Bowl Basket inkl Plastik indsats s\u00e6t\/3 &#8211; str. D58H43 | D38H33 | D26H24 cm kl Plastik indsats s\u00e6t\/3 &#8211; str. \u00d858H43 &#8211; \u00d838H33 -\u00d826H24 cm<\/p>\n","protected":false},"featured_media":474330,"template":"","meta":{"_acf_changed":false},"product_brand":[],"product_cat":[1094,1107,1096],"product_tag":[],"class_list":{"0":"post-39975","1":"product","2":"type-product","3":"status-publish","4":"has-post-thumbnail","6":"product_cat-alle-krukker","7":"product_cat-kampagner","8":"product_cat-kurve","9":"pa_farve-rattan","10":"pa_form-rund","11":"pa_materiale-rattan","12":"pa_placering-indendoers","13":"pa_placering-udendoers","14":"pa_struktur-flet","16":"first","17":"instock","18":"sale","19":"taxable","20":"shipping-taxable","21":"product-type-simple"},"acf":{"medarbejder":[11163],"shipping_info":"","delivery_info":"10","backorder_qty":"","backorder_date":null},"_links":{"self":[{"href":"https:\/\/shop.growdesign.dk\/da\/wp-json\/wp\/v2\/product\/39975","targetHints":{"allow":["GET"]}}],"collection":[{"href":"https:\/\/shop.growdesign.dk\/da\/wp-json\/wp\/v2\/product"}],"about":[{"href":"https:\/\/shop.growdesign.dk\/da\/wp-json\/wp\/v2\/types\/product"}],"version-history":[{"count":2,"href":"https:\/\/shop.growdesign.dk\/da\/wp-json\/wp\/v2\/product\/39975\/revisions"}],"predecessor-version":[{"id":481662,"href":"https:\/\/shop.growdesign.dk\/da\/wp-json\/wp\/v2\/product\/39975\/revisions\/481662"}],"acf:post":[{"embeddable":true,"href":"https:\/\/shop.growdesign.dk\/da\/wp-json\/wp\/v2\/medarbejder\/11163"}],"wp:featuredmedia":[{"embeddable":true,"href":"https:\/\/shop.growdesign.dk\/da\/wp-json\/wp\/v2\/media\/474330"}],"wp:attachment":[{"href":"https:\/\/shop.growdesign.dk\/da\/wp-json\/wp\/v2\/media?parent=39975"}],"wp:term":[{"taxonomy":"product_brand","embeddable":true,"href":"https:\/\/shop.growdesign.dk\/da\/wp-json\/wp\/v2\/product_brand?post=39975"},{"taxonomy":"product_cat","embeddable":true,"href":"https:\/\/shop.growdesign.dk\/da\/wp-json\/wp\/v2\/product_cat?post=39975"},{"taxonomy":"product_tag","embeddable":true,"href":"https:\/\/shop.growdesign.dk\/da\/wp-json\/wp\/v2\/product_tag?post=39975"}],"curies":[{"name":"wp","href":"https:\/\/api.w.org\/{rel}","templated":true}]}}