{"id":39988,"date":"2025-05-20T20:40:53","date_gmt":"2025-05-20T18:40:53","guid":{"rendered":"https:\/\/shop.growdesign.dk\/item\/basket-bowl-rattan-incl-plastic-lining-set-2\/"},"modified":"2026-02-26T16:16:17","modified_gmt":"2026-02-26T15:16:17","slug":"basket-bowl-rattan-incl-plastic-lining-set-2","status":"publish","type":"product","link":"https:\/\/shop.growdesign.dk\/da\/item\/basket-bowl-rattan-incl-plastic-lining-set-2\/","title":{"rendered":"Bowl Basket Rattan incl. plastic lining Set 2"},"content":{"rendered":"<p>Bowl i kraftig rattan s\u00e6t af to \/ Bowl basket set of 2<br \/>\nSize \u00d860 H24cm \u00d840 H22cm<br \/>\nStr \u00d860 H24cm \u00d840 H22<br \/>\ncm \u00d840 H22<\/p>\n","protected":false},"excerpt":{"rendered":"<p>Bowl i kraftig rattan s\u00e6t af to \/ Bowl basket set of 2 Size \u00d860 H24cm \u00d840 H22cm Str \u00d860 H24cm \u00d840 H22 cm \u00d840 H22<\/p>\n","protected":false},"featured_media":474331,"template":"","meta":{"_acf_changed":false},"product_brand":[],"product_cat":[1094,1107,1096],"product_tag":[],"class_list":{"0":"post-39988","1":"product","2":"type-product","3":"status-publish","4":"has-post-thumbnail","6":"product_cat-alle-krukker","7":"product_cat-kampagner","8":"product_cat-kurve","9":"pa_farve-rattan","10":"pa_form-bowle","11":"pa_materiale-rattan","12":"pa_placering-indendoers","13":"pa_placering-udendoers","14":"pa_struktur-flet","16":"first","17":"outofstock","18":"sale","19":"taxable","20":"shipping-taxable","21":"product-type-simple"},"acf":{"medarbejder":[11163],"shipping_info":"","delivery_info":"1","backorder_qty":"","backorder_date":null},"_links":{"self":[{"href":"https:\/\/shop.growdesign.dk\/da\/wp-json\/wp\/v2\/product\/39988","targetHints":{"allow":["GET"]}}],"collection":[{"href":"https:\/\/shop.growdesign.dk\/da\/wp-json\/wp\/v2\/product"}],"about":[{"href":"https:\/\/shop.growdesign.dk\/da\/wp-json\/wp\/v2\/types\/product"}],"version-history":[{"count":2,"href":"https:\/\/shop.growdesign.dk\/da\/wp-json\/wp\/v2\/product\/39988\/revisions"}],"predecessor-version":[{"id":481673,"href":"https:\/\/shop.growdesign.dk\/da\/wp-json\/wp\/v2\/product\/39988\/revisions\/481673"}],"acf:post":[{"embeddable":true,"href":"https:\/\/shop.growdesign.dk\/da\/wp-json\/wp\/v2\/medarbejder\/11163"}],"wp:featuredmedia":[{"embeddable":true,"href":"https:\/\/shop.growdesign.dk\/da\/wp-json\/wp\/v2\/media\/474331"}],"wp:attachment":[{"href":"https:\/\/shop.growdesign.dk\/da\/wp-json\/wp\/v2\/media?parent=39988"}],"wp:term":[{"taxonomy":"product_brand","embeddable":true,"href":"https:\/\/shop.growdesign.dk\/da\/wp-json\/wp\/v2\/product_brand?post=39988"},{"taxonomy":"product_cat","embeddable":true,"href":"https:\/\/shop.growdesign.dk\/da\/wp-json\/wp\/v2\/product_cat?post=39988"},{"taxonomy":"product_tag","embeddable":true,"href":"https:\/\/shop.growdesign.dk\/da\/wp-json\/wp\/v2\/product_tag?post=39988"}],"curies":[{"name":"wp","href":"https:\/\/api.w.org\/{rel}","templated":true}]}}