{"id":40002,"date":"2025-05-20T20:41:01","date_gmt":"2025-05-20T18:41:01","guid":{"rendered":"https:\/\/shop.growdesign.dk\/item\/wallhanger-copenhagen-sand-new\/"},"modified":"2026-04-01T15:03:42","modified_gmt":"2026-04-01T13:03:42","slug":"wallhanger-copenhagen-sand-new","status":"publish","type":"product","link":"https:\/\/shop.growdesign.dk\/da\/item\/wallhanger-copenhagen-sand-new\/","title":{"rendered":"Wallhanger Copenhagen Sand NEW"},"content":{"rendered":"<p>Wallhanger Copenhagen er lavet af Kartoffelskr\u00e6ller og andre planterester<br \/>\nIngen plastik. BIO-Material. 94% planter s\u00e5 kun 6% CO2 udledning.<br \/>\nProduceret i Danmark &#8211; Fabrik bruger gr\u00f8n energi fra Vindm\u00f8ller og solceller.<br \/>\nWallhanger Copenhagen products are made from Potato peels and other plant residues. No use of Plastic, only innovative plant-based material. BIO-material. 94% plants which means only emit about 6% CO2<br \/>\nProduced in Denmark &#8211; factory primarily use wind energy and solar power.<\/p>\n","protected":false},"excerpt":{"rendered":"<p>Wallhanger Copenhagen er lavet af Kartoffelskr\u00e6ller og andre planterester Ingen plastik. BIO-Material. 94% planter s\u00e5 kun 6% CO2 udledning. Produceret i Danmark &#8211; Fabrik bruger gr\u00f8n energi fra Vindm\u00f8ller og solceller. Wallhanger Copenhagen products are made from Potato peels and other plant residues. No use of Plastic, only innovative plant-based material. BIO-material. 94% plants which [&hellip;]<\/p>\n","protected":false},"featured_media":474332,"template":"","meta":{"_acf_changed":false},"product_brand":[],"product_cat":[3056],"product_tag":[],"class_list":{"0":"post-40002","1":"product","2":"type-product","3":"status-publish","4":"has-post-thumbnail","6":"product_cat-ampler-og-wallhangers","7":"pa_farve-sand","8":"pa_form-ampel","9":"pa_materiale-genbrugs-plast","10":"pa_overflade-mat","11":"pa_placering-indendoers","12":"pa_struktur-glat","14":"first","15":"onbackorder","16":"taxable","17":"shipping-taxable","18":"product-type-simple"},"acf":{"medarbejder":[11163],"shipping_info":"","delivery_info":"11","backorder_qty":"","backorder_date":null},"_links":{"self":[{"href":"https:\/\/shop.growdesign.dk\/da\/wp-json\/wp\/v2\/product\/40002","targetHints":{"allow":["GET"]}}],"collection":[{"href":"https:\/\/shop.growdesign.dk\/da\/wp-json\/wp\/v2\/product"}],"about":[{"href":"https:\/\/shop.growdesign.dk\/da\/wp-json\/wp\/v2\/types\/product"}],"version-history":[{"count":1,"href":"https:\/\/shop.growdesign.dk\/da\/wp-json\/wp\/v2\/product\/40002\/revisions"}],"predecessor-version":[{"id":47817,"href":"https:\/\/shop.growdesign.dk\/da\/wp-json\/wp\/v2\/product\/40002\/revisions\/47817"}],"acf:post":[{"embeddable":true,"href":"https:\/\/shop.growdesign.dk\/da\/wp-json\/wp\/v2\/medarbejder\/11163"}],"wp:featuredmedia":[{"embeddable":true,"href":"https:\/\/shop.growdesign.dk\/da\/wp-json\/wp\/v2\/media\/474332"}],"wp:attachment":[{"href":"https:\/\/shop.growdesign.dk\/da\/wp-json\/wp\/v2\/media?parent=40002"}],"wp:term":[{"taxonomy":"product_brand","embeddable":true,"href":"https:\/\/shop.growdesign.dk\/da\/wp-json\/wp\/v2\/product_brand?post=40002"},{"taxonomy":"product_cat","embeddable":true,"href":"https:\/\/shop.growdesign.dk\/da\/wp-json\/wp\/v2\/product_cat?post=40002"},{"taxonomy":"product_tag","embeddable":true,"href":"https:\/\/shop.growdesign.dk\/da\/wp-json\/wp\/v2\/product_tag?post=40002"}],"curies":[{"name":"wp","href":"https:\/\/api.w.org\/{rel}","templated":true}]}}