{"id":40007,"date":"2025-05-20T20:41:05","date_gmt":"2025-05-20T18:41:05","guid":{"rendered":"https:\/\/shop.growdesign.dk\/item\/tallinn-wood-planter-high\/"},"modified":"2026-03-20T11:15:54","modified_gmt":"2026-03-20T10:15:54","slug":"tallinn-wood-planter-high","status":"publish","type":"product","link":"https:\/\/shop.growdesign.dk\/da\/item\/tallinn-wood-planter-high\/","title":{"rendered":"Tallinn wood planter high"},"content":{"rendered":"<p>Wood planter rectangular incl. wheels<br \/>\nNeed 1 x insert \u00d840&#215;45 DVS-80133<br \/>\nTr\u00e6 krukke rektangular inkl. hjul<br \/>\nanvend 1 x indsats \u00d840xH45 DVS-80133<\/p>\n","protected":false},"excerpt":{"rendered":"<p>Wood planter rectangular incl. wheels Need 1 x insert \u00d840&#215;45 DVS-80133 Tr\u00e6 krukke rektangular inkl. hjul anvend 1 x indsats \u00d840xH45 DVS-80133<\/p>\n","protected":false},"featured_media":424278,"template":"","meta":{"_acf_changed":false},"product_brand":[],"product_cat":[1094,1107],"product_tag":[],"class_list":{"0":"post-40007","1":"product","2":"type-product","3":"status-publish","4":"has-post-thumbnail","6":"product_cat-alle-krukker","7":"product_cat-kampagner","8":"pa_farve-trae","9":"pa_form-rektangel","10":"pa_materiale-trae","11":"pa_placering-indendoers","13":"first","14":"outofstock","15":"sale","16":"taxable","17":"shipping-taxable","18":"product-type-simple"},"acf":{"medarbejder":[11163],"shipping_info":"Fri fragt p\u00e5 ordrer over 500,-","delivery_info":"1","backorder_qty":"","backorder_date":null},"_links":{"self":[{"href":"https:\/\/shop.growdesign.dk\/da\/wp-json\/wp\/v2\/product\/40007","targetHints":{"allow":["GET"]}}],"collection":[{"href":"https:\/\/shop.growdesign.dk\/da\/wp-json\/wp\/v2\/product"}],"about":[{"href":"https:\/\/shop.growdesign.dk\/da\/wp-json\/wp\/v2\/types\/product"}],"version-history":[{"count":1,"href":"https:\/\/shop.growdesign.dk\/da\/wp-json\/wp\/v2\/product\/40007\/revisions"}],"predecessor-version":[{"id":47822,"href":"https:\/\/shop.growdesign.dk\/da\/wp-json\/wp\/v2\/product\/40007\/revisions\/47822"}],"acf:post":[{"embeddable":true,"href":"https:\/\/shop.growdesign.dk\/da\/wp-json\/wp\/v2\/medarbejder\/11163"}],"wp:featuredmedia":[{"embeddable":true,"href":"https:\/\/shop.growdesign.dk\/da\/wp-json\/wp\/v2\/media\/424278"}],"wp:attachment":[{"href":"https:\/\/shop.growdesign.dk\/da\/wp-json\/wp\/v2\/media?parent=40007"}],"wp:term":[{"taxonomy":"product_brand","embeddable":true,"href":"https:\/\/shop.growdesign.dk\/da\/wp-json\/wp\/v2\/product_brand?post=40007"},{"taxonomy":"product_cat","embeddable":true,"href":"https:\/\/shop.growdesign.dk\/da\/wp-json\/wp\/v2\/product_cat?post=40007"},{"taxonomy":"product_tag","embeddable":true,"href":"https:\/\/shop.growdesign.dk\/da\/wp-json\/wp\/v2\/product_tag?post=40007"}],"curies":[{"name":"wp","href":"https:\/\/api.w.org\/{rel}","templated":true}]}}